{"id":14685,"date":"2020-07-20T21:50:00","date_gmt":"2020-07-20T19:50:00","guid":{"rendered":"https:\/\/gccb.com\/?page_id=14685"},"modified":"2024-01-05T14:43:55","modified_gmt":"2024-01-05T13:43:55","slug":"cirsa-winner-club","status":"publish","type":"page","link":"https:\/\/gccb.com\/ca\/cirsa-winner-club\/","title":{"rendered":"CIRSA Winner Club"},"content":{"rendered":"<p><img fetchpriority=\"high\" decoding=\"async\" class=\"alignnone size-full wp-image-28568\" src=\"https:\/\/gccb.com\/wp-content\/uploads\/2024\/01\/cat.jpg\" alt=\"model cwc\" width=\"1200\" height=\"600\" srcset=\"https:\/\/gccb.com\/wp-content\/uploads\/2024\/01\/cat.jpg 1200w, https:\/\/gccb.com\/wp-content\/uploads\/2024\/01\/cat-300x150.jpg 300w, https:\/\/gccb.com\/wp-content\/uploads\/2024\/01\/cat-1024x512.jpg 1024w, https:\/\/gccb.com\/wp-content\/uploads\/2024\/01\/cat-768x384.jpg 768w, https:\/\/gccb.com\/wp-content\/uploads\/2024\/01\/cat-600x300.jpg 600w\" sizes=\"(max-width: 1200px) 100vw, 1200px\" \/><\/p>\n<h2>Benvingut al club dels guanyadors!<\/h2>\n<p>Ara, per cada euro que jugues, acumular\u00e0s punts que podr\u00e0s vescamviar per diners per a jugar, productes d&#8217;hosteler\u00eda, entrades pels nostres shows&#8230; i totes aquestes avantages!<br \/>\n<img decoding=\"async\" src=\"https:\/\/gccb.com\/wp-content\/uploads\/2022\/07\/600X742_ventajasGCCB_CAT.jpg\" sizes=\"(max-width: 600px) 100vw, 600px\" srcset=\"https:\/\/gccb.com\/wp-content\/uploads\/2022\/07\/600X742_ventajasGCCB_CAT.jpg 600w, https:\/\/gccb.com\/wp-content\/uploads\/2022\/07\/600X742_ventajasGCCB_CAT-243x300.jpg 243w\" alt=\"\" width=\"600\" height=\"742\" \/><\/p>\n<p><strong>Punts, punts i m\u00e9s punts!<\/strong><\/p>\n<p>Quan t&#8217;uneixes al club, rebr\u00e0s una targeta amb punts per a que juguis gratis. Per\u00f2, a m\u00e9s, rebr\u00e0s putns quan canvies de categoria i quan celebres el teu aniversari.<\/p>\n<p>Els membres rub\u00ed, zafiro i diamante, a m\u00e9s, reben el triple de punts quan participen a una promoci\u00f3.<\/p>\n<p><strong>Descomptes en hosteleria i packs d&#8217;hotel. <\/strong><\/p>\n<p>La eva tarja CWC et garanteix descomptes quan compris productes de la barra o del restaurant,o quan et quedis a dormir en els hotels amb els que tenim acords.<\/p>\n<p><strong>Pla\u00e7a de <em>parking<\/em><\/strong><\/p>\n<p>gratis pels nostres clients rub\u00ed, zafiro i diamante.<\/p>\n<p><strong>Entrades per a espectacles<\/strong><\/p>\n<p>Aconsegueix entrades de franc pels espectacles produits per GCCB.<\/p>\n<p><strong>Events exclusius<\/strong><\/p>\n<p>Nom\u00e9s els membres del club poden participar a tornejos de m\u00e0quines i festes privades.<\/p>\n<p><img decoding=\"async\" src=\"https:\/\/gccb.com\/wp-content\/uploads\/2020\/07\/foto2.jpg\" sizes=\"(max-width: 500px) 100vw, 500px\" srcset=\"https:\/\/gccb.com\/wp-content\/uploads\/2020\/07\/foto2.jpg 500w, https:\/\/gccb.com\/wp-content\/uploads\/2020\/07\/foto2-300x200.jpg 300w, https:\/\/gccb.com\/wp-content\/uploads\/2020\/07\/foto2-66x43.jpg 66w\" alt=\"CIRSA Winner Club\" width=\"500\" height=\"333\" \/><\/p>\n<p>Vols la targeta del club dels guanyadors? Apropa&#8217;t al punt d&#8217;aatenci\u00f3 del Winner Club en la zona de m\u00e0quines o en la recepci\u00f3 i ompli el formulari d&#8217;adhesi\u00f3 <strong>DE FRANC<\/strong>.<\/p>\n<p><img loading=\"lazy\" decoding=\"async\" src=\"https:\/\/gccb.com\/wp-content\/uploads\/2020\/07\/foto3.jpg\" sizes=\"(max-width: 500px) 100vw, 500px\" srcset=\"https:\/\/gccb.com\/wp-content\/uploads\/2020\/07\/foto3.jpg 500w, https:\/\/gccb.com\/wp-content\/uploads\/2020\/07\/foto3-300x200.jpg 300w, https:\/\/gccb.com\/wp-content\/uploads\/2020\/07\/foto3-66x43.jpg 66w\" alt=\"Machines a Sous Lloret CIRSA Winner Club\" width=\"500\" height=\"333\" \/><\/p>\n<p>Si tenns la targeta CIRSA Winner Club i vas a comprar en la nostra botiga online&#8230; <a href=\"https:\/\/www.gccb.com\/#contact\" target=\"_blank\" rel=\"noopener\">contacta amb nosaltres primer! Podries rebre descomptes i beneficis.<\/a><\/p>\n<h3>Dubtes freq\u00fcents<\/h3>\n<p><em>Fa falta estalviar punts per a caviar de categoria?<\/em><\/p>\n<p>No. Tenim en compte els punts obtinguts, no es que el jugador tingui en el compte.<\/p>\n<p><em>Sumen els punts promocionals per a canviar de categoria?<\/em><\/p>\n<p>No. Els punts que s&#8217;obtenen en promocions nom\u00e9s valen per a obtenir cr\u00e8dits de joc i consumicions gratis.Per a pujar de categoria comptem els punts obtinguts mitjan\u00e7ant coin-in<\/p>\n<p><em>Qu\u00e8 \u00e9s el coin in?<\/em><\/p>\n<p>\u00c9s el total de cr\u00e8dits que vost\u00e9 juga a una m\u00e0quina. Per exemple, si vost\u00e9 introdueix 10 euros en una m\u00e0quina, en guanya 10 m\u00e9s i els juga tots, el seu coin in serien 20 euros.<\/p>\n<p><em>En quan de temps cal aconseguir els punts per pujar de categoria?<\/em><\/p>\n<p>Per pujar de categoria, <strong>els darrers 90 dies.\u00a0<\/strong>. Per a baixar de categoria, <strong>un any<\/strong>.<\/p>\n<p><em>Caducitat dels punts<\/em><\/p>\n<p>Els punts inutilitzats caduquen un any despr\u00e9s d&#8217;haver-se generat.<\/p>\n<h2>visita altres casinos amb la teva targeta cwc!<\/h2>\n<p style=\"text-align: center;\">Si ets soci del CIRSA Winner Club i visites un casino CIRSA a l&#8217;estat Espanyol, podr\u00e0s disfrutar de totes aquestes avantatges:<\/p>\n<p style=\"text-align: center;\">Entrada gratuita | Copa de benvinguda | Parking gratis*<\/p>\n<p><img loading=\"lazy\" decoding=\"async\" src=\"https:\/\/gccb.com\/wp-content\/uploads\/2022\/03\/LPA-1.png\" alt=\"LPA\" width=\"175\" height=\"110\" \/><br \/>\n<a role=\"button\" href=\"https:\/\/casinolaspalmas.com\/\" target=\"_blank\" rel=\"noopener\"><br \/>\nVisitar web<br \/>\n<\/a><br \/>\n<img loading=\"lazy\" decoding=\"async\" src=\"https:\/\/gccb.com\/wp-content\/uploads\/2022\/03\/ccv.png\" alt=\"CCV\" width=\"175\" height=\"110\" \/><br \/>\n<a role=\"button\" href=\"https:\/\/casinocirsavalencia.com\" target=\"_blank\" rel=\"noopener\"><br \/>\nVisitar web<br \/>\n<\/a><br \/>\n<img loading=\"lazy\" decoding=\"async\" src=\"https:\/\/gccb.com\/wp-content\/uploads\/2022\/03\/marbella.png\" alt=\"marbella\" width=\"175\" height=\"110\" \/><br \/>\n<a role=\"button\" href=\"https:\/\/casinomarbella.com\" target=\"_blank\" rel=\"noopener\"><br \/>\nVisitar web<br \/>\n<\/a><\/p>\n<p style=\"font-size: 10px;\">(*) Parking sota disponibilitat.<\/p>\n","protected":false},"excerpt":{"rendered":"<p>Benvingut al club dels guanyadors! Ara, per cada euro que&hellip;<\/p>\n<p> <a class=\"more-link\" href=\"https:\/\/gccb.com\/ca\/cirsa-winner-club\/\">Llegir m\u00e9s<\/a><\/p>\n","protected":false},"author":19,"featured_media":16619,"parent":0,"menu_order":68,"comment_status":"closed","ping_status":"closed","template":"","meta":{"_acf_changed":false,"footnotes":""},"class_list":["post-14685","page","type-page","status-publish","has-post-thumbnail"],"acf":[],"yoast_head":"<!-- This site is optimized with the Yoast SEO plugin v27.3 - https:\/\/yoast.com\/product\/yoast-seo-wordpress\/ -->\n<title>CIRSA Winner Club - Gran Casino Costa Brava<\/title>\n<meta name=\"description\" content=\"CIRSA Winner Club \u00e9s el club dels jugadors de casino. Quan jugues, acumules punts que pots bescanviar per cr\u00e8dits, hosteleria i entrades per a events.\" \/>\n<meta name=\"robots\" content=\"index, follow, max-snippet:-1, max-image-preview:large, max-video-preview:-1\" \/>\n<link rel=\"canonical\" href=\"https:\/\/gccb.com\/ca\/cirsa-winner-club\/\" \/>\n<meta property=\"og:locale\" content=\"ca_ES\" \/>\n<meta property=\"og:type\" content=\"article\" \/>\n<meta property=\"og:title\" content=\"CIRSA Winner Club - Gran Casino Costa Brava\" \/>\n<meta property=\"og:description\" content=\"CIRSA Winner Club \u00e9s el club dels jugadors de casino. Quan jugues, acumules punts que pots bescanviar per cr\u00e8dits, hosteleria i entrades per a events.\" \/>\n<meta property=\"og:url\" content=\"https:\/\/gccb.com\/ca\/cirsa-winner-club\/\" \/>\n<meta property=\"og:site_name\" content=\"Gran Casino Costa Brava\" \/>\n<meta property=\"article:modified_time\" content=\"2024-01-05T13:43:55+00:00\" \/>\n<meta property=\"og:image\" content=\"https:\/\/gccb.com\/wp-content\/uploads\/2022\/03\/card-cwc.jpg\" \/>\n\t<meta property=\"og:image:width\" content=\"671\" \/>\n\t<meta property=\"og:image:height\" content=\"578\" \/>\n\t<meta property=\"og:image:type\" content=\"image\/jpeg\" \/>\n<meta name=\"twitter:card\" content=\"summary_large_image\" \/>\n<meta name=\"twitter:label1\" content=\"Temps estimat de lectura\" \/>\n\t<meta name=\"twitter:data1\" content=\"4 minuts\" \/>\n<script type=\"application\/ld+json\" class=\"yoast-schema-graph\">{\"@context\":\"https:\\\/\\\/schema.org\",\"@graph\":[{\"@type\":\"WebPage\",\"@id\":\"https:\\\/\\\/gccb.com\\\/ca\\\/cirsa-winner-club\\\/\",\"url\":\"https:\\\/\\\/gccb.com\\\/ca\\\/cirsa-winner-club\\\/\",\"name\":\"CIRSA Winner Club - Gran Casino Costa Brava\",\"isPartOf\":{\"@id\":\"https:\\\/\\\/gccb.com\\\/#website\"},\"primaryImageOfPage\":{\"@id\":\"https:\\\/\\\/gccb.com\\\/ca\\\/cirsa-winner-club\\\/#primaryimage\"},\"image\":{\"@id\":\"https:\\\/\\\/gccb.com\\\/ca\\\/cirsa-winner-club\\\/#primaryimage\"},\"thumbnailUrl\":\"https:\\\/\\\/gccb.com\\\/wp-content\\\/uploads\\\/2022\\\/03\\\/card-cwc.jpg\",\"datePublished\":\"2020-07-20T19:50:00+00:00\",\"dateModified\":\"2024-01-05T13:43:55+00:00\",\"description\":\"CIRSA Winner Club \u00e9s el club dels jugadors de casino. Quan jugues, acumules punts que pots bescanviar per cr\u00e8dits, hosteleria i entrades per a events.\",\"breadcrumb\":{\"@id\":\"https:\\\/\\\/gccb.com\\\/ca\\\/cirsa-winner-club\\\/#breadcrumb\"},\"inLanguage\":\"ca\",\"potentialAction\":[{\"@type\":\"ReadAction\",\"target\":[\"https:\\\/\\\/gccb.com\\\/ca\\\/cirsa-winner-club\\\/\"]}]},{\"@type\":\"ImageObject\",\"inLanguage\":\"ca\",\"@id\":\"https:\\\/\\\/gccb.com\\\/ca\\\/cirsa-winner-club\\\/#primaryimage\",\"url\":\"https:\\\/\\\/gccb.com\\\/wp-content\\\/uploads\\\/2022\\\/03\\\/card-cwc.jpg\",\"contentUrl\":\"https:\\\/\\\/gccb.com\\\/wp-content\\\/uploads\\\/2022\\\/03\\\/card-cwc.jpg\",\"width\":671,\"height\":578,\"caption\":\"Cirsa Winner Club\"},{\"@type\":\"BreadcrumbList\",\"@id\":\"https:\\\/\\\/gccb.com\\\/ca\\\/cirsa-winner-club\\\/#breadcrumb\",\"itemListElement\":[{\"@type\":\"ListItem\",\"position\":1,\"name\":\"Home\",\"item\":\"https:\\\/\\\/gccb.com\\\/ca\\\/\"},{\"@type\":\"ListItem\",\"position\":2,\"name\":\"CIRSA Winner Club\"}]},{\"@type\":\"WebSite\",\"@id\":\"https:\\\/\\\/gccb.com\\\/#website\",\"url\":\"https:\\\/\\\/gccb.com\\\/\",\"name\":\"Gran Casino Costa Brava\",\"description\":\"Gran Casino Costa Brava\",\"potentialAction\":[{\"@type\":\"SearchAction\",\"target\":{\"@type\":\"EntryPoint\",\"urlTemplate\":\"https:\\\/\\\/gccb.com\\\/?s={search_term_string}\"},\"query-input\":{\"@type\":\"PropertyValueSpecification\",\"valueRequired\":true,\"valueName\":\"search_term_string\"}}],\"inLanguage\":\"ca\"}]}<\/script>\n<!-- \/ Yoast SEO plugin. -->","yoast_head_json":{"title":"CIRSA Winner Club - Gran Casino Costa Brava","description":"CIRSA Winner Club \u00e9s el club dels jugadors de casino. Quan jugues, acumules punts que pots bescanviar per cr\u00e8dits, hosteleria i entrades per a events.","robots":{"index":"index","follow":"follow","max-snippet":"max-snippet:-1","max-image-preview":"max-image-preview:large","max-video-preview":"max-video-preview:-1"},"canonical":"https:\/\/gccb.com\/ca\/cirsa-winner-club\/","og_locale":"ca_ES","og_type":"article","og_title":"CIRSA Winner Club - Gran Casino Costa Brava","og_description":"CIRSA Winner Club \u00e9s el club dels jugadors de casino. Quan jugues, acumules punts que pots bescanviar per cr\u00e8dits, hosteleria i entrades per a events.","og_url":"https:\/\/gccb.com\/ca\/cirsa-winner-club\/","og_site_name":"Gran Casino Costa Brava","article_modified_time":"2024-01-05T13:43:55+00:00","og_image":[{"width":671,"height":578,"url":"https:\/\/gccb.com\/wp-content\/uploads\/2022\/03\/card-cwc.jpg","type":"image\/jpeg"}],"twitter_card":"summary_large_image","twitter_misc":{"Temps estimat de lectura":"4 minuts"},"schema":{"@context":"https:\/\/schema.org","@graph":[{"@type":"WebPage","@id":"https:\/\/gccb.com\/ca\/cirsa-winner-club\/","url":"https:\/\/gccb.com\/ca\/cirsa-winner-club\/","name":"CIRSA Winner Club - Gran Casino Costa Brava","isPartOf":{"@id":"https:\/\/gccb.com\/#website"},"primaryImageOfPage":{"@id":"https:\/\/gccb.com\/ca\/cirsa-winner-club\/#primaryimage"},"image":{"@id":"https:\/\/gccb.com\/ca\/cirsa-winner-club\/#primaryimage"},"thumbnailUrl":"https:\/\/gccb.com\/wp-content\/uploads\/2022\/03\/card-cwc.jpg","datePublished":"2020-07-20T19:50:00+00:00","dateModified":"2024-01-05T13:43:55+00:00","description":"CIRSA Winner Club \u00e9s el club dels jugadors de casino. Quan jugues, acumules punts que pots bescanviar per cr\u00e8dits, hosteleria i entrades per a events.","breadcrumb":{"@id":"https:\/\/gccb.com\/ca\/cirsa-winner-club\/#breadcrumb"},"inLanguage":"ca","potentialAction":[{"@type":"ReadAction","target":["https:\/\/gccb.com\/ca\/cirsa-winner-club\/"]}]},{"@type":"ImageObject","inLanguage":"ca","@id":"https:\/\/gccb.com\/ca\/cirsa-winner-club\/#primaryimage","url":"https:\/\/gccb.com\/wp-content\/uploads\/2022\/03\/card-cwc.jpg","contentUrl":"https:\/\/gccb.com\/wp-content\/uploads\/2022\/03\/card-cwc.jpg","width":671,"height":578,"caption":"Cirsa Winner Club"},{"@type":"BreadcrumbList","@id":"https:\/\/gccb.com\/ca\/cirsa-winner-club\/#breadcrumb","itemListElement":[{"@type":"ListItem","position":1,"name":"Home","item":"https:\/\/gccb.com\/ca\/"},{"@type":"ListItem","position":2,"name":"CIRSA Winner Club"}]},{"@type":"WebSite","@id":"https:\/\/gccb.com\/#website","url":"https:\/\/gccb.com\/","name":"Gran Casino Costa Brava","description":"Gran Casino Costa Brava","potentialAction":[{"@type":"SearchAction","target":{"@type":"EntryPoint","urlTemplate":"https:\/\/gccb.com\/?s={search_term_string}"},"query-input":{"@type":"PropertyValueSpecification","valueRequired":true,"valueName":"search_term_string"}}],"inLanguage":"ca"}]}},"publishpress_future_workflow_manual_trigger":{"enabledWorkflows":[]},"_links":{"self":[{"href":"https:\/\/gccb.com\/ca\/wp-json\/wp\/v2\/pages\/14685","targetHints":{"allow":["GET"]}}],"collection":[{"href":"https:\/\/gccb.com\/ca\/wp-json\/wp\/v2\/pages"}],"about":[{"href":"https:\/\/gccb.com\/ca\/wp-json\/wp\/v2\/types\/page"}],"author":[{"embeddable":true,"href":"https:\/\/gccb.com\/ca\/wp-json\/wp\/v2\/users\/19"}],"replies":[{"embeddable":true,"href":"https:\/\/gccb.com\/ca\/wp-json\/wp\/v2\/comments?post=14685"}],"version-history":[{"count":15,"href":"https:\/\/gccb.com\/ca\/wp-json\/wp\/v2\/pages\/14685\/revisions"}],"predecessor-version":[{"id":28572,"href":"https:\/\/gccb.com\/ca\/wp-json\/wp\/v2\/pages\/14685\/revisions\/28572"}],"wp:featuredmedia":[{"embeddable":true,"href":"https:\/\/gccb.com\/ca\/wp-json\/wp\/v2\/media\/16619"}],"wp:attachment":[{"href":"https:\/\/gccb.com\/ca\/wp-json\/wp\/v2\/media?parent=14685"}],"curies":[{"name":"wp","href":"https:\/\/api.w.org\/{rel}","templated":true}]}}