{"id":14795,"date":"2020-08-18T19:17:44","date_gmt":"2020-08-18T17:17:44","guid":{"rendered":"https:\/\/gccb.com\/play-safe\/"},"modified":"2022-05-04T19:16:17","modified_gmt":"2022-05-04T17:16:17","slug":"juga-segur","status":"publish","type":"page","link":"https:\/\/gccb.com\/ca\/juga-segur\/","title":{"rendered":"Juga segur"},"content":{"rendered":"\t\t<div data-elementor-type=\"wp-page\" data-elementor-id=\"14795\" class=\"elementor elementor-14795 elementor-14525\">\n\t\t\t\t\t\t<section class=\"elementor-section elementor-top-section elementor-element elementor-element-ff3b727 elementor-section-boxed elementor-section-height-default elementor-section-height-default\" data-id=\"ff3b727\" data-element_type=\"section\" data-e-type=\"section\">\n\t\t\t\t\t\t<div class=\"elementor-container elementor-column-gap-default\">\n\t\t\t\t\t<div class=\"elementor-column elementor-col-100 elementor-top-column elementor-element elementor-element-b32dd6a\" data-id=\"b32dd6a\" data-element_type=\"column\" data-e-type=\"column\">\n\t\t\t<div class=\"elementor-widget-wrap elementor-element-populated\">\n\t\t\t\t\t\t<div class=\"elementor-element elementor-element-941ae48 elementor-invisible elementor-widget elementor-widget-heading\" data-id=\"941ae48\" data-element_type=\"widget\" data-e-type=\"widget\" data-settings=\"{&quot;_animation&quot;:&quot;rubberBand&quot;}\" data-widget_type=\"heading.default\">\n\t\t\t\t<div class=\"elementor-widget-container\">\n\t\t\t\t\t<h2 class=\"elementor-heading-title elementor-size-default\">JUGA SEGUR AMB NOSALTRES<\/h2>\t\t\t\t<\/div>\n\t\t\t\t<\/div>\n\t\t\t\t<div class=\"elementor-element elementor-element-d29e50a elementor-widget elementor-widget-text-editor\" data-id=\"d29e50a\" data-element_type=\"widget\" data-e-type=\"widget\" data-widget_type=\"text-editor.default\">\n\t\t\t\t<div class=\"elementor-widget-container\">\n\t\t\t\t\t\t\t\t\t<p>Gran Casino Costa Brava est\u00e0 ficant tots els mitjans possibles per a ser l&#8217;espai de joc m\u00e9s segur que coneguis.<\/p>\t\t\t\t\t\t\t\t<\/div>\n\t\t\t\t<\/div>\n\t\t\t\t\t<\/div>\n\t\t<\/div>\n\t\t\t\t\t<\/div>\n\t\t<\/section>\n\t\t\t\t<section class=\"elementor-section elementor-top-section elementor-element elementor-element-f997f56 elementor-section-boxed elementor-section-height-default elementor-section-height-default\" data-id=\"f997f56\" data-element_type=\"section\" data-e-type=\"section\">\n\t\t\t\t\t\t<div class=\"elementor-container elementor-column-gap-default\">\n\t\t\t\t\t<div class=\"elementor-column elementor-col-50 elementor-top-column elementor-element elementor-element-8ddef98\" data-id=\"8ddef98\" data-element_type=\"column\" data-e-type=\"column\">\n\t\t\t<div class=\"elementor-widget-wrap elementor-element-populated\">\n\t\t\t\t\t\t<div class=\"elementor-element elementor-element-344dfcf elementor-widget elementor-widget-text-editor\" data-id=\"344dfcf\" data-element_type=\"widget\" data-e-type=\"widget\" data-widget_type=\"text-editor.default\">\n\t\t\t\t<div class=\"elementor-widget-container\">\n\t\t\t\t\t\t\t\t\t<p>Mira el v\u00eddeo per a con\u00e8ixer els protocols i mesures que hem activat per a protegirs els nostres clients del COVID-19 abans de la seva visita, mentres juguen i despr\u00e9s.\u00a0<\/p><p>Volem garantir la m\u00e0xima seguretat pels nostres clients i col\u00b7laboradors. Som l&#8217;espai de joc m\u00e9s gran de Girona, el qual garanteix les dist\u00e0ncies entre persones. Per\u00f2, a m\u00e9s, volem ser\u00a0 queremos ser <strong>l&#8217;espai m\u00e9s segur que hagis conegut<\/strong>.<\/p>\t\t\t\t\t\t\t\t<\/div>\n\t\t\t\t<\/div>\n\t\t\t\t\t<\/div>\n\t\t<\/div>\n\t\t\t\t<div class=\"elementor-column elementor-col-50 elementor-top-column elementor-element elementor-element-8703d9e\" data-id=\"8703d9e\" data-element_type=\"column\" data-e-type=\"column\">\n\t\t\t<div class=\"elementor-widget-wrap elementor-element-populated\">\n\t\t\t\t\t\t<div class=\"elementor-element elementor-element-8ea7f30 elementor-widget elementor-widget-video\" data-id=\"8ea7f30\" data-element_type=\"widget\" data-e-type=\"widget\" data-settings=\"{&quot;video_type&quot;:&quot;vimeo&quot;,&quot;autoplay&quot;:&quot;yes&quot;,&quot;play_on_mobile&quot;:&quot;yes&quot;}\" data-widget_type=\"video.default\">\n\t\t\t\t<div class=\"elementor-widget-container\">\n\t\t\t\t\t\t\t<div class=\"elementor-wrapper elementor-open-inline\">\n\t\t\t<iframe class=\"elementor-video-iframe\" allowfullscreen allow=\"autoplay\" title=\"Reproductor de v\u00eddeo vimeo\" src=\"https:\/\/player.vimeo.com\/video\/426571965?autoplay=1&amp;playsinline=1&amp;color&amp;autopause=0&amp;loop=0&amp;muted=0&amp;title=0&amp;portrait=1&amp;byline=0#t=\"><\/iframe>\t\t<\/div>\n\t\t\t\t\t\t<\/div>\n\t\t\t\t<\/div>\n\t\t\t\t\t<\/div>\n\t\t<\/div>\n\t\t\t\t\t<\/div>\n\t\t<\/section>\n\t\t\t\t<section class=\"elementor-section elementor-top-section elementor-element elementor-element-d7ae80d elementor-section-boxed elementor-section-height-default elementor-section-height-default\" data-id=\"d7ae80d\" data-element_type=\"section\" data-e-type=\"section\">\n\t\t\t\t\t\t<div class=\"elementor-container elementor-column-gap-default\">\n\t\t\t\t\t<div class=\"elementor-column elementor-col-50 elementor-top-column elementor-element elementor-element-63ce792\" data-id=\"63ce792\" data-element_type=\"column\" data-e-type=\"column\">\n\t\t\t<div class=\"elementor-widget-wrap elementor-element-populated\">\n\t\t\t\t\t\t<div class=\"elementor-element elementor-element-2a93c7a elementor-widget elementor-widget-text-editor\" data-id=\"2a93c7a\" data-element_type=\"widget\" data-e-type=\"widget\" data-widget_type=\"text-editor.default\">\n\t\t\t\t<div class=\"elementor-widget-container\">\n\t\t\t\t\t\t\t\t\t<p>Hem activat protocols per a<b> evitar que el virus entri en el\u00a0 casino:\u00a0<\/b><\/p><ul><li>\u00a0Desinfectem els espais comuns cada quatre hores.\u00a0<\/li><li>Les cartes del restaurant i la resta de materials en paper s&#8217;han digitalitzat per a evitar la manipulaci\u00f3.\u00a0<\/li><li>Monitoritzem amb c\u00e0mares i mitjan\u00e7ant la organitzaci\u00f3 de torns les persones amb les que han estat en contacte els nostres treballadors per a reaccionar en cas de que hagin estat en contacte amb un infectat.\u00a0<\/li><\/ul>\t\t\t\t\t\t\t\t<\/div>\n\t\t\t\t<\/div>\n\t\t\t\t\t<\/div>\n\t\t<\/div>\n\t\t\t\t<div class=\"elementor-column elementor-col-50 elementor-top-column elementor-element elementor-element-2b89d53\" data-id=\"2b89d53\" data-element_type=\"column\" data-e-type=\"column\">\n\t\t\t<div class=\"elementor-widget-wrap elementor-element-populated\">\n\t\t\t\t\t\t<div class=\"elementor-element elementor-element-d70eff3 elementor-widget elementor-widget-image\" data-id=\"d70eff3\" data-element_type=\"widget\" data-e-type=\"widget\" data-widget_type=\"image.default\">\n\t\t\t\t<div class=\"elementor-widget-container\">\n\t\t\t\t\t\t\t\t\t\t\t\t\t\t\t<img decoding=\"async\" src=\"https:\/\/gccb.com\/wp-content\/uploads\/2020\/06\/stop-coronavirus.png\" title=\"\" alt=\"\" loading=\"lazy\" \/>\t\t\t\t\t\t\t\t\t\t\t\t\t\t\t<\/div>\n\t\t\t\t<\/div>\n\t\t\t\t\t<\/div>\n\t\t<\/div>\n\t\t\t\t\t<\/div>\n\t\t<\/section>\n\t\t\t\t<section class=\"elementor-section elementor-top-section elementor-element elementor-element-a567385 elementor-section-boxed elementor-section-height-default elementor-section-height-default\" data-id=\"a567385\" data-element_type=\"section\" data-e-type=\"section\">\n\t\t\t\t\t\t<div class=\"elementor-container elementor-column-gap-default\">\n\t\t\t\t\t<div class=\"elementor-column elementor-col-50 elementor-top-column elementor-element elementor-element-f9a87a3\" data-id=\"f9a87a3\" data-element_type=\"column\" data-e-type=\"column\">\n\t\t\t<div class=\"elementor-widget-wrap elementor-element-populated\">\n\t\t\t\t\t\t<div class=\"elementor-element elementor-element-59424db elementor-widget elementor-widget-text-editor\" data-id=\"59424db\" data-element_type=\"widget\" data-e-type=\"widget\" data-widget_type=\"text-editor.default\">\n\t\t\t\t<div class=\"elementor-widget-container\">\n\t\t\t\t\t\t\t\t\t<p><strong>Hem intensificat els serveis de neteja<\/strong> per a mantindre els espais comuns desinfectats:<\/p><ul><li>Les m\u00e0quines es desinfecten cada colp que un client acaba la partida i abandona la m\u00e0quina, <strong>i cada colp que un client ho demani<\/strong>.\u00a0<\/li><li>Hem triat uns productes de neteja que garanteixen la <strong>desinfecci\u00f3 total<\/strong>.<\/li><li>Les taules de joc i els materials que les composen es netejen amb llum ultravioleta habitualment.<\/li><li>Trobar\u00e0s dispensadors de gel a tot arreu dins del casino.<\/li><\/ul>\t\t\t\t\t\t\t\t<\/div>\n\t\t\t\t<\/div>\n\t\t\t\t\t<\/div>\n\t\t<\/div>\n\t\t\t\t<div class=\"elementor-column elementor-col-50 elementor-top-column elementor-element elementor-element-ec840d6\" data-id=\"ec840d6\" data-element_type=\"column\" data-e-type=\"column\">\n\t\t\t<div class=\"elementor-widget-wrap elementor-element-populated\">\n\t\t\t\t\t\t<div class=\"elementor-element elementor-element-6a6316f elementor-widget elementor-widget-image\" data-id=\"6a6316f\" data-element_type=\"widget\" data-e-type=\"widget\" data-widget_type=\"image.default\">\n\t\t\t\t<div class=\"elementor-widget-container\">\n\t\t\t\t\t\t\t\t\t\t\t\t\t\t\t<img decoding=\"async\" src=\"https:\/\/gccb.com\/wp-content\/uploads\/2020\/06\/neteja-sala.png\" title=\"\" alt=\"\" loading=\"lazy\" \/>\t\t\t\t\t\t\t\t\t\t\t\t\t\t\t<\/div>\n\t\t\t\t<\/div>\n\t\t\t\t\t<\/div>\n\t\t<\/div>\n\t\t\t\t\t<\/div>\n\t\t<\/section>\n\t\t\t\t<section class=\"elementor-section elementor-top-section elementor-element elementor-element-f99afd4 elementor-section-boxed elementor-section-height-default elementor-section-height-default\" data-id=\"f99afd4\" data-element_type=\"section\" data-e-type=\"section\">\n\t\t\t\t\t\t<div class=\"elementor-container elementor-column-gap-default\">\n\t\t\t\t\t<div class=\"elementor-column elementor-col-50 elementor-top-column elementor-element elementor-element-bbac1e1\" data-id=\"bbac1e1\" data-element_type=\"column\" data-e-type=\"column\">\n\t\t\t<div class=\"elementor-widget-wrap elementor-element-populated\">\n\t\t\t\t\t\t<div class=\"elementor-element elementor-element-1f72dd4 elementor-widget elementor-widget-text-editor\" data-id=\"1f72dd4\" data-element_type=\"widget\" data-e-type=\"widget\" data-widget_type=\"text-editor.default\">\n\t\t\t\t<div class=\"elementor-widget-container\">\n\t\t\t\t\t\t\t\t\t<p>Tot i que l&#8217;espai de joc de GCCB \u00e9s molt gran i dif\u00edcilment hi haur\u00e0 cues, hem activats aquests <strong>protocols<\/strong>:<\/p><ul><li>Totes les m\u00e0quines i les posicions de joc de les taules estan<strong> separades per mampares de vidre<\/strong>.\u00a0<\/li><li>Les \u00e0rees d&#8217;espera tamb\u00e9 estan separades mitjan\u00e7ant vidres, cintes i adhesius que marquen la dist\u00e0ncia normativa.<\/li><li><strong>Hem format el nostre equip<\/strong> en t\u00e8cniques per a evitar i desfer aglomeracions de gent.<\/li><li>I recorda, a GCCB pots jugar utilitzant <strong>tickets enlloc d&#8217;efectiu<\/strong>.<\/li><\/ul>\t\t\t\t\t\t\t\t<\/div>\n\t\t\t\t<\/div>\n\t\t\t\t\t<\/div>\n\t\t<\/div>\n\t\t\t\t<div class=\"elementor-column elementor-col-50 elementor-top-column elementor-element elementor-element-4c874c2\" data-id=\"4c874c2\" data-element_type=\"column\" data-e-type=\"column\">\n\t\t\t<div class=\"elementor-widget-wrap elementor-element-populated\">\n\t\t\t\t\t\t<div class=\"elementor-element elementor-element-6252a06 elementor-widget elementor-widget-image\" data-id=\"6252a06\" data-element_type=\"widget\" data-e-type=\"widget\" data-widget_type=\"image.default\">\n\t\t\t\t<div class=\"elementor-widget-container\">\n\t\t\t\t\t\t\t\t\t\t\t\t\t\t\t<img decoding=\"async\" src=\"https:\/\/gccb.com\/wp-content\/uploads\/2020\/06\/safety.png\" title=\"\" alt=\"\" loading=\"lazy\" \/>\t\t\t\t\t\t\t\t\t\t\t\t\t\t\t<\/div>\n\t\t\t\t<\/div>\n\t\t\t\t\t<\/div>\n\t\t<\/div>\n\t\t\t\t\t<\/div>\n\t\t<\/section>\n\t\t\t\t<section class=\"elementor-section elementor-top-section elementor-element elementor-element-eb2f9b2 elementor-section-boxed elementor-section-height-default elementor-section-height-default\" data-id=\"eb2f9b2\" data-element_type=\"section\" data-e-type=\"section\">\n\t\t\t\t\t\t<div class=\"elementor-container elementor-column-gap-default\">\n\t\t\t\t\t<div class=\"elementor-column elementor-col-50 elementor-top-column elementor-element elementor-element-82c6fe1\" data-id=\"82c6fe1\" data-element_type=\"column\" data-e-type=\"column\">\n\t\t\t<div class=\"elementor-widget-wrap elementor-element-populated\">\n\t\t\t\t\t\t<div class=\"elementor-element elementor-element-02451ae elementor-widget elementor-widget-text-editor\" data-id=\"02451ae\" data-element_type=\"widget\" data-e-type=\"widget\" data-widget_type=\"text-editor.default\">\n\t\t\t\t<div class=\"elementor-widget-container\">\n\t\t\t\t\t\t\t\t\t<p>Hem incrementa la quantitat de premis i promocions a la sala. Descobreix-les!\u00a0<\/p>\t\t\t\t\t\t\t\t<\/div>\n\t\t\t\t<\/div>\n\t\t\t\t\t<\/div>\n\t\t<\/div>\n\t\t\t\t<div class=\"elementor-column elementor-col-50 elementor-top-column elementor-element elementor-element-39faeca\" data-id=\"39faeca\" data-element_type=\"column\" data-e-type=\"column\">\n\t\t\t<div class=\"elementor-widget-wrap elementor-element-populated\">\n\t\t\t\t\t\t<div class=\"elementor-element elementor-element-4a12a7e elementor-widget elementor-widget-image\" data-id=\"4a12a7e\" data-element_type=\"widget\" data-e-type=\"widget\" data-widget_type=\"image.default\">\n\t\t\t\t<div class=\"elementor-widget-container\">\n\t\t\t\t\t\t\t\t\t\t\t\t\t\t\t<img decoding=\"async\" src=\"https:\/\/gccb.com\/wp-content\/uploads\/2020\/06\/win.png\" title=\"\" alt=\"\" loading=\"lazy\" \/>\t\t\t\t\t\t\t\t\t\t\t\t\t\t\t<\/div>\n\t\t\t\t<\/div>\n\t\t\t\t\t<\/div>\n\t\t<\/div>\n\t\t\t\t\t<\/div>\n\t\t<\/section>\n\t\t\t\t<\/div>\n\t\t","protected":false},"excerpt":{"rendered":"<p>JUGA SEGUR AMB NOSALTRES Gran Casino Costa Brava est\u00e0 ficant&hellip;<\/p>\n<p> <a class=\"more-link\" href=\"https:\/\/gccb.com\/ca\/juga-segur\/\">Llegir m\u00e9s<\/a><\/p>\n","protected":false},"author":19,"featured_media":14592,"parent":0,"menu_order":69,"comment_status":"closed","ping_status":"closed","template":"","meta":{"_acf_changed":false,"footnotes":""},"class_list":["post-14795","page","type-page","status-publish","has-post-thumbnail"],"acf":[],"yoast_head":"<!-- This site is optimized with the Yoast SEO plugin v27.3 - https:\/\/yoast.com\/product\/yoast-seo-wordpress\/ -->\n<title>Juga segur - Gran Casino Costa Brava<\/title>\n<meta name=\"description\" content=\"Al Gran Casino Costa Brava hem activat dotzenes de mesures i protocols de seguretat per a garantir la m\u00e0xima seguretat contra el COVID-19.\" \/>\n<meta name=\"robots\" content=\"index, follow, max-snippet:-1, max-image-preview:large, max-video-preview:-1\" \/>\n<link rel=\"canonical\" href=\"https:\/\/gccb.com\/ca\/juga-segur\/\" \/>\n<meta property=\"og:locale\" content=\"ca_ES\" \/>\n<meta property=\"og:type\" content=\"article\" \/>\n<meta property=\"og:title\" content=\"Juga segur - Gran Casino Costa Brava\" \/>\n<meta property=\"og:description\" content=\"Al Gran Casino Costa Brava hem activat dotzenes de mesures i protocols de seguretat per a garantir la m\u00e0xima seguretat contra el COVID-19.\" \/>\n<meta property=\"og:url\" content=\"https:\/\/gccb.com\/ca\/juga-segur\/\" \/>\n<meta property=\"og:site_name\" content=\"Gran Casino Costa Brava\" \/>\n<meta property=\"article:modified_time\" content=\"2022-05-04T17:16:17+00:00\" \/>\n<meta property=\"og:image\" content=\"https:\/\/gccb.com\/wp-content\/uploads\/2020\/06\/logojs.png\" \/>\n\t<meta property=\"og:image:width\" content=\"1002\" \/>\n\t<meta property=\"og:image:height\" content=\"697\" \/>\n\t<meta property=\"og:image:type\" content=\"image\/png\" \/>\n<meta name=\"twitter:card\" content=\"summary_large_image\" \/>\n<meta name=\"twitter:label1\" content=\"Temps estimat de lectura\" \/>\n\t<meta name=\"twitter:data1\" content=\"3 minuts\" \/>\n<script type=\"application\/ld+json\" class=\"yoast-schema-graph\">{\"@context\":\"https:\\\/\\\/schema.org\",\"@graph\":[{\"@type\":\"WebPage\",\"@id\":\"https:\\\/\\\/gccb.com\\\/ca\\\/juga-segur\\\/\",\"url\":\"https:\\\/\\\/gccb.com\\\/ca\\\/juga-segur\\\/\",\"name\":\"Juga segur - Gran Casino Costa Brava\",\"isPartOf\":{\"@id\":\"https:\\\/\\\/gccb.com\\\/#website\"},\"primaryImageOfPage\":{\"@id\":\"https:\\\/\\\/gccb.com\\\/ca\\\/juga-segur\\\/#primaryimage\"},\"image\":{\"@id\":\"https:\\\/\\\/gccb.com\\\/ca\\\/juga-segur\\\/#primaryimage\"},\"thumbnailUrl\":\"https:\\\/\\\/gccb.com\\\/wp-content\\\/uploads\\\/2020\\\/06\\\/logojs.png\",\"datePublished\":\"2020-08-18T17:17:44+00:00\",\"dateModified\":\"2022-05-04T17:16:17+00:00\",\"description\":\"Al Gran Casino Costa Brava hem activat dotzenes de mesures i protocols de seguretat per a garantir la m\u00e0xima seguretat contra el COVID-19.\",\"breadcrumb\":{\"@id\":\"https:\\\/\\\/gccb.com\\\/ca\\\/juga-segur\\\/#breadcrumb\"},\"inLanguage\":\"ca\",\"potentialAction\":[{\"@type\":\"ReadAction\",\"target\":[\"https:\\\/\\\/gccb.com\\\/ca\\\/juga-segur\\\/\"]}]},{\"@type\":\"ImageObject\",\"inLanguage\":\"ca\",\"@id\":\"https:\\\/\\\/gccb.com\\\/ca\\\/juga-segur\\\/#primaryimage\",\"url\":\"https:\\\/\\\/gccb.com\\\/wp-content\\\/uploads\\\/2020\\\/06\\\/logojs.png\",\"contentUrl\":\"https:\\\/\\\/gccb.com\\\/wp-content\\\/uploads\\\/2020\\\/06\\\/logojs.png\",\"width\":1002,\"height\":697,\"caption\":\"juega seguro con nosotros\"},{\"@type\":\"BreadcrumbList\",\"@id\":\"https:\\\/\\\/gccb.com\\\/ca\\\/juga-segur\\\/#breadcrumb\",\"itemListElement\":[{\"@type\":\"ListItem\",\"position\":1,\"name\":\"Home\",\"item\":\"https:\\\/\\\/gccb.com\\\/ca\\\/\"},{\"@type\":\"ListItem\",\"position\":2,\"name\":\"Juga segur\"}]},{\"@type\":\"WebSite\",\"@id\":\"https:\\\/\\\/gccb.com\\\/#website\",\"url\":\"https:\\\/\\\/gccb.com\\\/\",\"name\":\"Gran Casino Costa Brava\",\"description\":\"Gran Casino Costa Brava\",\"potentialAction\":[{\"@type\":\"SearchAction\",\"target\":{\"@type\":\"EntryPoint\",\"urlTemplate\":\"https:\\\/\\\/gccb.com\\\/?s={search_term_string}\"},\"query-input\":{\"@type\":\"PropertyValueSpecification\",\"valueRequired\":true,\"valueName\":\"search_term_string\"}}],\"inLanguage\":\"ca\"}]}<\/script>\n<!-- \/ Yoast SEO plugin. -->","yoast_head_json":{"title":"Juga segur - Gran Casino Costa Brava","description":"Al Gran Casino Costa Brava hem activat dotzenes de mesures i protocols de seguretat per a garantir la m\u00e0xima seguretat contra el COVID-19.","robots":{"index":"index","follow":"follow","max-snippet":"max-snippet:-1","max-image-preview":"max-image-preview:large","max-video-preview":"max-video-preview:-1"},"canonical":"https:\/\/gccb.com\/ca\/juga-segur\/","og_locale":"ca_ES","og_type":"article","og_title":"Juga segur - Gran Casino Costa Brava","og_description":"Al Gran Casino Costa Brava hem activat dotzenes de mesures i protocols de seguretat per a garantir la m\u00e0xima seguretat contra el COVID-19.","og_url":"https:\/\/gccb.com\/ca\/juga-segur\/","og_site_name":"Gran Casino Costa Brava","article_modified_time":"2022-05-04T17:16:17+00:00","og_image":[{"width":1002,"height":697,"url":"https:\/\/gccb.com\/wp-content\/uploads\/2020\/06\/logojs.png","type":"image\/png"}],"twitter_card":"summary_large_image","twitter_misc":{"Temps estimat de lectura":"3 minuts"},"schema":{"@context":"https:\/\/schema.org","@graph":[{"@type":"WebPage","@id":"https:\/\/gccb.com\/ca\/juga-segur\/","url":"https:\/\/gccb.com\/ca\/juga-segur\/","name":"Juga segur - Gran Casino Costa Brava","isPartOf":{"@id":"https:\/\/gccb.com\/#website"},"primaryImageOfPage":{"@id":"https:\/\/gccb.com\/ca\/juga-segur\/#primaryimage"},"image":{"@id":"https:\/\/gccb.com\/ca\/juga-segur\/#primaryimage"},"thumbnailUrl":"https:\/\/gccb.com\/wp-content\/uploads\/2020\/06\/logojs.png","datePublished":"2020-08-18T17:17:44+00:00","dateModified":"2022-05-04T17:16:17+00:00","description":"Al Gran Casino Costa Brava hem activat dotzenes de mesures i protocols de seguretat per a garantir la m\u00e0xima seguretat contra el COVID-19.","breadcrumb":{"@id":"https:\/\/gccb.com\/ca\/juga-segur\/#breadcrumb"},"inLanguage":"ca","potentialAction":[{"@type":"ReadAction","target":["https:\/\/gccb.com\/ca\/juga-segur\/"]}]},{"@type":"ImageObject","inLanguage":"ca","@id":"https:\/\/gccb.com\/ca\/juga-segur\/#primaryimage","url":"https:\/\/gccb.com\/wp-content\/uploads\/2020\/06\/logojs.png","contentUrl":"https:\/\/gccb.com\/wp-content\/uploads\/2020\/06\/logojs.png","width":1002,"height":697,"caption":"juega seguro con nosotros"},{"@type":"BreadcrumbList","@id":"https:\/\/gccb.com\/ca\/juga-segur\/#breadcrumb","itemListElement":[{"@type":"ListItem","position":1,"name":"Home","item":"https:\/\/gccb.com\/ca\/"},{"@type":"ListItem","position":2,"name":"Juga segur"}]},{"@type":"WebSite","@id":"https:\/\/gccb.com\/#website","url":"https:\/\/gccb.com\/","name":"Gran Casino Costa Brava","description":"Gran Casino Costa Brava","potentialAction":[{"@type":"SearchAction","target":{"@type":"EntryPoint","urlTemplate":"https:\/\/gccb.com\/?s={search_term_string}"},"query-input":{"@type":"PropertyValueSpecification","valueRequired":true,"valueName":"search_term_string"}}],"inLanguage":"ca"}]}},"publishpress_future_workflow_manual_trigger":{"enabledWorkflows":[]},"_links":{"self":[{"href":"https:\/\/gccb.com\/ca\/wp-json\/wp\/v2\/pages\/14795","targetHints":{"allow":["GET"]}}],"collection":[{"href":"https:\/\/gccb.com\/ca\/wp-json\/wp\/v2\/pages"}],"about":[{"href":"https:\/\/gccb.com\/ca\/wp-json\/wp\/v2\/types\/page"}],"author":[{"embeddable":true,"href":"https:\/\/gccb.com\/ca\/wp-json\/wp\/v2\/users\/19"}],"replies":[{"embeddable":true,"href":"https:\/\/gccb.com\/ca\/wp-json\/wp\/v2\/comments?post=14795"}],"version-history":[{"count":3,"href":"https:\/\/gccb.com\/ca\/wp-json\/wp\/v2\/pages\/14795\/revisions"}],"predecessor-version":[{"id":16972,"href":"https:\/\/gccb.com\/ca\/wp-json\/wp\/v2\/pages\/14795\/revisions\/16972"}],"wp:featuredmedia":[{"embeddable":true,"href":"https:\/\/gccb.com\/ca\/wp-json\/wp\/v2\/media\/14592"}],"wp:attachment":[{"href":"https:\/\/gccb.com\/ca\/wp-json\/wp\/v2\/media?parent=14795"}],"curies":[{"name":"wp","href":"https:\/\/api.w.org\/{rel}","templated":true}]}}