{"id":14861,"date":"2020-09-01T12:24:59","date_gmt":"2020-09-01T10:24:59","guid":{"rendered":"https:\/\/gccb.com\/?page_id=14861"},"modified":"2020-09-01T18:53:51","modified_gmt":"2020-09-01T16:53:51","slug":"poker-club","status":"publish","type":"page","link":"https:\/\/gccb.com\/ca\/poker-club\/","title":{"rendered":"GCCB P\u00f2ker Club"},"content":{"rendered":"\t\t<div data-elementor-type=\"wp-page\" data-elementor-id=\"14861\" class=\"elementor elementor-14861 elementor-14860\">\n\t\t\t\t\t\t<section class=\"elementor-section elementor-top-section elementor-element elementor-element-8a3b899 elementor-section-full_width elementor-section-height-default elementor-section-height-default\" data-id=\"8a3b899\" data-element_type=\"section\" data-e-type=\"section\" data-settings=\"{&quot;background_background&quot;:&quot;classic&quot;}\">\n\t\t\t\t\t\t<div class=\"elementor-container elementor-column-gap-default\">\n\t\t\t\t\t<div class=\"elementor-column elementor-col-100 elementor-top-column elementor-element elementor-element-be521ab\" data-id=\"be521ab\" data-element_type=\"column\" data-e-type=\"column\">\n\t\t\t<div class=\"elementor-widget-wrap elementor-element-populated\">\n\t\t\t\t\t\t<div class=\"elementor-element elementor-element-32d908e elementor-widget elementor-widget-image\" data-id=\"32d908e\" data-element_type=\"widget\" data-e-type=\"widget\" data-widget_type=\"image.default\">\n\t\t\t\t<div class=\"elementor-widget-container\">\n\t\t\t\t\t\t\t\t\t\t\t\t\t\t\t<img fetchpriority=\"high\" decoding=\"async\" width=\"1200\" height=\"350\" src=\"https:\/\/gccb.com\/wp-content\/uploads\/2020\/08\/03.jpg\" class=\"attachment-1536x1536 size-1536x1536 wp-image-14878\" alt=\"club de poker gran casino costa brava\" srcset=\"https:\/\/gccb.com\/wp-content\/uploads\/2020\/08\/03.jpg 1200w, https:\/\/gccb.com\/wp-content\/uploads\/2020\/08\/03-300x88.jpg 300w, https:\/\/gccb.com\/wp-content\/uploads\/2020\/08\/03-1024x299.jpg 1024w, https:\/\/gccb.com\/wp-content\/uploads\/2020\/08\/03-768x224.jpg 768w, https:\/\/gccb.com\/wp-content\/uploads\/2020\/08\/03-600x175.jpg 600w\" sizes=\"(max-width: 1200px) 100vw, 1200px\" \/>\t\t\t\t\t\t\t\t\t\t\t\t\t\t\t<\/div>\n\t\t\t\t<\/div>\n\t\t\t\t<div class=\"elementor-element elementor-element-9d3d025 elementor-widget elementor-widget-text-editor\" data-id=\"9d3d025\" data-element_type=\"widget\" data-e-type=\"widget\" data-widget_type=\"text-editor.default\">\n\t\t\t\t<div class=\"elementor-widget-container\">\n\t\t\t\t\t\t\t\t\t<h2>Benvinguts al club dels guanyadors!<\/h2><p>Ara, cada colp que juguis a p\u00f2ker, acumular\u00e0s punts que podr\u00e0s bescanviar per productes d&#8217;hosteleria, entrades pels nostres espectacles, acc\u00e9s al parking i molts altres beneficis. Ompli el formulari de baix i comen\u00e7a a guanyar!<\/p>\t\t\t\t\t\t\t\t<\/div>\n\t\t\t\t<\/div>\n\t\t\t\t\t<\/div>\n\t\t<\/div>\n\t\t\t\t\t<\/div>\n\t\t<\/section>\n\t\t\t\t<section class=\"elementor-section elementor-top-section elementor-element elementor-element-3a20127 elementor-section-boxed elementor-section-height-default elementor-section-height-default\" data-id=\"3a20127\" data-element_type=\"section\" data-e-type=\"section\">\n\t\t\t\t\t\t<div class=\"elementor-container elementor-column-gap-default\">\n\t\t\t\t\t<div class=\"elementor-column elementor-col-50 elementor-top-column elementor-element elementor-element-2e4951d\" data-id=\"2e4951d\" data-element_type=\"column\" data-e-type=\"column\">\n\t\t\t<div class=\"elementor-widget-wrap elementor-element-populated\">\n\t\t\t\t\t\t<div class=\"elementor-element elementor-element-24ead58 elementor-widget elementor-widget-text-editor\" data-id=\"24ead58\" data-element_type=\"widget\" data-e-type=\"widget\" data-widget_type=\"text-editor.default\">\n\t\t\t\t<div class=\"elementor-widget-container\">\n\t\t\t\t\t\t\t\t\t<p><div class=\"wpforms-container wpforms-container-full\" id=\"wpforms-14893\"><form id=\"wpforms-form-14893\" class=\"wpforms-validate wpforms-form\" data-formid=\"14893\" method=\"post\" enctype=\"multipart\/form-data\" action=\"\/ca\/wp-json\/wp\/v2\/pages\/14861\" data-token=\"dd887b2d0891fa5ebd1f3dbc7595c4bc\" data-token-time=\"1775571110\"><noscript class=\"wpforms-error-noscript\">Activeu el JavaScript al navegador per a poder completar el formulari.<\/noscript><div class=\"wpforms-field-container\"><div id=\"wpforms-14893-field_2-container\" class=\"wpforms-field wpforms-field-name\" data-field-id=\"2\"><label class=\"wpforms-field-label\">Nombre \/ Nom \/ Name  <span class=\"wpforms-required-label\">*<\/span><\/label><div class=\"wpforms-field-row wpforms-field-large\"><div class=\"wpforms-field-row-block wpforms-first wpforms-one-half\"><input type=\"text\" id=\"wpforms-14893-field_2\" class=\"wpforms-field-name-first wpforms-field-required\" name=\"wpforms[fields][2][first]\" required><label for=\"wpforms-14893-field_2\" class=\"wpforms-field-sublabel after\">Nom<\/label><\/div><div class=\"wpforms-field-row-block wpforms-one-half\"><input type=\"text\" id=\"wpforms-14893-field_2-last\" class=\"wpforms-field-name-last wpforms-field-required\" name=\"wpforms[fields][2][last]\" required><label for=\"wpforms-14893-field_2-last\" class=\"wpforms-field-sublabel after\">Cognoms<\/label><\/div><\/div><\/div><div id=\"wpforms-14893-field_1-container\" class=\"wpforms-field wpforms-field-email\" data-field-id=\"1\"><label class=\"wpforms-field-label\" for=\"wpforms-14893-field_1\">Email <span class=\"wpforms-required-label\">*<\/span><\/label><input type=\"email\" id=\"wpforms-14893-field_1\" class=\"wpforms-field-large wpforms-field-required\" name=\"wpforms[fields][1]\" spellcheck=\"false\" required><\/div><div id=\"wpforms-14893-field_4-container\" class=\"wpforms-field wpforms-field-phone\" data-field-id=\"4\"><label class=\"wpforms-field-label\" for=\"wpforms-14893-field_4\">Tel\u00e9fono \/ Tel\u00e8fon \/ Phone number \/ T\u00e9l\u00e9phone<\/label><input type=\"tel\" id=\"wpforms-14893-field_4\" class=\"wpforms-field-medium wpforms-smart-phone-field\" data-rule-smart-phone-field=\"true\" name=\"wpforms[fields][4]\" aria-label=\"Tel\u00e9fono \/ Tel\u00e8fon \/ Phone number \/ T\u00e9l\u00e9phone\" ><\/div><div id=\"wpforms-14893-field_5-container\" class=\"wpforms-field wpforms-field-checkbox\" data-field-id=\"5\"><label class=\"wpforms-field-label\">Casillas de verificaci\u00f3n <span class=\"wpforms-required-label\">*<\/span><\/label><ul id=\"wpforms-14893-field_5\" class=\"wpforms-field-required\"><li class=\"choice-1 depth-1\"><input type=\"checkbox\" id=\"wpforms-14893-field_5_1\" name=\"wpforms[fields][5][]\" value=\"He le\u00eddo y acepto los t\u00e9rminos y condiciones \" required ><label class=\"wpforms-field-label-inline\" for=\"wpforms-14893-field_5_1\">He le\u00eddo y acepto los t\u00e9rminos y condiciones<\/label><\/li><\/ul><\/div><\/div><!-- .wpforms-field-container --><div class=\"wpforms-field wpforms-field-hp\"><label for=\"wpforms-14893-field-hp\" class=\"wpforms-field-label\">Name<\/label><input type=\"text\" name=\"wpforms[hp]\" id=\"wpforms-14893-field-hp\" class=\"wpforms-field-medium\"><\/div><div class=\"wpforms-submit-container\" ><input type=\"hidden\" name=\"wpforms[id]\" value=\"14893\"><input type=\"hidden\" name=\"page_title\" value=\"\"><input type=\"hidden\" name=\"page_url\" value=\"https:\/\/gccb.com\/ca\/wp-json\/wp\/v2\/pages\/14861\"><input type=\"hidden\" name=\"url_referer\" value=\"\"><button type=\"submit\" name=\"wpforms[submit]\" id=\"wpforms-submit-14893\" class=\"wpforms-submit\" aria-live=\"assertive\" value=\"wpforms-submit\">GO<\/button><\/div><\/form><\/div>  <!-- .wpforms-container --><\/p>\n\t\t\t\t\t\t\t\t<\/div>\n\t\t\t\t<\/div>\n\t\t\t\t\t<\/div>\n\t\t<\/div>\n\t\t\t\t<div class=\"elementor-column elementor-col-50 elementor-top-column elementor-element elementor-element-87d04b2\" data-id=\"87d04b2\" data-element_type=\"column\" data-e-type=\"column\">\n\t\t\t<div class=\"elementor-widget-wrap elementor-element-populated\">\n\t\t\t\t\t\t<div class=\"elementor-element elementor-element-7102a13 elementor-widget elementor-widget-text-editor\" data-id=\"7102a13\" data-element_type=\"widget\" data-e-type=\"widget\" data-widget_type=\"text-editor.default\">\n\t\t\t\t<div class=\"elementor-widget-container\">\n\t\t\t\t\t\t\t\t\t<p><strong>Advantatges del club<\/strong><\/p><p>Els membres del club reben:<\/p><ul><li>20% de descompte en la restauraci\u00f3 del casino.<\/li><li>Punts per jugar tornejos i cash:<ul><li>Per un torneig de 10\u20ac obtens 15 punts.\u00a0\u00a0<\/li><li>Por un torneig de 15\u20ac obtens 30 punts.<\/li><li>Per cada hora que juguis al cash, rebs 7 punts.<\/li><\/ul><\/li><\/ul><p>Cada 90 punts acumulats, gaudeixes d&#8217;un dia de parking gratis.<\/p><p>A m\u00e9s, amb els teus punts pots accedir a rifes steps\/ sat\u00e8l\u00b7lits exclusius de grans tornejos.<\/p>\t\t\t\t\t\t\t\t<\/div>\n\t\t\t\t<\/div>\n\t\t\t\t\t<\/div>\n\t\t<\/div>\n\t\t\t\t\t<\/div>\n\t\t<\/section>\n\t\t\t\t<section class=\"elementor-section elementor-top-section elementor-element elementor-element-dd99efa elementor-section-boxed elementor-section-height-default elementor-section-height-default\" data-id=\"dd99efa\" data-element_type=\"section\" data-e-type=\"section\">\n\t\t\t\t\t\t<div class=\"elementor-container elementor-column-gap-default\">\n\t\t\t\t\t<div class=\"elementor-column elementor-col-50 elementor-top-column elementor-element elementor-element-5cc529e\" data-id=\"5cc529e\" data-element_type=\"column\" data-e-type=\"column\">\n\t\t\t<div class=\"elementor-widget-wrap elementor-element-populated\">\n\t\t\t\t\t\t<div class=\"elementor-element elementor-element-feb8a35 elementor-widget elementor-widget-image\" data-id=\"feb8a35\" data-element_type=\"widget\" data-e-type=\"widget\" data-widget_type=\"image.default\">\n\t\t\t\t<div class=\"elementor-widget-container\">\n\t\t\t\t\t\t\t\t\t\t\t\t\t\t\t<img decoding=\"async\" width=\"500\" height=\"333\" src=\"https:\/\/gccb.com\/wp-content\/uploads\/2020\/08\/02.jpg\" class=\"attachment-large size-large wp-image-14886\" alt=\"poker costa brava\" srcset=\"https:\/\/gccb.com\/wp-content\/uploads\/2020\/08\/02.jpg 500w, https:\/\/gccb.com\/wp-content\/uploads\/2020\/08\/02-300x200.jpg 300w, https:\/\/gccb.com\/wp-content\/uploads\/2020\/08\/02-66x43.jpg 66w\" sizes=\"(max-width: 500px) 100vw, 500px\" \/>\t\t\t\t\t\t\t\t\t\t\t\t\t\t\t<\/div>\n\t\t\t\t<\/div>\n\t\t\t\t<div class=\"elementor-element elementor-element-d482dff elementor-widget elementor-widget-text-editor\" data-id=\"d482dff\" data-element_type=\"widget\" data-e-type=\"widget\" data-widget_type=\"text-editor.default\">\n\t\t\t\t<div class=\"elementor-widget-container\">\n\t\t\t\t\t\t\t\t\t<p>Vols formart part del club dels guanyadors i les guanyadores? Apropa&#8217;t a l&#8217;espai Winner Club de l&#8217;\u00e0rea de m\u00e0quines, o a la\u00a0 recepci\u00f3 del casino i ompli el formulari d&#8217;adhesi\u00f3\u00a0 <strong>GRATIS<\/strong>.\u00a0<\/p>\t\t\t\t\t\t\t\t<\/div>\n\t\t\t\t<\/div>\n\t\t\t\t\t<\/div>\n\t\t<\/div>\n\t\t\t\t<div class=\"elementor-column elementor-col-50 elementor-top-column elementor-element elementor-element-54c1d5a\" data-id=\"54c1d5a\" data-element_type=\"column\" data-e-type=\"column\">\n\t\t\t<div class=\"elementor-widget-wrap elementor-element-populated\">\n\t\t\t\t\t\t<div class=\"elementor-element elementor-element-17ef46d elementor-widget elementor-widget-image\" data-id=\"17ef46d\" data-element_type=\"widget\" data-e-type=\"widget\" data-widget_type=\"image.default\">\n\t\t\t\t<div class=\"elementor-widget-container\">\n\t\t\t\t\t\t\t\t\t\t\t\t\t\t\t<img decoding=\"async\" width=\"500\" height=\"333\" src=\"https:\/\/gccb.com\/wp-content\/uploads\/2020\/08\/01.jpg\" class=\"attachment-large size-large wp-image-14882\" alt=\"poker lloret de mar\" srcset=\"https:\/\/gccb.com\/wp-content\/uploads\/2020\/08\/01.jpg 500w, https:\/\/gccb.com\/wp-content\/uploads\/2020\/08\/01-300x200.jpg 300w, https:\/\/gccb.com\/wp-content\/uploads\/2020\/08\/01-66x43.jpg 66w\" sizes=\"(max-width: 500px) 100vw, 500px\" \/>\t\t\t\t\t\t\t\t\t\t\t\t\t\t\t<\/div>\n\t\t\t\t<\/div>\n\t\t\t\t<div class=\"elementor-element elementor-element-a9d9b3c elementor-widget elementor-widget-text-editor\" data-id=\"a9d9b3c\" data-element_type=\"widget\" data-e-type=\"widget\" data-widget_type=\"text-editor.default\">\n\t\t\t\t<div class=\"elementor-widget-container\">\n\t\t\t\t\t\t\t\t\t<p>Els membres del club tenen acc\u00e9s exclusiu a steps gratuits i sat\u00e8l\u00b7lits per a grans tornejos.\u00a0<\/p>\t\t\t\t\t\t\t\t<\/div>\n\t\t\t\t<\/div>\n\t\t\t\t\t<\/div>\n\t\t<\/div>\n\t\t\t\t\t<\/div>\n\t\t<\/section>\n\t\t\t\t<\/div>\n\t\t","protected":false},"excerpt":{"rendered":"<p>Benvinguts al club dels guanyadors! Ara, cada colp que juguis&hellip;<\/p>\n<p> <a class=\"more-link\" href=\"https:\/\/gccb.com\/ca\/poker-club\/\">Llegir m\u00e9s<\/a><\/p>\n","protected":false},"author":19,"featured_media":0,"parent":0,"menu_order":49,"comment_status":"closed","ping_status":"closed","template":"","meta":{"_acf_changed":false,"footnotes":""},"class_list":["post-14861","page","type-page","status-publish"],"acf":[],"yoast_head":"<!-- This site is optimized with the Yoast SEO plugin v27.3 - https:\/\/yoast.com\/product\/yoast-seo-wordpress\/ -->\n<title>GCCB P\u00f2ker Club - Gran Casino Costa Brava<\/title>\n<meta name=\"description\" content=\"Si t&#039;agrada jugar a P\u00f3ker deus formar part del club de jugador de p\u00f3ker de GCCB. \u00c9s gratis i t\u00e9 molts advantatges! Acumula punts cada colp que juguis.\" \/>\n<meta name=\"robots\" content=\"index, follow, max-snippet:-1, max-image-preview:large, max-video-preview:-1\" \/>\n<link rel=\"canonical\" href=\"https:\/\/gccb.com\/ca\/poker-club\/\" \/>\n<meta property=\"og:locale\" content=\"ca_ES\" \/>\n<meta property=\"og:type\" content=\"article\" \/>\n<meta property=\"og:title\" content=\"GCCB P\u00f2ker Club - Gran Casino Costa Brava\" \/>\n<meta property=\"og:description\" content=\"Si t&#039;agrada jugar a P\u00f3ker deus formar part del club de jugador de p\u00f3ker de GCCB. \u00c9s gratis i t\u00e9 molts advantatges! Acumula punts cada colp que juguis.\" \/>\n<meta property=\"og:url\" content=\"https:\/\/gccb.com\/ca\/poker-club\/\" \/>\n<meta property=\"og:site_name\" content=\"Gran Casino Costa Brava\" \/>\n<meta property=\"article:modified_time\" content=\"2020-09-01T16:53:51+00:00\" \/>\n<meta property=\"og:image\" content=\"https:\/\/gccb.com\/wp-content\/uploads\/2020\/08\/03.jpg\" \/>\n<meta name=\"twitter:card\" content=\"summary_large_image\" \/>\n<meta name=\"twitter:label1\" content=\"Temps estimat de lectura\" \/>\n\t<meta name=\"twitter:data1\" content=\"1 minut\" \/>\n<script type=\"application\/ld+json\" class=\"yoast-schema-graph\">{\"@context\":\"https:\\\/\\\/schema.org\",\"@graph\":[{\"@type\":\"WebPage\",\"@id\":\"https:\\\/\\\/gccb.com\\\/ca\\\/poker-club\\\/\",\"url\":\"https:\\\/\\\/gccb.com\\\/ca\\\/poker-club\\\/\",\"name\":\"GCCB P\u00f2ker Club - Gran Casino Costa Brava\",\"isPartOf\":{\"@id\":\"https:\\\/\\\/gccb.com\\\/#website\"},\"primaryImageOfPage\":{\"@id\":\"https:\\\/\\\/gccb.com\\\/ca\\\/poker-club\\\/#primaryimage\"},\"image\":{\"@id\":\"https:\\\/\\\/gccb.com\\\/ca\\\/poker-club\\\/#primaryimage\"},\"thumbnailUrl\":\"https:\\\/\\\/gccb.com\\\/wp-content\\\/uploads\\\/2020\\\/08\\\/03.jpg\",\"datePublished\":\"2020-09-01T10:24:59+00:00\",\"dateModified\":\"2020-09-01T16:53:51+00:00\",\"description\":\"Si t'agrada jugar a P\u00f3ker deus formar part del club de jugador de p\u00f3ker de GCCB. \u00c9s gratis i t\u00e9 molts advantatges! Acumula punts cada colp que juguis.\",\"breadcrumb\":{\"@id\":\"https:\\\/\\\/gccb.com\\\/ca\\\/poker-club\\\/#breadcrumb\"},\"inLanguage\":\"ca\",\"potentialAction\":[{\"@type\":\"ReadAction\",\"target\":[\"https:\\\/\\\/gccb.com\\\/ca\\\/poker-club\\\/\"]}]},{\"@type\":\"ImageObject\",\"inLanguage\":\"ca\",\"@id\":\"https:\\\/\\\/gccb.com\\\/ca\\\/poker-club\\\/#primaryimage\",\"url\":\"https:\\\/\\\/gccb.com\\\/wp-content\\\/uploads\\\/2020\\\/08\\\/03.jpg\",\"contentUrl\":\"https:\\\/\\\/gccb.com\\\/wp-content\\\/uploads\\\/2020\\\/08\\\/03.jpg\"},{\"@type\":\"BreadcrumbList\",\"@id\":\"https:\\\/\\\/gccb.com\\\/ca\\\/poker-club\\\/#breadcrumb\",\"itemListElement\":[{\"@type\":\"ListItem\",\"position\":1,\"name\":\"Home\",\"item\":\"https:\\\/\\\/gccb.com\\\/ca\\\/\"},{\"@type\":\"ListItem\",\"position\":2,\"name\":\"GCCB P\u00f2ker Club\"}]},{\"@type\":\"WebSite\",\"@id\":\"https:\\\/\\\/gccb.com\\\/#website\",\"url\":\"https:\\\/\\\/gccb.com\\\/\",\"name\":\"Gran Casino Costa Brava\",\"description\":\"Gran Casino Costa Brava\",\"potentialAction\":[{\"@type\":\"SearchAction\",\"target\":{\"@type\":\"EntryPoint\",\"urlTemplate\":\"https:\\\/\\\/gccb.com\\\/?s={search_term_string}\"},\"query-input\":{\"@type\":\"PropertyValueSpecification\",\"valueRequired\":true,\"valueName\":\"search_term_string\"}}],\"inLanguage\":\"ca\"}]}<\/script>\n<!-- \/ Yoast SEO plugin. -->","yoast_head_json":{"title":"GCCB P\u00f2ker Club - Gran Casino Costa Brava","description":"Si t'agrada jugar a P\u00f3ker deus formar part del club de jugador de p\u00f3ker de GCCB. \u00c9s gratis i t\u00e9 molts advantatges! Acumula punts cada colp que juguis.","robots":{"index":"index","follow":"follow","max-snippet":"max-snippet:-1","max-image-preview":"max-image-preview:large","max-video-preview":"max-video-preview:-1"},"canonical":"https:\/\/gccb.com\/ca\/poker-club\/","og_locale":"ca_ES","og_type":"article","og_title":"GCCB P\u00f2ker Club - Gran Casino Costa Brava","og_description":"Si t'agrada jugar a P\u00f3ker deus formar part del club de jugador de p\u00f3ker de GCCB. \u00c9s gratis i t\u00e9 molts advantatges! Acumula punts cada colp que juguis.","og_url":"https:\/\/gccb.com\/ca\/poker-club\/","og_site_name":"Gran Casino Costa Brava","article_modified_time":"2020-09-01T16:53:51+00:00","og_image":[{"url":"https:\/\/gccb.com\/wp-content\/uploads\/2020\/08\/03.jpg","type":"","width":"","height":""}],"twitter_card":"summary_large_image","twitter_misc":{"Temps estimat de lectura":"1 minut"},"schema":{"@context":"https:\/\/schema.org","@graph":[{"@type":"WebPage","@id":"https:\/\/gccb.com\/ca\/poker-club\/","url":"https:\/\/gccb.com\/ca\/poker-club\/","name":"GCCB P\u00f2ker Club - Gran Casino Costa Brava","isPartOf":{"@id":"https:\/\/gccb.com\/#website"},"primaryImageOfPage":{"@id":"https:\/\/gccb.com\/ca\/poker-club\/#primaryimage"},"image":{"@id":"https:\/\/gccb.com\/ca\/poker-club\/#primaryimage"},"thumbnailUrl":"https:\/\/gccb.com\/wp-content\/uploads\/2020\/08\/03.jpg","datePublished":"2020-09-01T10:24:59+00:00","dateModified":"2020-09-01T16:53:51+00:00","description":"Si t'agrada jugar a P\u00f3ker deus formar part del club de jugador de p\u00f3ker de GCCB. \u00c9s gratis i t\u00e9 molts advantatges! Acumula punts cada colp que juguis.","breadcrumb":{"@id":"https:\/\/gccb.com\/ca\/poker-club\/#breadcrumb"},"inLanguage":"ca","potentialAction":[{"@type":"ReadAction","target":["https:\/\/gccb.com\/ca\/poker-club\/"]}]},{"@type":"ImageObject","inLanguage":"ca","@id":"https:\/\/gccb.com\/ca\/poker-club\/#primaryimage","url":"https:\/\/gccb.com\/wp-content\/uploads\/2020\/08\/03.jpg","contentUrl":"https:\/\/gccb.com\/wp-content\/uploads\/2020\/08\/03.jpg"},{"@type":"BreadcrumbList","@id":"https:\/\/gccb.com\/ca\/poker-club\/#breadcrumb","itemListElement":[{"@type":"ListItem","position":1,"name":"Home","item":"https:\/\/gccb.com\/ca\/"},{"@type":"ListItem","position":2,"name":"GCCB P\u00f2ker Club"}]},{"@type":"WebSite","@id":"https:\/\/gccb.com\/#website","url":"https:\/\/gccb.com\/","name":"Gran Casino Costa Brava","description":"Gran Casino Costa Brava","potentialAction":[{"@type":"SearchAction","target":{"@type":"EntryPoint","urlTemplate":"https:\/\/gccb.com\/?s={search_term_string}"},"query-input":{"@type":"PropertyValueSpecification","valueRequired":true,"valueName":"search_term_string"}}],"inLanguage":"ca"}]}},"publishpress_future_workflow_manual_trigger":{"enabledWorkflows":[]},"_links":{"self":[{"href":"https:\/\/gccb.com\/ca\/wp-json\/wp\/v2\/pages\/14861","targetHints":{"allow":["GET"]}}],"collection":[{"href":"https:\/\/gccb.com\/ca\/wp-json\/wp\/v2\/pages"}],"about":[{"href":"https:\/\/gccb.com\/ca\/wp-json\/wp\/v2\/types\/page"}],"author":[{"embeddable":true,"href":"https:\/\/gccb.com\/ca\/wp-json\/wp\/v2\/users\/19"}],"replies":[{"embeddable":true,"href":"https:\/\/gccb.com\/ca\/wp-json\/wp\/v2\/comments?post=14861"}],"version-history":[{"count":0,"href":"https:\/\/gccb.com\/ca\/wp-json\/wp\/v2\/pages\/14861\/revisions"}],"wp:attachment":[{"href":"https:\/\/gccb.com\/ca\/wp-json\/wp\/v2\/media?parent=14861"}],"curies":[{"name":"wp","href":"https:\/\/api.w.org\/{rel}","templated":true}]}}