{"id":35214,"date":"2025-04-01T23:15:07","date_gmt":"2025-04-01T21:15:07","guid":{"rendered":"https:\/\/gccb.com\/?page_id=35214"},"modified":"2025-05-08T17:19:36","modified_gmt":"2025-05-08T15:19:36","slug":"nuevo-club-winner","status":"publish","type":"page","link":"https:\/\/gccb.com\/ca\/nuevo-club-winner\/","title":{"rendered":"Nou Club Winner"},"content":{"rendered":"<h1>Nou Club\u00a0Winner<\/h1>\n<p><img fetchpriority=\"high\" decoding=\"async\" class=\"alignnone size-full wp-image-35193\" src=\"https:\/\/gccb.com\/wp-content\/uploads\/2025\/04\/LanzamientoWinnerClub_1280x720.jpg\" alt=\"\" width=\"1280\" height=\"720\" srcset=\"https:\/\/gccb.com\/wp-content\/uploads\/2025\/04\/LanzamientoWinnerClub_1280x720.jpg 1280w, https:\/\/gccb.com\/wp-content\/uploads\/2025\/04\/LanzamientoWinnerClub_1280x720-300x169.jpg 300w, https:\/\/gccb.com\/wp-content\/uploads\/2025\/04\/LanzamientoWinnerClub_1280x720-1024x576.jpg 1024w, https:\/\/gccb.com\/wp-content\/uploads\/2025\/04\/LanzamientoWinnerClub_1280x720-768x432.jpg 768w, https:\/\/gccb.com\/wp-content\/uploads\/2025\/04\/LanzamientoWinnerClub_1280x720-600x338.jpg 600w\" sizes=\"(max-width: 1280px) 100vw, 1280px\" \/><\/p>\n<h2>Benvingut al club dels guanyadors!<\/h2>\n<p>Nou Club\u00a0Winner. Nous aires per al Club, nova imatge, nou nom i nous avantatges, vols con\u00e8ixer-les?<\/p>\n<p><a href=\"https:\/\/gccb.com\/wp-content\/uploads\/2025\/04\/AAFF-Diptico-Club-Winner.pdf\"><img decoding=\"async\" class=\"alignnone wp-image-35278 size-full\" src=\"https:\/\/gccb.com\/wp-content\/uploads\/2025\/04\/Club-Winner-negro.png\" alt=\"\" width=\"485\" height=\"368\" srcset=\"https:\/\/gccb.com\/wp-content\/uploads\/2025\/04\/Club-Winner-negro.png 485w, https:\/\/gccb.com\/wp-content\/uploads\/2025\/04\/Club-Winner-negro-300x228.png 300w\" sizes=\"(max-width: 485px) 100vw, 485px\" \/><\/a><\/p>\n<p>Si formes part de l&#8217;antic Club, la teva targeta no desapareix. Et presentem les equival\u00e8ncies:<\/p>\n<p><img decoding=\"async\" class=\"alignnone wp-image-35264 size-full\" src=\"https:\/\/gccb.com\/wp-content\/uploads\/2025\/04\/equivalencia-tarjetas-e1743505125910.png\" alt=\"\" width=\"560\" height=\"762\" srcset=\"https:\/\/gccb.com\/wp-content\/uploads\/2025\/04\/equivalencia-tarjetas-e1743505125910.png 560w, https:\/\/gccb.com\/wp-content\/uploads\/2025\/04\/equivalencia-tarjetas-e1743505125910-220x300.png 220w\" sizes=\"(max-width: 560px) 100vw, 560px\" \/><\/p>\n<p>Club\u00a0Winner\u00a0\u00e9s la targeta de lleialtat de Gran Casino Costa Brava. Ara, per cada euro que juguis en les nostres m\u00e0quines acumular\u00e0s punts que podr\u00e0s canviar per diners per a jugar, productes d&#8217;hostaleria, entrades per als nostres espectacles&#8230; i molts avantatges!<br \/>\n<img loading=\"lazy\" decoding=\"async\" class=\"alignnone size-full wp-image-35832\" src=\"https:\/\/gccb.com\/wp-content\/uploads\/2025\/05\/1.png\" alt=\"\" width=\"1654\" height=\"1417\" srcset=\"https:\/\/gccb.com\/wp-content\/uploads\/2025\/05\/1.png 1654w, https:\/\/gccb.com\/wp-content\/uploads\/2025\/05\/1-300x257.png 300w, https:\/\/gccb.com\/wp-content\/uploads\/2025\/05\/1-1024x877.png 1024w, https:\/\/gccb.com\/wp-content\/uploads\/2025\/05\/1-768x658.png 768w, https:\/\/gccb.com\/wp-content\/uploads\/2025\/05\/1-1536x1316.png 1536w, https:\/\/gccb.com\/wp-content\/uploads\/2025\/05\/1-600x514.png 600w\" sizes=\"(max-width: 1654px) 100vw, 1654px\" \/><\/p>\n<p><strong>Punts, punts i m\u00e9s punts!<\/strong><\/p>\n<p>Quan t&#8217;uneixis al club, rebr\u00e0s una targeta carregada amb punts perqu\u00e8 juguis gratis. I no sols s\u00f3n aquests punts promocionals els que et donarem gratis: tamb\u00e9 rebr\u00e0s punts per a jugar quan ascendeixis de categoria i quan compleixis anys, o quan juguis a m\u00e0quines en promoci\u00f3.<\/p>\n<p>Els membres Gold,\u00a0Platinum\u00a0i\u00a0Black, a m\u00e9s, s&#8217;emporten fins al doble o triple de punts quan participen en algunes promocions.<\/p>\n<p><strong>Descomptes en hostaleria i packs tur\u00edstics. <\/strong><\/p>\n<p>La teva targeta Club\u00a0Winner\u00a0et garanteix descomptes cada vegada que consumeixis productes de la barra o del restaurant, o quan et quedis en els els nostres hotels associats.<\/p>\n<p><strong>Pla\u00e7a de <em>p\u00e0rquing<\/em><\/strong><\/p>\n<p>Gratu\u00efta per als nostres clients Gold,\u00a0Platinum\u00a0i\u00a0Black.<\/p>\n<p><img loading=\"lazy\" decoding=\"async\" class=\"alignnone size-full wp-image-35226\" src=\"https:\/\/gccb.com\/wp-content\/uploads\/2025\/04\/black.png\" alt=\"\" width=\"1780\" height=\"998\" srcset=\"https:\/\/gccb.com\/wp-content\/uploads\/2025\/04\/black.png 1780w, https:\/\/gccb.com\/wp-content\/uploads\/2025\/04\/black-300x168.png 300w, https:\/\/gccb.com\/wp-content\/uploads\/2025\/04\/black-1024x574.png 1024w, https:\/\/gccb.com\/wp-content\/uploads\/2025\/04\/black-768x431.png 768w, https:\/\/gccb.com\/wp-content\/uploads\/2025\/04\/black-1536x861.png 1536w, https:\/\/gccb.com\/wp-content\/uploads\/2025\/04\/black-600x336.png 600w\" sizes=\"(max-width: 1780px) 100vw, 1780px\" \/><\/p>\n<p><strong>Entrades per a espectacles.<\/strong><\/p>\n<p>Aconsegueix entrades gratu\u00eftes per als espectacles produ\u00efts per\u00a0GCCB.<\/p>\n<p><strong>Esdeveniments exclusius<\/strong><\/p>\n<p>Solo els membres del club poden accedir a tornejos de m\u00e0quines i festes exclusives.<\/p>\n<p>Vols formar part del club dels guanyadors? Acosta&#8217;t al taulell\u00a0 Club Winner en l&#8217;\u00e0rea de m\u00e0quines o en recepci\u00f3 i emplena el formulari d&#8217;adhesi\u00f3.<\/p>\n<h3>Dubtes freq\u00fcents<\/h3>\n<p><em>Es t\u00e9 en compte el nombre de punts acumulats?<\/em><\/p>\n<p>Es t\u00e9 en compte el nombre de punts obtinguts amb el desplegament de joc, no el nombre de punts que s&#8217;acumuli a cada moment. \u00c9s a dir, no es revisa quants punts t\u00e9 el compte acumulats en un moment determinat, sin\u00f3 el nombre de punts que s&#8217;ha aconseguit amb el seu joc durant l&#8217;\u00faltim mes. No tens per qu\u00e8 intentar acumular 500, 2.000, 10.000 o 50.000 en el compte. Pots gastar-los. Nosaltres els tindrem en compte encara que ja no estiguin en el teu compte.<\/p>\n<p><em>Se sumen els punts promocionals per a canviar de categoria?<\/em><\/p>\n<p>No. Els punts-regal (punts promocionals) que obtinguis (en passar de categoria, el dia del seu aniversari, etc.) no sumaran per a passar de categoria. Tan sols els aconseguits amb el teu joc (coin in).<\/p>\n<p><em>Qu\u00e8 \u00e9s el\u00a0coin\u00a0in?<\/em><\/p>\n<p>\u00c9s el total de cr\u00e8dits que jugues en una m\u00e0quina. Per exemple, si introdueixes 10 euros en una m\u00e0quina, aquesta t&#8217;anir\u00e0 retornant diners en premis que pots retirar o continuar jugant. Si decideixes continuar jugant, aconseguir\u00e0s punts tant pels 10 euros que has introdu\u00eft en la m\u00e0quina com per tots aquells que hagis rejugat.<\/p>\n<p><em>En quin per\u00edode de temps haig d&#8217;aconseguir els punts per a canviar de categoria?<\/em><\/p>\n<p><img loading=\"lazy\" decoding=\"async\" class=\"alignnone size-full wp-image-35234\" src=\"https:\/\/gccb.com\/wp-content\/uploads\/2025\/04\/platinum.png\" alt=\"\" width=\"1806\" height=\"982\" srcset=\"https:\/\/gccb.com\/wp-content\/uploads\/2025\/04\/platinum.png 1806w, https:\/\/gccb.com\/wp-content\/uploads\/2025\/04\/platinum-300x163.png 300w, https:\/\/gccb.com\/wp-content\/uploads\/2025\/04\/platinum-1024x557.png 1024w, https:\/\/gccb.com\/wp-content\/uploads\/2025\/04\/platinum-768x418.png 768w, https:\/\/gccb.com\/wp-content\/uploads\/2025\/04\/platinum-1536x835.png 1536w, https:\/\/gccb.com\/wp-content\/uploads\/2025\/04\/platinum-600x326.png 600w\" sizes=\"(max-width: 1806px) 100vw, 1806px\" \/><\/p>\n<p><strong>\u2794 Pujada de nivell.\u00a0<\/strong><br \/>\nL&#8217;ascens de nivell es realitza de manera autom\u00e0tica, sempre que el client compleixi amb els criteris establerts. Aquest proc\u00e9s ocorre en aconseguir el llindar corresponent al nivell en q\u00fcesti\u00f3. El c\u00e0lcul es basa en l&#8217;acumulat de joc del client durant els \u00faltims 90 dies; si dita acumulada \u00e9s igual o superior al llindar definit per a aquest nivell, el client ascendeix autom\u00e0ticament.<\/p>\n<p><strong>\u2794 Baixada de nivell.<\/strong><br \/>\nEl c\u00e0lcul per a la baixada de nivell es realitza en dues dates semestrals preestablertes: el 30 de juny i el 31 de desembre (segons configuraci\u00f3 del club), de manera que la data efectiva de baixada ser\u00e0 l&#8217;1 de Juliol i l&#8217;1 de gener. Per a aix\u00f2, es recalcula el joc acumulat del client durant els \u00faltims sis mesos i es compara amb el llindar definit en els nivells del club adaptats als 6 mesos.<\/p>\n<p>Com s&#8217;indica, per a les pujades, els punts basi necessaris s&#8217;hauran d&#8217;acumular en\u00a0<strong>90 dies m\u00f2bils<\/strong>.<\/p>\n<p><em>Com es calculen els 90 dies m\u00f2bils?\u00a0<\/em><br \/>\nSempre es parteix del dia de \u201cavui\u201d, \u00e9s a dir, del dia en qu\u00e8 el client est\u00e0 en el Casino usant la targeta i acumulant punts. Per aix\u00f2 i per a realitzar el c\u00e0lcul, se sumen els punts obtinguts en el dia de consulta i els 89 dies previs (en total, 90 dies).<br \/>\n\u00c9s a dir, si un client ve el 29 de juliol i vol saber quants punts li falten per a pujar de categoria, el sistema li indicar\u00e0 els punts que va acumular en els 89 dies previs a aquesta data.<br \/>\nSi torna el 15 d&#8217;agost i ho consulta de nou, el sistema li mostrar\u00e0 la suma els punts obtinguts els 89 dies previs al 15 d&#8217;agost.<\/p>\n<p>Els punts per categoria i per trimestre s\u00f3n els seg\u00fcents:<\/p>\n<p>1. Pujada a Esmeralda: 1.731 punts<\/p>\n<p>2. Pujada a Rub\u00ed: 5.784 punts<\/p>\n<p>3. Pujada a Safir: 23.076 punts<\/p>\n<p>4. Pujada a Diamant: 92.307 punts<\/p>\n<p>&nbsp;<\/p>\n<p><em>Caducitat dels punts<\/em><\/p>\n<p>Tots els punts, de nivell i promocionals tenen una caducitat que s&#8217;estableix en 90 dies. Per a calcular els punts a caducar el sistema autom\u00e0ticament opera de la manera seg\u00fcent: dels punts generats es resta els punts consumits durant aquest per\u00edode de 90 dies, i el diferencial de punts es caduca a inici del mes seg\u00fcent. A aquests punts que caducaran pr\u00f2ximament si el client no els juga s\u00f3n els denominats punts calents.<\/p>\n<p>&nbsp;<\/p>\n<p>El Club\u00a0Winner\u00a0a m\u00e9s de recompensar als seus clients, \u00e9s sensible amb la societat i destina una partida econ\u00f2mica per a donar suport a iniciatives socials als pa\u00efsos on opera.<\/p>\n<p>M\u00e9s informaci\u00f3 en <span style=\"color: #967e4d;\"><strong><a style=\"color: #967e4d;\" href=\"https:\/\/clubwinner.com\/\" target=\"_blank\" rel=\"noopener\">www.clubwinner.com\/<\/a><\/strong><\/span><\/p>\n<p>&nbsp;<\/p>\n<h2>visita altres casinos amb la teva targeta Club Winner!<\/h2>\n<p style=\"text-align: center;\">Si ets soci del Club\u00a0Winner\u00a0i visites algun dels nostres casinos a Espanya, pots gaudir de tots aquests avantatges:<\/p>\n<p style=\"text-align: center;\">Entrada gratuita | Copa de benvinguda | Parking gratis*<\/p>\n<p><img loading=\"lazy\" decoding=\"async\" src=\"https:\/\/gccb.com\/wp-content\/uploads\/2022\/03\/LPA-1.png\" alt=\"LPA\" width=\"175\" height=\"110\" \/><br \/>\n<a role=\"button\" href=\"https:\/\/casinolaspalmas.com\/\" target=\"_blank\" rel=\"noopener\"><br \/>\nVisitar web<br \/>\n<\/a><br \/>\n<img loading=\"lazy\" decoding=\"async\" src=\"https:\/\/gccb.com\/wp-content\/uploads\/2022\/03\/ccv.png\" alt=\"CCV\" width=\"175\" height=\"110\" \/><br \/>\n<a role=\"button\" href=\"https:\/\/casinocirsavalencia.com\" target=\"_blank\" rel=\"noopener\"><br \/>\nVisitar web<br \/>\n<\/a><br \/>\n<img loading=\"lazy\" decoding=\"async\" src=\"https:\/\/gccb.com\/wp-content\/uploads\/2022\/03\/marbella.png\" alt=\"marbella\" width=\"175\" height=\"110\" \/><br \/>\n<a role=\"button\" href=\"https:\/\/casinomarbella.com\" target=\"_blank\" rel=\"noopener\"><br \/>\nVisitar web<br \/>\n<\/a><\/p>\n<p style=\"font-size: 10px;\">(*) Parking sota disponibilitat.<\/p>\n","protected":false},"excerpt":{"rendered":"<p>Nou Club\u00a0Winner Benvingut al club dels guanyadors! Nou Club\u00a0Winner. Nous&hellip;<\/p>\n<p> <a class=\"more-link\" href=\"https:\/\/gccb.com\/ca\/nuevo-club-winner\/\">Llegir m\u00e9s<\/a><\/p>\n","protected":false},"author":19,"featured_media":35405,"parent":0,"menu_order":1,"comment_status":"closed","ping_status":"closed","template":"","meta":{"_acf_changed":false,"footnotes":""},"class_list":["post-35214","page","type-page","status-publish","has-post-thumbnail"],"acf":[],"yoast_head":"<!-- This site is optimized with the Yoast SEO plugin v27.3 - https:\/\/yoast.com\/product\/yoast-seo-wordpress\/ -->\n<title>Nou Club Winner - Gran Casino Costa Brava<\/title>\n<meta name=\"description\" content=\"CIRSA Winner Club \u00e9s el club dels jugadors de casino. Quan jugues, acumules punts que pots bescanviar per cr\u00e8dits, hosteleria i entrades per a events.\" \/>\n<meta name=\"robots\" content=\"index, follow, max-snippet:-1, max-image-preview:large, max-video-preview:-1\" \/>\n<link rel=\"canonical\" href=\"https:\/\/gccb.com\/ca\/nuevo-club-winner\/\" \/>\n<meta property=\"og:locale\" content=\"ca_ES\" \/>\n<meta property=\"og:type\" content=\"article\" \/>\n<meta property=\"og:title\" content=\"Nou Club Winner - Gran Casino Costa Brava\" \/>\n<meta property=\"og:description\" content=\"CIRSA Winner Club \u00e9s el club dels jugadors de casino. Quan jugues, acumules punts que pots bescanviar per cr\u00e8dits, hosteleria i entrades per a events.\" \/>\n<meta property=\"og:url\" content=\"https:\/\/gccb.com\/ca\/nuevo-club-winner\/\" \/>\n<meta property=\"og:site_name\" content=\"Gran Casino Costa Brava\" \/>\n<meta property=\"article:modified_time\" content=\"2025-05-08T15:19:36+00:00\" \/>\n<meta property=\"og:image\" content=\"https:\/\/gccb.com\/wp-content\/uploads\/2025\/04\/Captura-de-pantalla-2025-04-02-001855-2-e1743572714885.png\" \/>\n\t<meta property=\"og:image:width\" content=\"600\" \/>\n\t<meta property=\"og:image:height\" content=\"860\" \/>\n\t<meta property=\"og:image:type\" content=\"image\/png\" \/>\n<meta name=\"twitter:card\" content=\"summary_large_image\" \/>\n<meta name=\"twitter:label1\" content=\"Temps estimat de lectura\" \/>\n\t<meta name=\"twitter:data1\" content=\"8 minuts\" \/>\n<script type=\"application\/ld+json\" class=\"yoast-schema-graph\">{\"@context\":\"https:\\\/\\\/schema.org\",\"@graph\":[{\"@type\":\"WebPage\",\"@id\":\"https:\\\/\\\/gccb.com\\\/ca\\\/nuevo-club-winner\\\/\",\"url\":\"https:\\\/\\\/gccb.com\\\/ca\\\/nuevo-club-winner\\\/\",\"name\":\"Nou Club Winner - Gran Casino Costa Brava\",\"isPartOf\":{\"@id\":\"https:\\\/\\\/gccb.com\\\/#website\"},\"primaryImageOfPage\":{\"@id\":\"https:\\\/\\\/gccb.com\\\/ca\\\/nuevo-club-winner\\\/#primaryimage\"},\"image\":{\"@id\":\"https:\\\/\\\/gccb.com\\\/ca\\\/nuevo-club-winner\\\/#primaryimage\"},\"thumbnailUrl\":\"https:\\\/\\\/gccb.com\\\/wp-content\\\/uploads\\\/2025\\\/04\\\/Captura-de-pantalla-2025-04-02-001855-2-e1743572714885.png\",\"datePublished\":\"2025-04-01T21:15:07+00:00\",\"dateModified\":\"2025-05-08T15:19:36+00:00\",\"description\":\"CIRSA Winner Club \u00e9s el club dels jugadors de casino. Quan jugues, acumules punts que pots bescanviar per cr\u00e8dits, hosteleria i entrades per a events.\",\"breadcrumb\":{\"@id\":\"https:\\\/\\\/gccb.com\\\/ca\\\/nuevo-club-winner\\\/#breadcrumb\"},\"inLanguage\":\"ca\",\"potentialAction\":[{\"@type\":\"ReadAction\",\"target\":[\"https:\\\/\\\/gccb.com\\\/ca\\\/nuevo-club-winner\\\/\"]}]},{\"@type\":\"ImageObject\",\"inLanguage\":\"ca\",\"@id\":\"https:\\\/\\\/gccb.com\\\/ca\\\/nuevo-club-winner\\\/#primaryimage\",\"url\":\"https:\\\/\\\/gccb.com\\\/wp-content\\\/uploads\\\/2025\\\/04\\\/Captura-de-pantalla-2025-04-02-001855-2-e1743572714885.png\",\"contentUrl\":\"https:\\\/\\\/gccb.com\\\/wp-content\\\/uploads\\\/2025\\\/04\\\/Captura-de-pantalla-2025-04-02-001855-2-e1743572714885.png\",\"width\":600,\"height\":860},{\"@type\":\"BreadcrumbList\",\"@id\":\"https:\\\/\\\/gccb.com\\\/ca\\\/nuevo-club-winner\\\/#breadcrumb\",\"itemListElement\":[{\"@type\":\"ListItem\",\"position\":1,\"name\":\"Home\",\"item\":\"https:\\\/\\\/gccb.com\\\/ca\\\/\"},{\"@type\":\"ListItem\",\"position\":2,\"name\":\"Nou Club Winner\"}]},{\"@type\":\"WebSite\",\"@id\":\"https:\\\/\\\/gccb.com\\\/#website\",\"url\":\"https:\\\/\\\/gccb.com\\\/\",\"name\":\"Gran Casino Costa Brava\",\"description\":\"Gran Casino Costa Brava\",\"potentialAction\":[{\"@type\":\"SearchAction\",\"target\":{\"@type\":\"EntryPoint\",\"urlTemplate\":\"https:\\\/\\\/gccb.com\\\/?s={search_term_string}\"},\"query-input\":{\"@type\":\"PropertyValueSpecification\",\"valueRequired\":true,\"valueName\":\"search_term_string\"}}],\"inLanguage\":\"ca\"}]}<\/script>\n<!-- \/ Yoast SEO plugin. -->","yoast_head_json":{"title":"Nou Club Winner - Gran Casino Costa Brava","description":"CIRSA Winner Club \u00e9s el club dels jugadors de casino. Quan jugues, acumules punts que pots bescanviar per cr\u00e8dits, hosteleria i entrades per a events.","robots":{"index":"index","follow":"follow","max-snippet":"max-snippet:-1","max-image-preview":"max-image-preview:large","max-video-preview":"max-video-preview:-1"},"canonical":"https:\/\/gccb.com\/ca\/nuevo-club-winner\/","og_locale":"ca_ES","og_type":"article","og_title":"Nou Club Winner - Gran Casino Costa Brava","og_description":"CIRSA Winner Club \u00e9s el club dels jugadors de casino. Quan jugues, acumules punts que pots bescanviar per cr\u00e8dits, hosteleria i entrades per a events.","og_url":"https:\/\/gccb.com\/ca\/nuevo-club-winner\/","og_site_name":"Gran Casino Costa Brava","article_modified_time":"2025-05-08T15:19:36+00:00","og_image":[{"width":600,"height":860,"url":"https:\/\/gccb.com\/wp-content\/uploads\/2025\/04\/Captura-de-pantalla-2025-04-02-001855-2-e1743572714885.png","type":"image\/png"}],"twitter_card":"summary_large_image","twitter_misc":{"Temps estimat de lectura":"8 minuts"},"schema":{"@context":"https:\/\/schema.org","@graph":[{"@type":"WebPage","@id":"https:\/\/gccb.com\/ca\/nuevo-club-winner\/","url":"https:\/\/gccb.com\/ca\/nuevo-club-winner\/","name":"Nou Club Winner - Gran Casino Costa Brava","isPartOf":{"@id":"https:\/\/gccb.com\/#website"},"primaryImageOfPage":{"@id":"https:\/\/gccb.com\/ca\/nuevo-club-winner\/#primaryimage"},"image":{"@id":"https:\/\/gccb.com\/ca\/nuevo-club-winner\/#primaryimage"},"thumbnailUrl":"https:\/\/gccb.com\/wp-content\/uploads\/2025\/04\/Captura-de-pantalla-2025-04-02-001855-2-e1743572714885.png","datePublished":"2025-04-01T21:15:07+00:00","dateModified":"2025-05-08T15:19:36+00:00","description":"CIRSA Winner Club \u00e9s el club dels jugadors de casino. Quan jugues, acumules punts que pots bescanviar per cr\u00e8dits, hosteleria i entrades per a events.","breadcrumb":{"@id":"https:\/\/gccb.com\/ca\/nuevo-club-winner\/#breadcrumb"},"inLanguage":"ca","potentialAction":[{"@type":"ReadAction","target":["https:\/\/gccb.com\/ca\/nuevo-club-winner\/"]}]},{"@type":"ImageObject","inLanguage":"ca","@id":"https:\/\/gccb.com\/ca\/nuevo-club-winner\/#primaryimage","url":"https:\/\/gccb.com\/wp-content\/uploads\/2025\/04\/Captura-de-pantalla-2025-04-02-001855-2-e1743572714885.png","contentUrl":"https:\/\/gccb.com\/wp-content\/uploads\/2025\/04\/Captura-de-pantalla-2025-04-02-001855-2-e1743572714885.png","width":600,"height":860},{"@type":"BreadcrumbList","@id":"https:\/\/gccb.com\/ca\/nuevo-club-winner\/#breadcrumb","itemListElement":[{"@type":"ListItem","position":1,"name":"Home","item":"https:\/\/gccb.com\/ca\/"},{"@type":"ListItem","position":2,"name":"Nou Club Winner"}]},{"@type":"WebSite","@id":"https:\/\/gccb.com\/#website","url":"https:\/\/gccb.com\/","name":"Gran Casino Costa Brava","description":"Gran Casino Costa Brava","potentialAction":[{"@type":"SearchAction","target":{"@type":"EntryPoint","urlTemplate":"https:\/\/gccb.com\/?s={search_term_string}"},"query-input":{"@type":"PropertyValueSpecification","valueRequired":true,"valueName":"search_term_string"}}],"inLanguage":"ca"}]}},"publishpress_future_workflow_manual_trigger":{"enabledWorkflows":[]},"_links":{"self":[{"href":"https:\/\/gccb.com\/ca\/wp-json\/wp\/v2\/pages\/35214","targetHints":{"allow":["GET"]}}],"collection":[{"href":"https:\/\/gccb.com\/ca\/wp-json\/wp\/v2\/pages"}],"about":[{"href":"https:\/\/gccb.com\/ca\/wp-json\/wp\/v2\/types\/page"}],"author":[{"embeddable":true,"href":"https:\/\/gccb.com\/ca\/wp-json\/wp\/v2\/users\/19"}],"replies":[{"embeddable":true,"href":"https:\/\/gccb.com\/ca\/wp-json\/wp\/v2\/comments?post=35214"}],"version-history":[{"count":5,"href":"https:\/\/gccb.com\/ca\/wp-json\/wp\/v2\/pages\/35214\/revisions"}],"predecessor-version":[{"id":35848,"href":"https:\/\/gccb.com\/ca\/wp-json\/wp\/v2\/pages\/35214\/revisions\/35848"}],"wp:featuredmedia":[{"embeddable":true,"href":"https:\/\/gccb.com\/ca\/wp-json\/wp\/v2\/media\/35405"}],"wp:attachment":[{"href":"https:\/\/gccb.com\/ca\/wp-json\/wp\/v2\/media?parent=35214"}],"curies":[{"name":"wp","href":"https:\/\/api.w.org\/{rel}","templated":true}]}}