{"id":34633,"date":"2025-02-28T11:36:45","date_gmt":"2025-02-27T15:33:45","guid":{"rendered":"https:\/\/gccb.com\/?post_type=product&#038;p=34633"},"modified":"2025-03-11T11:07:35","modified_gmt":"2025-03-11T10:07:35","slug":"menu-del-xef-febrer-2025-copia","status":"publish","type":"product","link":"https:\/\/gccb.com\/ca\/producto\/menu-del-xef-febrer-2025-copia\/","title":{"rendered":"MEN\u00da DEL XEF &#8211; MAR\u00c7 2025"},"content":{"rendered":"<p><img fetchpriority=\"high\" decoding=\"async\" class=\"alignnone size-full wp-image-34785\" src=\"https:\/\/gccb.com\/wp-content\/uploads\/2025\/03\/01_Menu-Marzo2_cat.png\" alt=\"\" width=\"1080\" height=\"1080\" srcset=\"https:\/\/gccb.com\/wp-content\/uploads\/2025\/03\/01_Menu-Marzo2_cat.png 1080w, https:\/\/gccb.com\/wp-content\/uploads\/2025\/03\/01_Menu-Marzo2_cat-300x300.png 300w, https:\/\/gccb.com\/wp-content\/uploads\/2025\/03\/01_Menu-Marzo2_cat-1024x1024.png 1024w, https:\/\/gccb.com\/wp-content\/uploads\/2025\/03\/01_Menu-Marzo2_cat-150x150.png 150w, https:\/\/gccb.com\/wp-content\/uploads\/2025\/03\/01_Menu-Marzo2_cat-768x768.png 768w, https:\/\/gccb.com\/wp-content\/uploads\/2025\/03\/01_Menu-Marzo2_cat-600x600.png 600w, https:\/\/gccb.com\/wp-content\/uploads\/2025\/03\/01_Menu-Marzo2_cat-100x100.png 100w\" sizes=\"(max-width: 1080px) 100vw, 1080px\" \/><\/p>\n","protected":false},"excerpt":{"rendered":"<p>Men\u00fa disponible els divendres i dissabtes del mes de mar\u00e7 excepte el 21.<\/p>\n<p> <a class=\"more-link\" href=\"https:\/\/gccb.com\/ca\/producto\/menu-del-xef-febrer-2025-copia\/\">Llegir m\u00e9s<\/a><\/p>","protected":false},"featured_media":34637,"template":"","meta":{"_acf_changed":false},"product_brand":[],"product_cat":[536],"product_tag":[537,539,801],"class_list":{"0":"post-34633","1":"product","2":"type-product","3":"status-publish","4":"has-post-thumbnail","5":"product_cat-restauracion-ca","6":"product_tag-menu-ca","7":"product_tag-menu-del-chef-ca","8":"product_tag-menu-marzo-ca","10":"first","11":"instock","12":"shipping-taxable","13":"purchasable","14":"product-type-simple"},"acf":[],"yoast_head":"<!-- This site is optimized with the Yoast SEO plugin v27.3 - https:\/\/yoast.com\/product\/yoast-seo-wordpress\/ -->\n<title>MEN\u00da DEL XEF - MAR\u00c7 2025 - Gran Casino Costa Brava<\/title>\n<meta name=\"robots\" content=\"index, follow, max-snippet:-1, max-image-preview:large, max-video-preview:-1\" \/>\n<link rel=\"canonical\" href=\"https:\/\/gccb.com\/ca\/producto\/menu-del-xef-febrer-2025-copia\/\" \/>\n<meta property=\"og:locale\" content=\"ca_ES\" \/>\n<meta property=\"og:type\" content=\"article\" \/>\n<meta property=\"og:title\" content=\"MEN\u00da DEL XEF - MAR\u00c7 2025 - Gran Casino Costa Brava\" \/>\n<meta property=\"og:description\" content=\"Men\u00fa disponible els divendres i dissabtes del mes de mar\u00e7 excepte el 21.\" \/>\n<meta property=\"og:url\" content=\"https:\/\/gccb.com\/ca\/producto\/menu-del-xef-febrer-2025-copia\/\" \/>\n<meta property=\"og:site_name\" content=\"Gran Casino Costa Brava\" \/>\n<meta property=\"article:modified_time\" content=\"2025-03-11T10:07:35+00:00\" \/>\n<meta property=\"og:image\" content=\"https:\/\/gccb.com\/wp-content\/uploads\/2025\/02\/Menu-Marzo-e1740670953359.png\" \/>\n\t<meta property=\"og:image:width\" content=\"1080\" \/>\n\t<meta property=\"og:image:height\" content=\"1080\" \/>\n\t<meta property=\"og:image:type\" content=\"image\/png\" \/>\n<meta name=\"twitter:card\" content=\"summary_large_image\" \/>\n<script type=\"application\/ld+json\" class=\"yoast-schema-graph\">{\"@context\":\"https:\\\/\\\/schema.org\",\"@graph\":[{\"@type\":\"WebPage\",\"@id\":\"https:\\\/\\\/gccb.com\\\/ca\\\/producto\\\/menu-del-xef-febrer-2025-copia\\\/\",\"url\":\"https:\\\/\\\/gccb.com\\\/ca\\\/producto\\\/menu-del-xef-febrer-2025-copia\\\/\",\"name\":\"MEN\u00da DEL XEF - MAR\u00c7 2025 - Gran Casino Costa Brava\",\"isPartOf\":{\"@id\":\"https:\\\/\\\/gccb.com\\\/#website\"},\"primaryImageOfPage\":{\"@id\":\"https:\\\/\\\/gccb.com\\\/ca\\\/producto\\\/menu-del-xef-febrer-2025-copia\\\/#primaryimage\"},\"image\":{\"@id\":\"https:\\\/\\\/gccb.com\\\/ca\\\/producto\\\/menu-del-xef-febrer-2025-copia\\\/#primaryimage\"},\"thumbnailUrl\":\"https:\\\/\\\/gccb.com\\\/wp-content\\\/uploads\\\/2025\\\/02\\\/Menu-Marzo-e1740670953359.png\",\"datePublished\":\"2025-02-27T15:33:45+00:00\",\"dateModified\":\"2025-03-11T10:07:35+00:00\",\"breadcrumb\":{\"@id\":\"https:\\\/\\\/gccb.com\\\/ca\\\/producto\\\/menu-del-xef-febrer-2025-copia\\\/#breadcrumb\"},\"inLanguage\":\"ca\",\"potentialAction\":[{\"@type\":\"ReadAction\",\"target\":[\"https:\\\/\\\/gccb.com\\\/ca\\\/producto\\\/menu-del-xef-febrer-2025-copia\\\/\"]}]},{\"@type\":\"ImageObject\",\"inLanguage\":\"ca\",\"@id\":\"https:\\\/\\\/gccb.com\\\/ca\\\/producto\\\/menu-del-xef-febrer-2025-copia\\\/#primaryimage\",\"url\":\"https:\\\/\\\/gccb.com\\\/wp-content\\\/uploads\\\/2025\\\/02\\\/Menu-Marzo-e1740670953359.png\",\"contentUrl\":\"https:\\\/\\\/gccb.com\\\/wp-content\\\/uploads\\\/2025\\\/02\\\/Menu-Marzo-e1740670953359.png\",\"width\":1080,\"height\":1080},{\"@type\":\"BreadcrumbList\",\"@id\":\"https:\\\/\\\/gccb.com\\\/ca\\\/producto\\\/menu-del-xef-febrer-2025-copia\\\/#breadcrumb\",\"itemListElement\":[{\"@type\":\"ListItem\",\"position\":1,\"name\":\"Home\",\"item\":\"https:\\\/\\\/gccb.com\\\/ca\\\/\"},{\"@type\":\"ListItem\",\"position\":2,\"name\":\"Shop\",\"item\":\"https:\\\/\\\/gccb.com\\\/ca\\\/shop\\\/\"},{\"@type\":\"ListItem\",\"position\":3,\"name\":\"MEN\u00da DEL XEF &#8211; MAR\u00c7 2025\"}]},{\"@type\":\"WebSite\",\"@id\":\"https:\\\/\\\/gccb.com\\\/#website\",\"url\":\"https:\\\/\\\/gccb.com\\\/\",\"name\":\"Gran Casino Costa Brava\",\"description\":\"Gran Casino Costa Brava\",\"potentialAction\":[{\"@type\":\"SearchAction\",\"target\":{\"@type\":\"EntryPoint\",\"urlTemplate\":\"https:\\\/\\\/gccb.com\\\/?s={search_term_string}\"},\"query-input\":{\"@type\":\"PropertyValueSpecification\",\"valueRequired\":true,\"valueName\":\"search_term_string\"}}],\"inLanguage\":\"ca\"}]}<\/script>\n<!-- \/ Yoast SEO plugin. -->","yoast_head_json":{"title":"MEN\u00da DEL XEF - MAR\u00c7 2025 - Gran Casino Costa Brava","robots":{"index":"index","follow":"follow","max-snippet":"max-snippet:-1","max-image-preview":"max-image-preview:large","max-video-preview":"max-video-preview:-1"},"canonical":"https:\/\/gccb.com\/ca\/producto\/menu-del-xef-febrer-2025-copia\/","og_locale":"ca_ES","og_type":"article","og_title":"MEN\u00da DEL XEF - MAR\u00c7 2025 - Gran Casino Costa Brava","og_description":"Men\u00fa disponible els divendres i dissabtes del mes de mar\u00e7 excepte el 21.","og_url":"https:\/\/gccb.com\/ca\/producto\/menu-del-xef-febrer-2025-copia\/","og_site_name":"Gran Casino Costa Brava","article_modified_time":"2025-03-11T10:07:35+00:00","og_image":[{"width":1080,"height":1080,"url":"https:\/\/gccb.com\/wp-content\/uploads\/2025\/02\/Menu-Marzo-e1740670953359.png","type":"image\/png"}],"twitter_card":"summary_large_image","schema":{"@context":"https:\/\/schema.org","@graph":[{"@type":"WebPage","@id":"https:\/\/gccb.com\/ca\/producto\/menu-del-xef-febrer-2025-copia\/","url":"https:\/\/gccb.com\/ca\/producto\/menu-del-xef-febrer-2025-copia\/","name":"MEN\u00da DEL XEF - MAR\u00c7 2025 - Gran Casino Costa Brava","isPartOf":{"@id":"https:\/\/gccb.com\/#website"},"primaryImageOfPage":{"@id":"https:\/\/gccb.com\/ca\/producto\/menu-del-xef-febrer-2025-copia\/#primaryimage"},"image":{"@id":"https:\/\/gccb.com\/ca\/producto\/menu-del-xef-febrer-2025-copia\/#primaryimage"},"thumbnailUrl":"https:\/\/gccb.com\/wp-content\/uploads\/2025\/02\/Menu-Marzo-e1740670953359.png","datePublished":"2025-02-27T15:33:45+00:00","dateModified":"2025-03-11T10:07:35+00:00","breadcrumb":{"@id":"https:\/\/gccb.com\/ca\/producto\/menu-del-xef-febrer-2025-copia\/#breadcrumb"},"inLanguage":"ca","potentialAction":[{"@type":"ReadAction","target":["https:\/\/gccb.com\/ca\/producto\/menu-del-xef-febrer-2025-copia\/"]}]},{"@type":"ImageObject","inLanguage":"ca","@id":"https:\/\/gccb.com\/ca\/producto\/menu-del-xef-febrer-2025-copia\/#primaryimage","url":"https:\/\/gccb.com\/wp-content\/uploads\/2025\/02\/Menu-Marzo-e1740670953359.png","contentUrl":"https:\/\/gccb.com\/wp-content\/uploads\/2025\/02\/Menu-Marzo-e1740670953359.png","width":1080,"height":1080},{"@type":"BreadcrumbList","@id":"https:\/\/gccb.com\/ca\/producto\/menu-del-xef-febrer-2025-copia\/#breadcrumb","itemListElement":[{"@type":"ListItem","position":1,"name":"Home","item":"https:\/\/gccb.com\/ca\/"},{"@type":"ListItem","position":2,"name":"Shop","item":"https:\/\/gccb.com\/ca\/shop\/"},{"@type":"ListItem","position":3,"name":"MEN\u00da DEL XEF &#8211; MAR\u00c7 2025"}]},{"@type":"WebSite","@id":"https:\/\/gccb.com\/#website","url":"https:\/\/gccb.com\/","name":"Gran Casino Costa Brava","description":"Gran Casino Costa Brava","potentialAction":[{"@type":"SearchAction","target":{"@type":"EntryPoint","urlTemplate":"https:\/\/gccb.com\/?s={search_term_string}"},"query-input":{"@type":"PropertyValueSpecification","valueRequired":true,"valueName":"search_term_string"}}],"inLanguage":"ca"}]}},"publishpress_future_action":{"enabled":false,"date":"2026-04-30 07:00:07","action":"change-status","newStatus":"trash","terms":[],"taxonomy":"product_brand","extraData":[]},"publishpress_future_workflow_manual_trigger":{"enabledWorkflows":[]},"_links":{"self":[{"href":"https:\/\/gccb.com\/ca\/wp-json\/wp\/v2\/product\/34633","targetHints":{"allow":["GET"]}}],"collection":[{"href":"https:\/\/gccb.com\/ca\/wp-json\/wp\/v2\/product"}],"about":[{"href":"https:\/\/gccb.com\/ca\/wp-json\/wp\/v2\/types\/product"}],"version-history":[{"count":1,"href":"https:\/\/gccb.com\/ca\/wp-json\/wp\/v2\/product\/34633\/revisions"}],"predecessor-version":[{"id":34789,"href":"https:\/\/gccb.com\/ca\/wp-json\/wp\/v2\/product\/34633\/revisions\/34789"}],"wp:featuredmedia":[{"embeddable":true,"href":"https:\/\/gccb.com\/ca\/wp-json\/wp\/v2\/media\/34637"}],"wp:attachment":[{"href":"https:\/\/gccb.com\/ca\/wp-json\/wp\/v2\/media?parent=34633"}],"wp:term":[{"taxonomy":"product_brand","embeddable":true,"href":"https:\/\/gccb.com\/ca\/wp-json\/wp\/v2\/product_brand?post=34633"},{"taxonomy":"product_cat","embeddable":true,"href":"https:\/\/gccb.com\/ca\/wp-json\/wp\/v2\/product_cat?post=34633"},{"taxonomy":"product_tag","embeddable":true,"href":"https:\/\/gccb.com\/ca\/wp-json\/wp\/v2\/product_tag?post=34633"}],"curies":[{"name":"wp","href":"https:\/\/api.w.org\/{rel}","templated":true}]}}