{"id":33423,"date":"2024-10-02T20:23:17","date_gmt":"2024-10-02T18:23:17","guid":{"rendered":"https:\/\/gccb.com\/producto\/new-years-eve-party-2024\/"},"modified":"2024-12-10T15:33:55","modified_gmt":"2024-12-10T14:33:55","slug":"new-years-eve-party-2024","status":"publish","type":"product","link":"https:\/\/gccb.com\/en\/producto\/new-years-eve-party-2024\/","title":{"rendered":"NEW YEAR&#8217;S EVE PARTY 2024"},"content":{"rendered":"<p><strong>NEW YEAR&#8217;S EVE PARTY MENU<\/strong><\/p>\n<p><strong>Welcome<\/strong><br \/>\n(At 9:00 p.m.)<\/p>\n<p><strong>Gala Dinner Menu<\/strong><br \/>\n(start of service at 21:30h)<\/p>\n<p><strong>Appetizer<\/strong><br \/>\nSeafood cream.<br \/>\nPrawn sachet.<br \/>\nFoie bonbon.<\/p>\n<p><strong>Starters<\/strong><br \/>\nOctopus salad with strawberries, avocado and honey mustard vinaigrette.<\/p>\n<p><strong>First<\/strong><br \/>\nMonkfish medallion with cava aroma and clams.<\/p>\n<p><strong>Second<\/strong><br \/>\nBeef sirloin with port reduction and sweet potato parmentier.<\/p>\n<p><strong>Desserts<\/strong><br \/>\nMillefeuille of cream with fruits and hot chocolate sauce.<br \/>\nCoffees and infusions<br \/>\nChristmas sweets and \u201cLucky Grapes\u201d.<\/p>\n<p><strong>The Wine Cellar<\/strong><br \/>\nMinerals and Marmellans wines D.O. Montsant.<\/p>\n<p>&nbsp;<\/p>\n<p>Includes: Welcome appetizers, Gala Dinner Menu, live entertainment and reception.<br \/>\nCasino open until 04:00h<\/p>\n","protected":false},"excerpt":{"rendered":"<p>Ya se acaba el a\u00f1o, queremos despedirnos de \u00e9l por todo lo alto, y nos encantar\u00eda poder celebrarlo contigo que nos has estado acompa\u00f1ando todo el a\u00f1o.<\/p>\n<p>Empezaremos con una copa de bienvenida, acompa\u00f1ada de una cena espectacular, con m\u00fasica amenizando el momento y resop\u00f3n. \u00a1Seguro que no te lo quieres perder!<\/p>\n<p>&nbsp;<\/p>\n<p><strong><em>(*) No se permite la entrada a menores de 18 a\u00f1os.<\/em><\/strong><\/p>\n<p><em><strong>(*) Todas las personas que acudan se han de registrar presentando documentaci\u00f3n de identidad en vigor a la entrada.<\/strong><\/em><\/p>\n<p><em><strong>(*) Gran Casino Costa Brava recomienda el uso de una vestimenta adecuada al espacio.<\/strong><\/em><\/p>\n<p> <a class=\"more-link\" href=\"https:\/\/gccb.com\/en\/producto\/new-years-eve-party-2024\/\">Read more<\/a><\/p>","protected":false},"featured_media":32480,"template":"","meta":{"_acf_changed":false},"product_brand":[],"product_cat":[532,96],"product_tag":[],"class_list":{"0":"post-33423","1":"product","2":"type-product","3":"status-publish","4":"has-post-thumbnail","5":"product_cat-restauracion-en","6":"product_cat-shows-en","8":"first","9":"instock","10":"shipping-taxable","11":"purchasable","12":"product-type-simple"},"acf":[],"yoast_head":"<!-- This site is optimized with the Yoast SEO plugin v27.3 - https:\/\/yoast.com\/product\/yoast-seo-wordpress\/ -->\n<title>NEW YEAR&#039;S EVE PARTY 2024 - Gran Casino Costa Brava<\/title>\n<meta name=\"robots\" content=\"index, follow, max-snippet:-1, max-image-preview:large, max-video-preview:-1\" \/>\n<link rel=\"canonical\" href=\"https:\/\/gccb.com\/en\/producto\/new-years-eve-party-2024\/\" \/>\n<meta property=\"og:locale\" content=\"en_US\" \/>\n<meta property=\"og:type\" content=\"article\" \/>\n<meta property=\"og:title\" content=\"NEW YEAR&#039;S EVE PARTY 2024 - Gran Casino Costa Brava\" \/>\n<meta property=\"og:description\" content=\"Ya se acaba el a\u00f1o, queremos despedirnos de \u00e9l por todo lo alto, y nos encantar\u00eda poder celebrarlo contigo que nos has estado acompa\u00f1ando todo el a\u00f1o.  Empezaremos con una copa de bienvenida, acompa\u00f1ada de una cena espectacular, con m\u00fasica amenizando el momento y resop\u00f3n. \u00a1Seguro que no te lo quieres perder!  &nbsp;  (*) No se permite la entrada a menores de 18 a\u00f1os.  (*) Todas las personas que acudan se han de registrar presentando documentaci\u00f3n de identidad en vigor a la entrada.  (*) Gran Casino Costa Brava recomienda el uso de una vestimenta adecuada al espacio.\" \/>\n<meta property=\"og:url\" content=\"https:\/\/gccb.com\/en\/producto\/new-years-eve-party-2024\/\" \/>\n<meta property=\"og:site_name\" content=\"Gran Casino Costa Brava\" \/>\n<meta property=\"article:modified_time\" content=\"2024-12-10T14:33:55+00:00\" \/>\n<meta property=\"og:image\" content=\"https:\/\/gccb.com\/wp-content\/uploads\/2024\/10\/Fiesta-Fin-de-Ano_post-e1735564760790.jpg\" \/>\n\t<meta property=\"og:image:width\" content=\"1200\" \/>\n\t<meta property=\"og:image:height\" content=\"1200\" \/>\n\t<meta property=\"og:image:type\" content=\"image\/jpeg\" \/>\n<meta name=\"twitter:card\" content=\"summary_large_image\" \/>\n<script type=\"application\/ld+json\" class=\"yoast-schema-graph\">{\"@context\":\"https:\\\/\\\/schema.org\",\"@graph\":[{\"@type\":\"WebPage\",\"@id\":\"https:\\\/\\\/gccb.com\\\/en\\\/producto\\\/new-years-eve-party-2024\\\/\",\"url\":\"https:\\\/\\\/gccb.com\\\/en\\\/producto\\\/new-years-eve-party-2024\\\/\",\"name\":\"NEW YEAR'S EVE PARTY 2024 - Gran Casino Costa Brava\",\"isPartOf\":{\"@id\":\"https:\\\/\\\/gccb.com\\\/#website\"},\"primaryImageOfPage\":{\"@id\":\"https:\\\/\\\/gccb.com\\\/en\\\/producto\\\/new-years-eve-party-2024\\\/#primaryimage\"},\"image\":{\"@id\":\"https:\\\/\\\/gccb.com\\\/en\\\/producto\\\/new-years-eve-party-2024\\\/#primaryimage\"},\"thumbnailUrl\":\"https:\\\/\\\/gccb.com\\\/wp-content\\\/uploads\\\/2024\\\/10\\\/Fiesta-Fin-de-Ano_post-e1735564760790.jpg\",\"datePublished\":\"2024-10-02T18:23:17+00:00\",\"dateModified\":\"2024-12-10T14:33:55+00:00\",\"breadcrumb\":{\"@id\":\"https:\\\/\\\/gccb.com\\\/en\\\/producto\\\/new-years-eve-party-2024\\\/#breadcrumb\"},\"inLanguage\":\"en-US\",\"potentialAction\":[{\"@type\":\"ReadAction\",\"target\":[\"https:\\\/\\\/gccb.com\\\/en\\\/producto\\\/new-years-eve-party-2024\\\/\"]}]},{\"@type\":\"ImageObject\",\"inLanguage\":\"en-US\",\"@id\":\"https:\\\/\\\/gccb.com\\\/en\\\/producto\\\/new-years-eve-party-2024\\\/#primaryimage\",\"url\":\"https:\\\/\\\/gccb.com\\\/wp-content\\\/uploads\\\/2024\\\/10\\\/Fiesta-Fin-de-Ano_post-e1735564760790.jpg\",\"contentUrl\":\"https:\\\/\\\/gccb.com\\\/wp-content\\\/uploads\\\/2024\\\/10\\\/Fiesta-Fin-de-Ano_post-e1735564760790.jpg\",\"width\":1200,\"height\":1200},{\"@type\":\"BreadcrumbList\",\"@id\":\"https:\\\/\\\/gccb.com\\\/en\\\/producto\\\/new-years-eve-party-2024\\\/#breadcrumb\",\"itemListElement\":[{\"@type\":\"ListItem\",\"position\":1,\"name\":\"Home\",\"item\":\"https:\\\/\\\/gccb.com\\\/en\\\/\"},{\"@type\":\"ListItem\",\"position\":2,\"name\":\"Shop\",\"item\":\"https:\\\/\\\/gccb.com\\\/en\\\/shop\\\/\"},{\"@type\":\"ListItem\",\"position\":3,\"name\":\"NEW YEAR&#8217;S EVE PARTY 2024\"}]},{\"@type\":\"WebSite\",\"@id\":\"https:\\\/\\\/gccb.com\\\/#website\",\"url\":\"https:\\\/\\\/gccb.com\\\/\",\"name\":\"Gran Casino Costa Brava\",\"description\":\"Gran Casino Costa Brava\",\"potentialAction\":[{\"@type\":\"SearchAction\",\"target\":{\"@type\":\"EntryPoint\",\"urlTemplate\":\"https:\\\/\\\/gccb.com\\\/?s={search_term_string}\"},\"query-input\":{\"@type\":\"PropertyValueSpecification\",\"valueRequired\":true,\"valueName\":\"search_term_string\"}}],\"inLanguage\":\"en-US\"}]}<\/script>\n<!-- \/ Yoast SEO plugin. -->","yoast_head_json":{"title":"NEW YEAR'S EVE PARTY 2024 - Gran Casino Costa Brava","robots":{"index":"index","follow":"follow","max-snippet":"max-snippet:-1","max-image-preview":"max-image-preview:large","max-video-preview":"max-video-preview:-1"},"canonical":"https:\/\/gccb.com\/en\/producto\/new-years-eve-party-2024\/","og_locale":"en_US","og_type":"article","og_title":"NEW YEAR'S EVE PARTY 2024 - Gran Casino Costa Brava","og_description":"Ya se acaba el a\u00f1o, queremos despedirnos de \u00e9l por todo lo alto, y nos encantar\u00eda poder celebrarlo contigo que nos has estado acompa\u00f1ando todo el a\u00f1o.  Empezaremos con una copa de bienvenida, acompa\u00f1ada de una cena espectacular, con m\u00fasica amenizando el momento y resop\u00f3n. \u00a1Seguro que no te lo quieres perder!  &nbsp;  (*) No se permite la entrada a menores de 18 a\u00f1os.  (*) Todas las personas que acudan se han de registrar presentando documentaci\u00f3n de identidad en vigor a la entrada.  (*) Gran Casino Costa Brava recomienda el uso de una vestimenta adecuada al espacio.","og_url":"https:\/\/gccb.com\/en\/producto\/new-years-eve-party-2024\/","og_site_name":"Gran Casino Costa Brava","article_modified_time":"2024-12-10T14:33:55+00:00","og_image":[{"width":1200,"height":1200,"url":"https:\/\/gccb.com\/wp-content\/uploads\/2024\/10\/Fiesta-Fin-de-Ano_post-e1735564760790.jpg","type":"image\/jpeg"}],"twitter_card":"summary_large_image","schema":{"@context":"https:\/\/schema.org","@graph":[{"@type":"WebPage","@id":"https:\/\/gccb.com\/en\/producto\/new-years-eve-party-2024\/","url":"https:\/\/gccb.com\/en\/producto\/new-years-eve-party-2024\/","name":"NEW YEAR'S EVE PARTY 2024 - Gran Casino Costa Brava","isPartOf":{"@id":"https:\/\/gccb.com\/#website"},"primaryImageOfPage":{"@id":"https:\/\/gccb.com\/en\/producto\/new-years-eve-party-2024\/#primaryimage"},"image":{"@id":"https:\/\/gccb.com\/en\/producto\/new-years-eve-party-2024\/#primaryimage"},"thumbnailUrl":"https:\/\/gccb.com\/wp-content\/uploads\/2024\/10\/Fiesta-Fin-de-Ano_post-e1735564760790.jpg","datePublished":"2024-10-02T18:23:17+00:00","dateModified":"2024-12-10T14:33:55+00:00","breadcrumb":{"@id":"https:\/\/gccb.com\/en\/producto\/new-years-eve-party-2024\/#breadcrumb"},"inLanguage":"en-US","potentialAction":[{"@type":"ReadAction","target":["https:\/\/gccb.com\/en\/producto\/new-years-eve-party-2024\/"]}]},{"@type":"ImageObject","inLanguage":"en-US","@id":"https:\/\/gccb.com\/en\/producto\/new-years-eve-party-2024\/#primaryimage","url":"https:\/\/gccb.com\/wp-content\/uploads\/2024\/10\/Fiesta-Fin-de-Ano_post-e1735564760790.jpg","contentUrl":"https:\/\/gccb.com\/wp-content\/uploads\/2024\/10\/Fiesta-Fin-de-Ano_post-e1735564760790.jpg","width":1200,"height":1200},{"@type":"BreadcrumbList","@id":"https:\/\/gccb.com\/en\/producto\/new-years-eve-party-2024\/#breadcrumb","itemListElement":[{"@type":"ListItem","position":1,"name":"Home","item":"https:\/\/gccb.com\/en\/"},{"@type":"ListItem","position":2,"name":"Shop","item":"https:\/\/gccb.com\/en\/shop\/"},{"@type":"ListItem","position":3,"name":"NEW YEAR&#8217;S EVE PARTY 2024"}]},{"@type":"WebSite","@id":"https:\/\/gccb.com\/#website","url":"https:\/\/gccb.com\/","name":"Gran Casino Costa Brava","description":"Gran Casino Costa Brava","potentialAction":[{"@type":"SearchAction","target":{"@type":"EntryPoint","urlTemplate":"https:\/\/gccb.com\/?s={search_term_string}"},"query-input":{"@type":"PropertyValueSpecification","valueRequired":true,"valueName":"search_term_string"}}],"inLanguage":"en-US"}]}},"publishpress_future_action":{"enabled":false,"date":"2026-04-30 01:19:21","action":"change-status","newStatus":"trash","terms":[],"taxonomy":"product_brand","extraData":[]},"publishpress_future_workflow_manual_trigger":{"enabledWorkflows":[]},"_links":{"self":[{"href":"https:\/\/gccb.com\/en\/wp-json\/wp\/v2\/product\/33423","targetHints":{"allow":["GET"]}}],"collection":[{"href":"https:\/\/gccb.com\/en\/wp-json\/wp\/v2\/product"}],"about":[{"href":"https:\/\/gccb.com\/en\/wp-json\/wp\/v2\/types\/product"}],"version-history":[{"count":1,"href":"https:\/\/gccb.com\/en\/wp-json\/wp\/v2\/product\/33423\/revisions"}],"predecessor-version":[{"id":33424,"href":"https:\/\/gccb.com\/en\/wp-json\/wp\/v2\/product\/33423\/revisions\/33424"}],"wp:featuredmedia":[{"embeddable":true,"href":"https:\/\/gccb.com\/en\/wp-json\/wp\/v2\/media\/32480"}],"wp:attachment":[{"href":"https:\/\/gccb.com\/en\/wp-json\/wp\/v2\/media?parent=33423"}],"wp:term":[{"taxonomy":"product_brand","embeddable":true,"href":"https:\/\/gccb.com\/en\/wp-json\/wp\/v2\/product_brand?post=33423"},{"taxonomy":"product_cat","embeddable":true,"href":"https:\/\/gccb.com\/en\/wp-json\/wp\/v2\/product_cat?post=33423"},{"taxonomy":"product_tag","embeddable":true,"href":"https:\/\/gccb.com\/en\/wp-json\/wp\/v2\/product_tag?post=33423"}],"curies":[{"name":"wp","href":"https:\/\/api.w.org\/{rel}","templated":true}]}}