{"id":14731,"date":"2020-07-21T08:40:38","date_gmt":"2020-07-21T06:40:38","guid":{"rendered":"https:\/\/gccb.com\/?page_id=14731"},"modified":"2024-01-05T14:45:20","modified_gmt":"2024-01-05T13:45:20","slug":"cirsa-winner-club","status":"publish","type":"page","link":"https:\/\/gccb.com\/fr\/cirsa-winner-club\/","title":{"rendered":"CIRSA Winner Club"},"content":{"rendered":"<p><img fetchpriority=\"high\" decoding=\"async\" class=\"alignnone size-full wp-image-28573\" src=\"https:\/\/gccb.com\/wp-content\/uploads\/2024\/01\/fr.jpg\" alt=\"\" width=\"1200\" height=\"600\" srcset=\"https:\/\/gccb.com\/wp-content\/uploads\/2024\/01\/fr.jpg 1200w, https:\/\/gccb.com\/wp-content\/uploads\/2024\/01\/fr-300x150.jpg 300w, https:\/\/gccb.com\/wp-content\/uploads\/2024\/01\/fr-1024x512.jpg 1024w, https:\/\/gccb.com\/wp-content\/uploads\/2024\/01\/fr-768x384.jpg 768w, https:\/\/gccb.com\/wp-content\/uploads\/2024\/01\/fr-600x300.jpg 600w\" sizes=\"(max-width: 1200px) 100vw, 1200px\" \/><\/p>\n<h2>CIRSA Winner Club<\/h2>\n<h3>Bienvenue dans le club des gagnants !<\/h3>\n<p>CIRSA Winner Club est la carte de fid\u00e9lit\u00e9 du Gran Casino Costa Brava.. D\u00e9sormais, pour chaque euro que vous jouez sur nos machines, vous accumulez des points que vous pouvez \u00e9changer contre de l&#8217;argent pour jouer, des produits d&#8217;accueil, des billets pour <a href=\"https:\/\/gccb.com\/#eventos\">notres shows<\/a>&#8230; et tous ces avantages !<br \/>\n<img decoding=\"async\" src=\"https:\/\/gccb.com\/wp-content\/uploads\/2022\/07\/600X742_ventajasGCCB_FRA.jpg\" sizes=\"(max-width: 600px) 100vw, 600px\" srcset=\"https:\/\/gccb.com\/wp-content\/uploads\/2022\/07\/600X742_ventajasGCCB_FRA.jpg 600w, https:\/\/gccb.com\/wp-content\/uploads\/2022\/07\/600X742_ventajasGCCB_FRA-243x300.jpg 243w\" alt=\"cwc\" width=\"600\" height=\"742\" \/><\/p>\n<p><strong>Des points, des points et encore des points ! <\/strong><\/p>\n<p>Lorsque vous rejoignez le club, vous recevez une carte charg\u00e9e de points pour jouer gratuitement. Et ce ne sont pas les seuls points que nous vous donnerons gratuitement : vous recevrez \u00e9galement des points \u00e0 jouer lorsque vous passerez dans une cat\u00e9gorie sup\u00e9rieure et \u00e0 votre anniversaire, ou lorsque vous jouerez \u00e0 des machines \u00e0 sous promotionnelles.<\/p>\n<p>Les membres Rubis, Saphir et Diamant gagnent \u00e9galement jusqu&#8217;\u00e0 trois fois plus de points lorsqu&#8217;ils participent \u00e0 une promotion.<\/p>\n<p><strong>R\u00e9ductions dans les h\u00f4tels et les forfaits touristiques<\/strong><\/p>\n<p>Votre carte CWC vous garantit des r\u00e9ductions chaque fois que vous consommez des produits du bar ou du restaurant, ou lorsque vous s\u00e9journez dans nos h\u00f4tels partenaires.<\/p>\n<p><strong><em>Parking<\/em><\/strong><\/p>\n<p>Gratuit pour les clients rub\u00ed, zafiro et diamante.<\/p>\n<p><strong>Billets de spectacle<\/strong><\/p>\n<p>B\u00e9n\u00e9ficier de billets gratuits pour les spectacles produits par le GCCB.<\/p>\n<p><strong>\u00c9v\u00e9nements exclusifs<\/strong><\/p>\n<p>Seuls les membres du club ont acc\u00e8s \u00e0 des tournois et des soir\u00e9es exclusives sur les machines a sous.<\/p>\n<p><img decoding=\"async\" src=\"https:\/\/gccb.com\/wp-content\/uploads\/2020\/07\/foto2.jpg\" sizes=\"(max-width: 500px) 100vw, 500px\" srcset=\"https:\/\/gccb.com\/wp-content\/uploads\/2020\/07\/foto2.jpg 500w, https:\/\/gccb.com\/wp-content\/uploads\/2020\/07\/foto2-300x200.jpg 300w, https:\/\/gccb.com\/wp-content\/uploads\/2020\/07\/foto2-66x43.jpg 66w\" alt=\"CIRSA Winner Club\" width=\"500\" height=\"333\" \/><\/p>\n<p>Voulez-vous rejoindre le club des gagnants ? Pr\u00e9sentez-vous au comptoir du Winner Club dans l&#8217;espace machines ou \u00e0 la r\u00e9ception et remplissez le formulaire d&#8217;adh\u00e9sion.<\/p>\n<p><img loading=\"lazy\" decoding=\"async\" src=\"https:\/\/gccb.com\/wp-content\/uploads\/2020\/07\/foto3.jpg\" sizes=\"(max-width: 500px) 100vw, 500px\" srcset=\"https:\/\/gccb.com\/wp-content\/uploads\/2020\/07\/foto3.jpg 500w, https:\/\/gccb.com\/wp-content\/uploads\/2020\/07\/foto3-300x200.jpg 300w, https:\/\/gccb.com\/wp-content\/uploads\/2020\/07\/foto3-66x43.jpg 66w\" alt=\"Machines a Sous Lloret CIRSA Winner Club\" width=\"500\" height=\"333\" \/><\/p>\n<p>Si vous avez la carte CIRSA Winner Club et que vous allez acheter quelque chose dans notre boutique en ligne&#8230; <a href=\"https:\/\/gccb.com\/#contact\" target=\"_blank\" rel=\"noopener\">contactez-nous d&#8217;abord ! Vous pourriez b\u00e9n\u00e9ficier de r\u00e9ductions et d&#8217;avantages.<\/a><\/p>\n<h3>Questions fr\u00e9quemment pos\u00e9es<\/h3>\n<p><em>Le nombre de points accumul\u00e9s est-il pris en compte ?<\/em><\/p>\n<p>Le nombre de points que vous avez obtenus gr\u00e2ce \u00e0 vos paris est pris en compte, et non le nombre de points que vous avez accumul\u00e9s \u00e0 un moment donn\u00e9. Nous ne v\u00e9rifions pas le nombre de points que votre compte a accumul\u00e9s \u00e0 un moment donn\u00e9, mais le nombre de points que vous avez gagn\u00e9s.<\/p>\n<p><em>Des points promotionnels sont-ils ajout\u00e9s pour le surclassement ?<\/em><\/p>\n<p>Non. Les points cadeaux que vous gagnez (lors de votre surclassement, \u00e0 votre anniversaire, etc.) ne seront pas pris en compte pour votre surclassement. Seuls les points que vous gagnez avec votre jeu (coin in).<\/p>\n<p><em>Dans quel d\u00e9lai dois-je obtenir les points pour changer de cat\u00e9gorie ?<\/em><\/p>\n<p>Pour atteindre un niveau sup\u00e9rieur, les points de base requis doivent \u00eatre accumul\u00e9s en 90 jours. Pour les d\u00e9classements, un an.<\/p>\n<p><em>Expiration des points<\/em><\/p>\n<p>La p\u00e9riode d&#8217;expiration du point indique la dur\u00e9e de validit\u00e9 du point depuis sa cr\u00e9ation. La consommation du solde d&#8217;un compte se fait en calculant tous les points g\u00e9n\u00e9r\u00e9s dans une p\u00e9riode moins ceux consomm\u00e9s dans cette p\u00e9riode. Le solde positif expire apr\u00e8s un an.<\/p>\n<h2>Visitez d&#8217;autres casinos avec votre carte cwc !<\/h2>\n<p style=\"text-align: center;\">Si vous \u00eates membre du CIRSA Winner Club et que vous vous rendez dans l&#8217;un de nos casinos en Espagne, vous pourrez b\u00e9n\u00e9ficier de tous ces avantages :<\/p>\n<p style=\"text-align: center;\">Entr\u00e9e gratuite | Boisson de bienvenue gratuite | Parking gratuit*<\/p>\n<p>.<br \/>\n<img loading=\"lazy\" decoding=\"async\" src=\"https:\/\/gccb.com\/wp-content\/uploads\/2022\/03\/LPA-1.png\" alt=\"LPA\" width=\"175\" height=\"110\" \/><br \/>\n<a role=\"button\" href=\"https:\/\/casinolaspalmas.com\/\" target=\"_blank\" rel=\"noopener\"><br \/>\nVisitez le site web<br \/>\n<\/a><br \/>\n<img loading=\"lazy\" decoding=\"async\" src=\"https:\/\/gccb.com\/wp-content\/uploads\/2022\/03\/ccv.png\" alt=\"CCV\" width=\"175\" height=\"110\" \/><br \/>\n<a role=\"button\" href=\"https:\/\/casinocirsavalencia.com\" target=\"_blank\" rel=\"noopener\"><br \/>\nVisitez le site web<br \/>\n<\/a><br \/>\n<img loading=\"lazy\" decoding=\"async\" src=\"https:\/\/gccb.com\/wp-content\/uploads\/2022\/03\/marbella.png\" alt=\"marbella\" width=\"175\" height=\"110\" \/><br \/>\n<a role=\"button\" href=\"https:\/\/casinomarbella.com\" target=\"_blank\" rel=\"noopener\"><br \/>\nVisitez le site web<br \/>\n<\/a><\/p>\n<p style=\"font-size: 10px;\">(*) Parking sous r\u00e9serve de disponibilit\u00e9, en ao\u00fbt et aux dates sp\u00e9ciales, il n&#8217;est pas possible de garantir une place de parking.<\/p>\n","protected":false},"excerpt":{"rendered":"<p>CIRSA Winner Club Bienvenue dans le club des gagnants !&hellip;<\/p>\n<p> <a class=\"more-link\" href=\"https:\/\/gccb.com\/fr\/cirsa-winner-club\/\">Lire la suite<\/a><\/p>\n","protected":false},"author":19,"featured_media":16620,"parent":0,"menu_order":68,"comment_status":"closed","ping_status":"closed","template":"","meta":{"_acf_changed":false,"footnotes":""},"class_list":["post-14731","page","type-page","status-publish","has-post-thumbnail"],"acf":[],"yoast_head":"<!-- This site is optimized with the Yoast SEO plugin v27.3 - https:\/\/yoast.com\/product\/yoast-seo-wordpress\/ -->\n<title>CIRSA Winner Club - Gran Casino Costa Brava<\/title>\n<meta name=\"description\" content=\"BIENVENUE AU CLUB DES GAGNANTS DU CASINO! Chaque euro que vous jouez vous permettra d\u2019accumuler des points que vous pourrez \u00e9changer contre des prix!\" \/>\n<meta name=\"robots\" content=\"index, follow, max-snippet:-1, max-image-preview:large, max-video-preview:-1\" \/>\n<link rel=\"canonical\" href=\"https:\/\/gccb.com\/fr\/cirsa-winner-club\/\" \/>\n<meta property=\"og:locale\" content=\"fr_FR\" \/>\n<meta property=\"og:type\" content=\"article\" \/>\n<meta property=\"og:title\" content=\"CIRSA Winner Club - Gran Casino Costa Brava\" \/>\n<meta property=\"og:description\" content=\"BIENVENUE AU CLUB DES GAGNANTS DU CASINO! Chaque euro que vous jouez vous permettra d\u2019accumuler des points que vous pourrez \u00e9changer contre des prix!\" \/>\n<meta property=\"og:url\" content=\"https:\/\/gccb.com\/fr\/cirsa-winner-club\/\" \/>\n<meta property=\"og:site_name\" content=\"Gran Casino Costa Brava\" \/>\n<meta property=\"article:modified_time\" content=\"2024-01-05T13:45:20+00:00\" \/>\n<meta property=\"og:image\" content=\"https:\/\/gccb.com\/wp-content\/uploads\/2022\/03\/card-cwc.jpg\" \/>\n\t<meta property=\"og:image:width\" content=\"671\" \/>\n\t<meta property=\"og:image:height\" content=\"578\" \/>\n\t<meta property=\"og:image:type\" content=\"image\/jpeg\" \/>\n<meta name=\"twitter:card\" content=\"summary_large_image\" \/>\n<meta name=\"twitter:label1\" content=\"Dur\u00e9e de lecture estim\u00e9e\" \/>\n\t<meta name=\"twitter:data1\" content=\"5 minutes\" \/>\n<script type=\"application\/ld+json\" class=\"yoast-schema-graph\">{\"@context\":\"https:\\\/\\\/schema.org\",\"@graph\":[{\"@type\":\"WebPage\",\"@id\":\"https:\\\/\\\/gccb.com\\\/fr\\\/cirsa-winner-club\\\/\",\"url\":\"https:\\\/\\\/gccb.com\\\/fr\\\/cirsa-winner-club\\\/\",\"name\":\"CIRSA Winner Club - Gran Casino Costa Brava\",\"isPartOf\":{\"@id\":\"https:\\\/\\\/gccb.com\\\/#website\"},\"primaryImageOfPage\":{\"@id\":\"https:\\\/\\\/gccb.com\\\/fr\\\/cirsa-winner-club\\\/#primaryimage\"},\"image\":{\"@id\":\"https:\\\/\\\/gccb.com\\\/fr\\\/cirsa-winner-club\\\/#primaryimage\"},\"thumbnailUrl\":\"https:\\\/\\\/gccb.com\\\/wp-content\\\/uploads\\\/2022\\\/03\\\/card-cwc.jpg\",\"datePublished\":\"2020-07-21T06:40:38+00:00\",\"dateModified\":\"2024-01-05T13:45:20+00:00\",\"description\":\"BIENVENUE AU CLUB DES GAGNANTS DU CASINO! Chaque euro que vous jouez vous permettra d\u2019accumuler des points que vous pourrez \u00e9changer contre des prix!\",\"breadcrumb\":{\"@id\":\"https:\\\/\\\/gccb.com\\\/fr\\\/cirsa-winner-club\\\/#breadcrumb\"},\"inLanguage\":\"fr-FR\",\"potentialAction\":[{\"@type\":\"ReadAction\",\"target\":[\"https:\\\/\\\/gccb.com\\\/fr\\\/cirsa-winner-club\\\/\"]}]},{\"@type\":\"ImageObject\",\"inLanguage\":\"fr-FR\",\"@id\":\"https:\\\/\\\/gccb.com\\\/fr\\\/cirsa-winner-club\\\/#primaryimage\",\"url\":\"https:\\\/\\\/gccb.com\\\/wp-content\\\/uploads\\\/2022\\\/03\\\/card-cwc.jpg\",\"contentUrl\":\"https:\\\/\\\/gccb.com\\\/wp-content\\\/uploads\\\/2022\\\/03\\\/card-cwc.jpg\",\"width\":671,\"height\":578,\"caption\":\"Cirsa Winner Club\"},{\"@type\":\"BreadcrumbList\",\"@id\":\"https:\\\/\\\/gccb.com\\\/fr\\\/cirsa-winner-club\\\/#breadcrumb\",\"itemListElement\":[{\"@type\":\"ListItem\",\"position\":1,\"name\":\"Home\",\"item\":\"https:\\\/\\\/gccb.com\\\/fr\\\/\"},{\"@type\":\"ListItem\",\"position\":2,\"name\":\"CIRSA Winner Club\"}]},{\"@type\":\"WebSite\",\"@id\":\"https:\\\/\\\/gccb.com\\\/#website\",\"url\":\"https:\\\/\\\/gccb.com\\\/\",\"name\":\"Gran Casino Costa Brava\",\"description\":\"Gran Casino Costa Brava\",\"potentialAction\":[{\"@type\":\"SearchAction\",\"target\":{\"@type\":\"EntryPoint\",\"urlTemplate\":\"https:\\\/\\\/gccb.com\\\/?s={search_term_string}\"},\"query-input\":{\"@type\":\"PropertyValueSpecification\",\"valueRequired\":true,\"valueName\":\"search_term_string\"}}],\"inLanguage\":\"fr-FR\"}]}<\/script>\n<!-- \/ Yoast SEO plugin. -->","yoast_head_json":{"title":"CIRSA Winner Club - Gran Casino Costa Brava","description":"BIENVENUE AU CLUB DES GAGNANTS DU CASINO! Chaque euro que vous jouez vous permettra d\u2019accumuler des points que vous pourrez \u00e9changer contre des prix!","robots":{"index":"index","follow":"follow","max-snippet":"max-snippet:-1","max-image-preview":"max-image-preview:large","max-video-preview":"max-video-preview:-1"},"canonical":"https:\/\/gccb.com\/fr\/cirsa-winner-club\/","og_locale":"fr_FR","og_type":"article","og_title":"CIRSA Winner Club - Gran Casino Costa Brava","og_description":"BIENVENUE AU CLUB DES GAGNANTS DU CASINO! Chaque euro que vous jouez vous permettra d\u2019accumuler des points que vous pourrez \u00e9changer contre des prix!","og_url":"https:\/\/gccb.com\/fr\/cirsa-winner-club\/","og_site_name":"Gran Casino Costa Brava","article_modified_time":"2024-01-05T13:45:20+00:00","og_image":[{"width":671,"height":578,"url":"https:\/\/gccb.com\/wp-content\/uploads\/2022\/03\/card-cwc.jpg","type":"image\/jpeg"}],"twitter_card":"summary_large_image","twitter_misc":{"Dur\u00e9e de lecture estim\u00e9e":"5 minutes"},"schema":{"@context":"https:\/\/schema.org","@graph":[{"@type":"WebPage","@id":"https:\/\/gccb.com\/fr\/cirsa-winner-club\/","url":"https:\/\/gccb.com\/fr\/cirsa-winner-club\/","name":"CIRSA Winner Club - Gran Casino Costa Brava","isPartOf":{"@id":"https:\/\/gccb.com\/#website"},"primaryImageOfPage":{"@id":"https:\/\/gccb.com\/fr\/cirsa-winner-club\/#primaryimage"},"image":{"@id":"https:\/\/gccb.com\/fr\/cirsa-winner-club\/#primaryimage"},"thumbnailUrl":"https:\/\/gccb.com\/wp-content\/uploads\/2022\/03\/card-cwc.jpg","datePublished":"2020-07-21T06:40:38+00:00","dateModified":"2024-01-05T13:45:20+00:00","description":"BIENVENUE AU CLUB DES GAGNANTS DU CASINO! Chaque euro que vous jouez vous permettra d\u2019accumuler des points que vous pourrez \u00e9changer contre des prix!","breadcrumb":{"@id":"https:\/\/gccb.com\/fr\/cirsa-winner-club\/#breadcrumb"},"inLanguage":"fr-FR","potentialAction":[{"@type":"ReadAction","target":["https:\/\/gccb.com\/fr\/cirsa-winner-club\/"]}]},{"@type":"ImageObject","inLanguage":"fr-FR","@id":"https:\/\/gccb.com\/fr\/cirsa-winner-club\/#primaryimage","url":"https:\/\/gccb.com\/wp-content\/uploads\/2022\/03\/card-cwc.jpg","contentUrl":"https:\/\/gccb.com\/wp-content\/uploads\/2022\/03\/card-cwc.jpg","width":671,"height":578,"caption":"Cirsa Winner Club"},{"@type":"BreadcrumbList","@id":"https:\/\/gccb.com\/fr\/cirsa-winner-club\/#breadcrumb","itemListElement":[{"@type":"ListItem","position":1,"name":"Home","item":"https:\/\/gccb.com\/fr\/"},{"@type":"ListItem","position":2,"name":"CIRSA Winner Club"}]},{"@type":"WebSite","@id":"https:\/\/gccb.com\/#website","url":"https:\/\/gccb.com\/","name":"Gran Casino Costa Brava","description":"Gran Casino Costa Brava","potentialAction":[{"@type":"SearchAction","target":{"@type":"EntryPoint","urlTemplate":"https:\/\/gccb.com\/?s={search_term_string}"},"query-input":{"@type":"PropertyValueSpecification","valueRequired":true,"valueName":"search_term_string"}}],"inLanguage":"fr-FR"}]}},"publishpress_future_workflow_manual_trigger":{"enabledWorkflows":[]},"_links":{"self":[{"href":"https:\/\/gccb.com\/fr\/wp-json\/wp\/v2\/pages\/14731","targetHints":{"allow":["GET"]}}],"collection":[{"href":"https:\/\/gccb.com\/fr\/wp-json\/wp\/v2\/pages"}],"about":[{"href":"https:\/\/gccb.com\/fr\/wp-json\/wp\/v2\/types\/page"}],"author":[{"embeddable":true,"href":"https:\/\/gccb.com\/fr\/wp-json\/wp\/v2\/users\/19"}],"replies":[{"embeddable":true,"href":"https:\/\/gccb.com\/fr\/wp-json\/wp\/v2\/comments?post=14731"}],"version-history":[{"count":16,"href":"https:\/\/gccb.com\/fr\/wp-json\/wp\/v2\/pages\/14731\/revisions"}],"predecessor-version":[{"id":28578,"href":"https:\/\/gccb.com\/fr\/wp-json\/wp\/v2\/pages\/14731\/revisions\/28578"}],"wp:featuredmedia":[{"embeddable":true,"href":"https:\/\/gccb.com\/fr\/wp-json\/wp\/v2\/media\/16620"}],"wp:attachment":[{"href":"https:\/\/gccb.com\/fr\/wp-json\/wp\/v2\/media?parent=14731"}],"curies":[{"name":"wp","href":"https:\/\/api.w.org\/{rel}","templated":true}]}}