{"id":14807,"date":"2020-08-18T19:17:44","date_gmt":"2020-08-18T17:17:44","guid":{"rendered":"https:\/\/gccb.com\/juga-segur\/"},"modified":"2022-05-04T19:18:59","modified_gmt":"2022-05-04T17:18:59","slug":"securite","status":"publish","type":"page","link":"https:\/\/gccb.com\/fr\/securite\/","title":{"rendered":"jouer en toute s\u00e9curit\u00e9"},"content":{"rendered":"\t\t<div data-elementor-type=\"wp-page\" data-elementor-id=\"14807\" class=\"elementor elementor-14807 elementor-14525\">\n\t\t\t\t\t\t<section class=\"elementor-section elementor-top-section elementor-element elementor-element-ff3b727 elementor-section-boxed elementor-section-height-default elementor-section-height-default\" data-id=\"ff3b727\" data-element_type=\"section\" data-e-type=\"section\">\n\t\t\t\t\t\t<div class=\"elementor-container elementor-column-gap-default\">\n\t\t\t\t\t<div class=\"elementor-column elementor-col-100 elementor-top-column elementor-element elementor-element-b32dd6a\" data-id=\"b32dd6a\" data-element_type=\"column\" data-e-type=\"column\">\n\t\t\t<div class=\"elementor-widget-wrap elementor-element-populated\">\n\t\t\t\t\t\t<div class=\"elementor-element elementor-element-941ae48 elementor-invisible elementor-widget elementor-widget-heading\" data-id=\"941ae48\" data-element_type=\"widget\" data-e-type=\"widget\" data-settings=\"{&quot;_animation&quot;:&quot;rubberBand&quot;}\" data-widget_type=\"heading.default\">\n\t\t\t\t<div class=\"elementor-widget-container\">\n\t\t\t\t\t<h2 class=\"elementor-heading-title elementor-size-default\">jouer en toute s\u00e9curit\u00e9 avec nous<\/h2>\t\t\t\t<\/div>\n\t\t\t\t<\/div>\n\t\t\t\t<div class=\"elementor-element elementor-element-d29e50a elementor-widget elementor-widget-text-editor\" data-id=\"d29e50a\" data-element_type=\"widget\" data-e-type=\"widget\" data-widget_type=\"text-editor.default\">\n\t\t\t\t<div class=\"elementor-widget-container\">\n\t\t\t\t\t\t\t\t\t<p>Le Gran Casino Costa Brava a mis tous les moyens pour \u00eatre l&#8217;espace de jeu le plus s\u00fbr que vous connaissez.<\/p>\t\t\t\t\t\t\t\t<\/div>\n\t\t\t\t<\/div>\n\t\t\t\t\t<\/div>\n\t\t<\/div>\n\t\t\t\t\t<\/div>\n\t\t<\/section>\n\t\t\t\t<section class=\"elementor-section elementor-top-section elementor-element elementor-element-f997f56 elementor-section-boxed elementor-section-height-default elementor-section-height-default\" data-id=\"f997f56\" data-element_type=\"section\" data-e-type=\"section\">\n\t\t\t\t\t\t<div class=\"elementor-container elementor-column-gap-default\">\n\t\t\t\t\t<div class=\"elementor-column elementor-col-50 elementor-top-column elementor-element elementor-element-8ddef98\" data-id=\"8ddef98\" data-element_type=\"column\" data-e-type=\"column\">\n\t\t\t<div class=\"elementor-widget-wrap elementor-element-populated\">\n\t\t\t\t\t\t<div class=\"elementor-element elementor-element-344dfcf elementor-widget elementor-widget-text-editor\" data-id=\"344dfcf\" data-element_type=\"widget\" data-e-type=\"widget\" data-widget_type=\"text-editor.default\">\n\t\t\t\t<div class=\"elementor-widget-container\">\n\t\t\t\t\t\t\t\t\t<p>Regardez la vid\u00e9o pour connaitre les protocoles et les mesures que nous avons activ\u00e9es pour vous prot\u00e9ger du COVID-19 avant votre visite, pendant que vous jouez et lorsque vous partez.<\/p><p>Nous voulons garantir une s\u00e9curit\u00e9 maximale \u00e0 tous nos clients et collaborateurs. Nous sommes le plus grand espace de jeu de G\u00e9rone, ce qui garantit des distances. Mais nous voulons \u00eatre<strong> l&#8217;espace le plus s\u00fbr que vous ayez jamais connu<\/strong>.<\/p>\t\t\t\t\t\t\t\t<\/div>\n\t\t\t\t<\/div>\n\t\t\t\t\t<\/div>\n\t\t<\/div>\n\t\t\t\t<div class=\"elementor-column elementor-col-50 elementor-top-column elementor-element elementor-element-8703d9e\" data-id=\"8703d9e\" data-element_type=\"column\" data-e-type=\"column\">\n\t\t\t<div class=\"elementor-widget-wrap elementor-element-populated\">\n\t\t\t\t\t\t<div class=\"elementor-element elementor-element-8ea7f30 elementor-widget elementor-widget-video\" data-id=\"8ea7f30\" data-element_type=\"widget\" data-e-type=\"widget\" data-settings=\"{&quot;video_type&quot;:&quot;vimeo&quot;,&quot;autoplay&quot;:&quot;yes&quot;,&quot;play_on_mobile&quot;:&quot;yes&quot;}\" data-widget_type=\"video.default\">\n\t\t\t\t<div class=\"elementor-widget-container\">\n\t\t\t\t\t\t\t<div class=\"elementor-wrapper elementor-open-inline\">\n\t\t\t<iframe class=\"elementor-video-iframe\" allowfullscreen allow=\"autoplay\" title=\"Lecteur vid\u00e9o vimeo\" src=\"https:\/\/player.vimeo.com\/video\/426571965?autoplay=1&amp;playsinline=1&amp;color&amp;autopause=0&amp;loop=0&amp;muted=0&amp;title=0&amp;portrait=1&amp;byline=0#t=\"><\/iframe>\t\t<\/div>\n\t\t\t\t\t\t<\/div>\n\t\t\t\t<\/div>\n\t\t\t\t\t<\/div>\n\t\t<\/div>\n\t\t\t\t\t<\/div>\n\t\t<\/section>\n\t\t\t\t<section class=\"elementor-section elementor-top-section elementor-element elementor-element-d7ae80d elementor-section-boxed elementor-section-height-default elementor-section-height-default\" data-id=\"d7ae80d\" data-element_type=\"section\" data-e-type=\"section\">\n\t\t\t\t\t\t<div class=\"elementor-container elementor-column-gap-default\">\n\t\t\t\t\t<div class=\"elementor-column elementor-col-50 elementor-top-column elementor-element elementor-element-63ce792\" data-id=\"63ce792\" data-element_type=\"column\" data-e-type=\"column\">\n\t\t\t<div class=\"elementor-widget-wrap elementor-element-populated\">\n\t\t\t\t\t\t<div class=\"elementor-element elementor-element-2a93c7a elementor-widget elementor-widget-text-editor\" data-id=\"2a93c7a\" data-element_type=\"widget\" data-e-type=\"widget\" data-widget_type=\"text-editor.default\">\n\t\t\t\t<div class=\"elementor-widget-container\">\n\t\t\t\t\t\t\t\t\t<p>Nous ferons tout notre possible pour <strong>emp\u00eacher le virus d&#8217;entrer dans la salle<\/strong>:<\/p><ul><li>Nous avons compl\u00e8tement d\u00e9sinfect\u00e9 toute la salle.<\/li><li>Nous avons num\u00e9ris\u00e9 le mat\u00e9riel manipul\u00e9, comme les cartes de bar.<\/li><li>Nous surveillons strictement les quarts de travail des employ\u00e9s pour savoir avec quels coll\u00e8gues ou clients ils ont interagi.<\/li><\/ul>\t\t\t\t\t\t\t\t<\/div>\n\t\t\t\t<\/div>\n\t\t\t\t\t<\/div>\n\t\t<\/div>\n\t\t\t\t<div class=\"elementor-column elementor-col-50 elementor-top-column elementor-element elementor-element-2b89d53\" data-id=\"2b89d53\" data-element_type=\"column\" data-e-type=\"column\">\n\t\t\t<div class=\"elementor-widget-wrap elementor-element-populated\">\n\t\t\t\t\t\t<div class=\"elementor-element elementor-element-d70eff3 elementor-widget elementor-widget-image\" data-id=\"d70eff3\" data-element_type=\"widget\" data-e-type=\"widget\" data-widget_type=\"image.default\">\n\t\t\t\t<div class=\"elementor-widget-container\">\n\t\t\t\t\t\t\t\t\t\t\t\t\t\t\t<img decoding=\"async\" src=\"https:\/\/gccb.com\/wp-content\/uploads\/2020\/06\/stop-coronavirus.png\" title=\"\" alt=\"\" loading=\"lazy\" \/>\t\t\t\t\t\t\t\t\t\t\t\t\t\t\t<\/div>\n\t\t\t\t<\/div>\n\t\t\t\t\t<\/div>\n\t\t<\/div>\n\t\t\t\t\t<\/div>\n\t\t<\/section>\n\t\t\t\t<section class=\"elementor-section elementor-top-section elementor-element elementor-element-a567385 elementor-section-boxed elementor-section-height-default elementor-section-height-default\" data-id=\"a567385\" data-element_type=\"section\" data-e-type=\"section\">\n\t\t\t\t\t\t<div class=\"elementor-container elementor-column-gap-default\">\n\t\t\t\t\t<div class=\"elementor-column elementor-col-50 elementor-top-column elementor-element elementor-element-f9a87a3\" data-id=\"f9a87a3\" data-element_type=\"column\" data-e-type=\"column\">\n\t\t\t<div class=\"elementor-widget-wrap elementor-element-populated\">\n\t\t\t\t\t\t<div class=\"elementor-element elementor-element-59424db elementor-widget elementor-widget-text-editor\" data-id=\"59424db\" data-element_type=\"widget\" data-e-type=\"widget\" data-widget_type=\"text-editor.default\">\n\t\t\t\t<div class=\"elementor-widget-container\">\n\t\t\t\t\t\t\t\t\t<p>Nous avons<strong> intensifi\u00e9 les services de nettoyage<\/strong> pour maintenir la salle et les espaces communs d\u00e9sinfect\u00e9s:<\/p><ul><li>Nous d\u00e9sinfectons la pi\u00e8ce toutes les quatre heures <strong>et chaque fois que vous le demandez<\/strong>.<\/li><li>Nous utilisons des d\u00e9sinfectants sp\u00e9ciaux qui garantissent une d\u00e9sinfection \u00e0 100%<\/li><li>Nous nettoyons le mat\u00e9riel de jeu de table avec une lampe ultra-violette.<\/li><li>Vous trouverez plusieurs distributeurs de gel antibact\u00e9rien et poubelles avec couvercles install\u00e9s dans la salle pour jeter le mat\u00e9riel de protection.<\/li><\/ul>\t\t\t\t\t\t\t\t<\/div>\n\t\t\t\t<\/div>\n\t\t\t\t\t<\/div>\n\t\t<\/div>\n\t\t\t\t<div class=\"elementor-column elementor-col-50 elementor-top-column elementor-element elementor-element-ec840d6\" data-id=\"ec840d6\" data-element_type=\"column\" data-e-type=\"column\">\n\t\t\t<div class=\"elementor-widget-wrap elementor-element-populated\">\n\t\t\t\t\t\t<div class=\"elementor-element elementor-element-6a6316f elementor-widget elementor-widget-image\" data-id=\"6a6316f\" data-element_type=\"widget\" data-e-type=\"widget\" data-widget_type=\"image.default\">\n\t\t\t\t<div class=\"elementor-widget-container\">\n\t\t\t\t\t\t\t\t\t\t\t\t\t\t\t<img decoding=\"async\" src=\"https:\/\/gccb.com\/wp-content\/uploads\/2020\/06\/neteja-sala.png\" title=\"\" alt=\"\" loading=\"lazy\" \/>\t\t\t\t\t\t\t\t\t\t\t\t\t\t\t<\/div>\n\t\t\t\t<\/div>\n\t\t\t\t\t<\/div>\n\t\t<\/div>\n\t\t\t\t\t<\/div>\n\t\t<\/section>\n\t\t\t\t<section class=\"elementor-section elementor-top-section elementor-element elementor-element-f99afd4 elementor-section-boxed elementor-section-height-default elementor-section-height-default\" data-id=\"f99afd4\" data-element_type=\"section\" data-e-type=\"section\">\n\t\t\t\t\t\t<div class=\"elementor-container elementor-column-gap-default\">\n\t\t\t\t\t<div class=\"elementor-column elementor-col-50 elementor-top-column elementor-element elementor-element-bbac1e1\" data-id=\"bbac1e1\" data-element_type=\"column\" data-e-type=\"column\">\n\t\t\t<div class=\"elementor-widget-wrap elementor-element-populated\">\n\t\t\t\t\t\t<div class=\"elementor-element elementor-element-1f72dd4 elementor-widget elementor-widget-text-editor\" data-id=\"1f72dd4\" data-element_type=\"widget\" data-e-type=\"widget\" data-widget_type=\"text-editor.default\">\n\t\t\t\t<div class=\"elementor-widget-container\">\n\t\t\t\t\t\t\t\t\t<p>Nous sommes le plus grand espace de jeu de G\u00e9rone: malgr\u00e9 cela, nous avons pris toutes les<strong> mesures pour garantir les distances<\/strong> entre les joueurs et les employ\u00e9s:<\/p><ul><li>Toutes les machines et tables ont des \u00e9crans de s\u00e9paration.<\/li><li>Les zones d&#8217;accueil et celles dans lesquelles il y a des temps d&#8217;attente ont des aires de repos, des indicateurs de distance et des \u00e9crans de protection.<\/li><li>Nous avons form\u00e9 notre \u00e9quipe pour \u00e9viter les foules.<\/li><li>Et rappelez-vous que dans GCCB, vous pouvez jouer avec des tickets, en \u00e9vitant de manipuler de l&#8217;argent liquide.<\/li><\/ul><p>\u00a0<\/p>\t\t\t\t\t\t\t\t<\/div>\n\t\t\t\t<\/div>\n\t\t\t\t\t<\/div>\n\t\t<\/div>\n\t\t\t\t<div class=\"elementor-column elementor-col-50 elementor-top-column elementor-element elementor-element-4c874c2\" data-id=\"4c874c2\" data-element_type=\"column\" data-e-type=\"column\">\n\t\t\t<div class=\"elementor-widget-wrap elementor-element-populated\">\n\t\t\t\t\t\t<div class=\"elementor-element elementor-element-6252a06 elementor-widget elementor-widget-image\" data-id=\"6252a06\" data-element_type=\"widget\" data-e-type=\"widget\" data-widget_type=\"image.default\">\n\t\t\t\t<div class=\"elementor-widget-container\">\n\t\t\t\t\t\t\t\t\t\t\t\t\t\t\t<img decoding=\"async\" src=\"https:\/\/gccb.com\/wp-content\/uploads\/2020\/06\/safety.png\" title=\"\" alt=\"\" loading=\"lazy\" \/>\t\t\t\t\t\t\t\t\t\t\t\t\t\t\t<\/div>\n\t\t\t\t<\/div>\n\t\t\t\t\t<\/div>\n\t\t<\/div>\n\t\t\t\t\t<\/div>\n\t\t<\/section>\n\t\t\t\t<section class=\"elementor-section elementor-top-section elementor-element elementor-element-eb2f9b2 elementor-section-boxed elementor-section-height-default elementor-section-height-default\" data-id=\"eb2f9b2\" data-element_type=\"section\" data-e-type=\"section\">\n\t\t\t\t\t\t<div class=\"elementor-container elementor-column-gap-default\">\n\t\t\t\t\t<div class=\"elementor-column elementor-col-50 elementor-top-column elementor-element elementor-element-82c6fe1\" data-id=\"82c6fe1\" data-element_type=\"column\" data-e-type=\"column\">\n\t\t\t<div class=\"elementor-widget-wrap elementor-element-populated\">\n\t\t\t\t\t\t<div class=\"elementor-element elementor-element-02451ae elementor-widget elementor-widget-text-editor\" data-id=\"02451ae\" data-element_type=\"widget\" data-e-type=\"widget\" data-widget_type=\"text-editor.default\">\n\t\t\t\t<div class=\"elementor-widget-container\">\n\t\t\t\t\t\t\t\t\t<p>De plus, nous avons ajout\u00e9 de nouveaux prix et promotions dans la salle. Venez les d\u00e9couvrir!<\/p>\t\t\t\t\t\t\t\t<\/div>\n\t\t\t\t<\/div>\n\t\t\t\t\t<\/div>\n\t\t<\/div>\n\t\t\t\t<div class=\"elementor-column elementor-col-50 elementor-top-column elementor-element elementor-element-39faeca\" data-id=\"39faeca\" data-element_type=\"column\" data-e-type=\"column\">\n\t\t\t<div class=\"elementor-widget-wrap elementor-element-populated\">\n\t\t\t\t\t\t<div class=\"elementor-element elementor-element-4a12a7e elementor-widget elementor-widget-image\" data-id=\"4a12a7e\" data-element_type=\"widget\" data-e-type=\"widget\" data-widget_type=\"image.default\">\n\t\t\t\t<div class=\"elementor-widget-container\">\n\t\t\t\t\t\t\t\t\t\t\t\t\t\t\t<img decoding=\"async\" src=\"https:\/\/gccb.com\/wp-content\/uploads\/2020\/06\/win.png\" title=\"\" alt=\"\" loading=\"lazy\" \/>\t\t\t\t\t\t\t\t\t\t\t\t\t\t\t<\/div>\n\t\t\t\t<\/div>\n\t\t\t\t\t<\/div>\n\t\t<\/div>\n\t\t\t\t\t<\/div>\n\t\t<\/section>\n\t\t\t\t<\/div>\n\t\t","protected":false},"excerpt":{"rendered":"<p>jouer en toute s\u00e9curit\u00e9 avec nous Le Gran Casino Costa&hellip;<\/p>\n<p> <a class=\"more-link\" href=\"https:\/\/gccb.com\/fr\/securite\/\">Lire la suite<\/a><\/p>\n","protected":false},"author":19,"featured_media":14594,"parent":0,"menu_order":70,"comment_status":"closed","ping_status":"closed","template":"","meta":{"_acf_changed":false,"footnotes":""},"class_list":["post-14807","page","type-page","status-publish","has-post-thumbnail"],"acf":[],"yoast_head":"<!-- This site is optimized with the Yoast SEO plugin v27.3 - https:\/\/yoast.com\/product\/yoast-seo-wordpress\/ -->\n<title>jouer en toute s\u00e9curit\u00e9 - Gran Casino Costa Brava<\/title>\n<meta name=\"description\" content=\"Le Gran Casino Costa Brava a mis tous les moyens pour \u00eatre l&#039;espace de jeu le plus s\u00fbr que vous connaissez.\" \/>\n<meta name=\"robots\" content=\"index, follow, max-snippet:-1, max-image-preview:large, max-video-preview:-1\" \/>\n<link rel=\"canonical\" href=\"https:\/\/gccb.com\/fr\/securite\/\" \/>\n<meta property=\"og:locale\" content=\"fr_FR\" \/>\n<meta property=\"og:type\" content=\"article\" \/>\n<meta property=\"og:title\" content=\"jouer en toute s\u00e9curit\u00e9 - Gran Casino Costa Brava\" \/>\n<meta property=\"og:description\" content=\"Le Gran Casino Costa Brava a mis tous les moyens pour \u00eatre l&#039;espace de jeu le plus s\u00fbr que vous connaissez.\" \/>\n<meta property=\"og:url\" content=\"https:\/\/gccb.com\/fr\/securite\/\" \/>\n<meta property=\"og:site_name\" content=\"Gran Casino Costa Brava\" \/>\n<meta property=\"article:modified_time\" content=\"2022-05-04T17:18:59+00:00\" \/>\n<meta property=\"og:image\" content=\"https:\/\/gccb.com\/wp-content\/uploads\/2020\/06\/logojs.png\" \/>\n\t<meta property=\"og:image:width\" content=\"1002\" \/>\n\t<meta property=\"og:image:height\" content=\"697\" \/>\n\t<meta property=\"og:image:type\" content=\"image\/png\" \/>\n<meta name=\"twitter:card\" content=\"summary_large_image\" \/>\n<meta name=\"twitter:label1\" content=\"Dur\u00e9e de lecture estim\u00e9e\" \/>\n\t<meta name=\"twitter:data1\" content=\"3 minutes\" \/>\n<script type=\"application\/ld+json\" class=\"yoast-schema-graph\">{\"@context\":\"https:\\\/\\\/schema.org\",\"@graph\":[{\"@type\":\"WebPage\",\"@id\":\"https:\\\/\\\/gccb.com\\\/fr\\\/securite\\\/\",\"url\":\"https:\\\/\\\/gccb.com\\\/fr\\\/securite\\\/\",\"name\":\"jouer en toute s\u00e9curit\u00e9 - Gran Casino Costa Brava\",\"isPartOf\":{\"@id\":\"https:\\\/\\\/gccb.com\\\/#website\"},\"primaryImageOfPage\":{\"@id\":\"https:\\\/\\\/gccb.com\\\/fr\\\/securite\\\/#primaryimage\"},\"image\":{\"@id\":\"https:\\\/\\\/gccb.com\\\/fr\\\/securite\\\/#primaryimage\"},\"thumbnailUrl\":\"https:\\\/\\\/gccb.com\\\/wp-content\\\/uploads\\\/2020\\\/06\\\/logojs.png\",\"datePublished\":\"2020-08-18T17:17:44+00:00\",\"dateModified\":\"2022-05-04T17:18:59+00:00\",\"description\":\"Le Gran Casino Costa Brava a mis tous les moyens pour \u00eatre l'espace de jeu le plus s\u00fbr que vous connaissez.\",\"breadcrumb\":{\"@id\":\"https:\\\/\\\/gccb.com\\\/fr\\\/securite\\\/#breadcrumb\"},\"inLanguage\":\"fr-FR\",\"potentialAction\":[{\"@type\":\"ReadAction\",\"target\":[\"https:\\\/\\\/gccb.com\\\/fr\\\/securite\\\/\"]}]},{\"@type\":\"ImageObject\",\"inLanguage\":\"fr-FR\",\"@id\":\"https:\\\/\\\/gccb.com\\\/fr\\\/securite\\\/#primaryimage\",\"url\":\"https:\\\/\\\/gccb.com\\\/wp-content\\\/uploads\\\/2020\\\/06\\\/logojs.png\",\"contentUrl\":\"https:\\\/\\\/gccb.com\\\/wp-content\\\/uploads\\\/2020\\\/06\\\/logojs.png\",\"width\":1002,\"height\":697,\"caption\":\"juega seguro con nosotros\"},{\"@type\":\"BreadcrumbList\",\"@id\":\"https:\\\/\\\/gccb.com\\\/fr\\\/securite\\\/#breadcrumb\",\"itemListElement\":[{\"@type\":\"ListItem\",\"position\":1,\"name\":\"Home\",\"item\":\"https:\\\/\\\/gccb.com\\\/fr\\\/\"},{\"@type\":\"ListItem\",\"position\":2,\"name\":\"jouer en toute s\u00e9curit\u00e9\"}]},{\"@type\":\"WebSite\",\"@id\":\"https:\\\/\\\/gccb.com\\\/#website\",\"url\":\"https:\\\/\\\/gccb.com\\\/\",\"name\":\"Gran Casino Costa Brava\",\"description\":\"Gran Casino Costa Brava\",\"potentialAction\":[{\"@type\":\"SearchAction\",\"target\":{\"@type\":\"EntryPoint\",\"urlTemplate\":\"https:\\\/\\\/gccb.com\\\/?s={search_term_string}\"},\"query-input\":{\"@type\":\"PropertyValueSpecification\",\"valueRequired\":true,\"valueName\":\"search_term_string\"}}],\"inLanguage\":\"fr-FR\"}]}<\/script>\n<!-- \/ Yoast SEO plugin. -->","yoast_head_json":{"title":"jouer en toute s\u00e9curit\u00e9 - Gran Casino Costa Brava","description":"Le Gran Casino Costa Brava a mis tous les moyens pour \u00eatre l'espace de jeu le plus s\u00fbr que vous connaissez.","robots":{"index":"index","follow":"follow","max-snippet":"max-snippet:-1","max-image-preview":"max-image-preview:large","max-video-preview":"max-video-preview:-1"},"canonical":"https:\/\/gccb.com\/fr\/securite\/","og_locale":"fr_FR","og_type":"article","og_title":"jouer en toute s\u00e9curit\u00e9 - Gran Casino Costa Brava","og_description":"Le Gran Casino Costa Brava a mis tous les moyens pour \u00eatre l'espace de jeu le plus s\u00fbr que vous connaissez.","og_url":"https:\/\/gccb.com\/fr\/securite\/","og_site_name":"Gran Casino Costa Brava","article_modified_time":"2022-05-04T17:18:59+00:00","og_image":[{"width":1002,"height":697,"url":"https:\/\/gccb.com\/wp-content\/uploads\/2020\/06\/logojs.png","type":"image\/png"}],"twitter_card":"summary_large_image","twitter_misc":{"Dur\u00e9e de lecture estim\u00e9e":"3 minutes"},"schema":{"@context":"https:\/\/schema.org","@graph":[{"@type":"WebPage","@id":"https:\/\/gccb.com\/fr\/securite\/","url":"https:\/\/gccb.com\/fr\/securite\/","name":"jouer en toute s\u00e9curit\u00e9 - Gran Casino Costa Brava","isPartOf":{"@id":"https:\/\/gccb.com\/#website"},"primaryImageOfPage":{"@id":"https:\/\/gccb.com\/fr\/securite\/#primaryimage"},"image":{"@id":"https:\/\/gccb.com\/fr\/securite\/#primaryimage"},"thumbnailUrl":"https:\/\/gccb.com\/wp-content\/uploads\/2020\/06\/logojs.png","datePublished":"2020-08-18T17:17:44+00:00","dateModified":"2022-05-04T17:18:59+00:00","description":"Le Gran Casino Costa Brava a mis tous les moyens pour \u00eatre l'espace de jeu le plus s\u00fbr que vous connaissez.","breadcrumb":{"@id":"https:\/\/gccb.com\/fr\/securite\/#breadcrumb"},"inLanguage":"fr-FR","potentialAction":[{"@type":"ReadAction","target":["https:\/\/gccb.com\/fr\/securite\/"]}]},{"@type":"ImageObject","inLanguage":"fr-FR","@id":"https:\/\/gccb.com\/fr\/securite\/#primaryimage","url":"https:\/\/gccb.com\/wp-content\/uploads\/2020\/06\/logojs.png","contentUrl":"https:\/\/gccb.com\/wp-content\/uploads\/2020\/06\/logojs.png","width":1002,"height":697,"caption":"juega seguro con nosotros"},{"@type":"BreadcrumbList","@id":"https:\/\/gccb.com\/fr\/securite\/#breadcrumb","itemListElement":[{"@type":"ListItem","position":1,"name":"Home","item":"https:\/\/gccb.com\/fr\/"},{"@type":"ListItem","position":2,"name":"jouer en toute s\u00e9curit\u00e9"}]},{"@type":"WebSite","@id":"https:\/\/gccb.com\/#website","url":"https:\/\/gccb.com\/","name":"Gran Casino Costa Brava","description":"Gran Casino Costa Brava","potentialAction":[{"@type":"SearchAction","target":{"@type":"EntryPoint","urlTemplate":"https:\/\/gccb.com\/?s={search_term_string}"},"query-input":{"@type":"PropertyValueSpecification","valueRequired":true,"valueName":"search_term_string"}}],"inLanguage":"fr-FR"}]}},"publishpress_future_workflow_manual_trigger":{"enabledWorkflows":[]},"_links":{"self":[{"href":"https:\/\/gccb.com\/fr\/wp-json\/wp\/v2\/pages\/14807","targetHints":{"allow":["GET"]}}],"collection":[{"href":"https:\/\/gccb.com\/fr\/wp-json\/wp\/v2\/pages"}],"about":[{"href":"https:\/\/gccb.com\/fr\/wp-json\/wp\/v2\/types\/page"}],"author":[{"embeddable":true,"href":"https:\/\/gccb.com\/fr\/wp-json\/wp\/v2\/users\/19"}],"replies":[{"embeddable":true,"href":"https:\/\/gccb.com\/fr\/wp-json\/wp\/v2\/comments?post=14807"}],"version-history":[{"count":3,"href":"https:\/\/gccb.com\/fr\/wp-json\/wp\/v2\/pages\/14807\/revisions"}],"predecessor-version":[{"id":16975,"href":"https:\/\/gccb.com\/fr\/wp-json\/wp\/v2\/pages\/14807\/revisions\/16975"}],"wp:featuredmedia":[{"embeddable":true,"href":"https:\/\/gccb.com\/fr\/wp-json\/wp\/v2\/media\/14594"}],"wp:attachment":[{"href":"https:\/\/gccb.com\/fr\/wp-json\/wp\/v2\/media?parent=14807"}],"curies":[{"name":"wp","href":"https:\/\/api.w.org\/{rel}","templated":true}]}}