{"id":15313,"date":"2021-09-21T14:50:53","date_gmt":"2021-09-21T12:50:53","guid":{"rendered":"https:\/\/gccb.com\/?page_id=15313"},"modified":"2021-09-22T11:42:04","modified_gmt":"2021-09-22T09:42:04","slug":"pre-enregistrement-cwc","status":"publish","type":"page","link":"https:\/\/gccb.com\/fr\/pre-enregistrement-cwc\/","title":{"rendered":"Pr\u00e9-enregistrement CWC"},"content":{"rendered":"\t\t<div data-elementor-type=\"wp-page\" data-elementor-id=\"15313\" class=\"elementor elementor-15313\">\n\t\t\t\t\t\t<section class=\"elementor-section elementor-top-section elementor-element elementor-element-8a3b899 elementor-section-full_width elementor-section-height-default elementor-section-height-default\" data-id=\"8a3b899\" data-element_type=\"section\" data-e-type=\"section\" data-settings=\"{&quot;background_background&quot;:&quot;classic&quot;}\">\n\t\t\t\t\t\t<div class=\"elementor-container elementor-column-gap-default\">\n\t\t\t\t\t<div class=\"elementor-column elementor-col-100 elementor-top-column elementor-element elementor-element-be521ab\" data-id=\"be521ab\" data-element_type=\"column\" data-e-type=\"column\">\n\t\t\t<div class=\"elementor-widget-wrap elementor-element-populated\">\n\t\t\t\t\t\t<div class=\"elementor-element elementor-element-32d908e elementor-widget elementor-widget-image\" data-id=\"32d908e\" data-element_type=\"widget\" data-e-type=\"widget\" data-widget_type=\"image.default\">\n\t\t\t\t<div class=\"elementor-widget-container\">\n\t\t\t\t\t\t\t\t\t\t\t\t\t\t\t<img fetchpriority=\"high\" decoding=\"async\" width=\"1200\" height=\"800\" src=\"https:\/\/gccb.com\/wp-content\/uploads\/2021\/09\/RJFR.png\" class=\"attachment-1536x1536 size-1536x1536 wp-image-15420\" alt=\"JOIN THE CLUB\" srcset=\"https:\/\/gccb.com\/wp-content\/uploads\/2021\/09\/RJFR.png 1200w, https:\/\/gccb.com\/wp-content\/uploads\/2021\/09\/RJFR-300x200.png 300w, https:\/\/gccb.com\/wp-content\/uploads\/2021\/09\/RJFR-1024x683.png 1024w, https:\/\/gccb.com\/wp-content\/uploads\/2021\/09\/RJFR-768x512.png 768w, https:\/\/gccb.com\/wp-content\/uploads\/2021\/09\/RJFR-600x400.png 600w, https:\/\/gccb.com\/wp-content\/uploads\/2021\/09\/RJFR-66x43.png 66w\" sizes=\"(max-width: 1200px) 100vw, 1200px\" \/>\t\t\t\t\t\t\t\t\t\t\t\t\t\t\t<\/div>\n\t\t\t\t<\/div>\n\t\t\t\t<div class=\"elementor-element elementor-element-9d3d025 elementor-widget elementor-widget-text-editor\" data-id=\"9d3d025\" data-element_type=\"widget\" data-e-type=\"widget\" data-widget_type=\"text-editor.default\">\n\t\t\t\t<div class=\"elementor-widget-container\">\n\t\t\t\t\t\t\t\t\t<h2>CIRSA Winner Club<\/h2>\n<h3>\u00a1BIENVENUE AU CLUB DES GAGNANTS DU CASINO!<\/h3>\n<p>Demandez d\u00e8s maintenant la carte de fid\u00e9lit\u00e9 du Gran Casino Costa Brava et recevez 10 \u20ac \u00e0 jouer. De plus, si vous demandez votre carte avant le 31 octobre, vous recevrez 10 \u20ac* suppl\u00e9mentaires&#8230; Gratuitement ! D\u00e9couvrez d\u00e8s maintenant les <a href=\"https:\/\/gccb.com\/fr\/cirsa-winner-club\/\">avantages de la carte CIRSA Winner Club<\/a>.<\/p>\n<p style=\"font-size: 9px;\">(*) Offre non cumulable. Valable uniquement pour les nouveaux membres.<\/p>\n\t\t\t\t\t\t\t\t<\/div>\n\t\t\t\t<\/div>\n\t\t\t\t\t<\/div>\n\t\t<\/div>\n\t\t\t\t\t<\/div>\n\t\t<\/section>\n\t\t\t\t<section class=\"elementor-section elementor-top-section elementor-element elementor-element-3a20127 elementor-section-boxed elementor-section-height-default elementor-section-height-default\" data-id=\"3a20127\" data-element_type=\"section\" data-e-type=\"section\">\n\t\t\t\t\t\t<div class=\"elementor-container elementor-column-gap-default\">\n\t\t\t\t\t<div class=\"elementor-column elementor-col-50 elementor-top-column elementor-element elementor-element-2e4951d\" data-id=\"2e4951d\" data-element_type=\"column\" data-e-type=\"column\">\n\t\t\t<div class=\"elementor-widget-wrap elementor-element-populated\">\n\t\t\t\t\t\t<div class=\"elementor-element elementor-element-21df67e elementor-widget elementor-widget-heading\" data-id=\"21df67e\" data-element_type=\"widget\" data-e-type=\"widget\" data-widget_type=\"heading.default\">\n\t\t\t\t<div class=\"elementor-widget-container\">\n\t\t\t\t\t<h4 class=\"elementor-heading-title elementor-size-default\">Inscrivez-vous sur ce formulaire!<\/h4>\t\t\t\t<\/div>\n\t\t\t\t<\/div>\n\t\t\t\t<div class=\"elementor-element elementor-element-55bf61b elementor-widget__width-inherit elementor-widget elementor-widget-text-editor\" data-id=\"55bf61b\" data-element_type=\"widget\" data-e-type=\"widget\" data-widget_type=\"text-editor.default\">\n\t\t\t\t<div class=\"elementor-widget-container\">\n\t\t\t\t\t\t\t\t\t<p><div class=\"wpforms-container wpforms-container-full\" id=\"wpforms-15415\"><form id=\"wpforms-form-15415\" class=\"wpforms-validate wpforms-form wpforms-ajax-form\" data-formid=\"15415\" method=\"post\" enctype=\"multipart\/form-data\" action=\"\/fr\/wp-json\/wp\/v2\/pages\/15313\" data-token=\"6d42fa8eba5f95d34085d0935938dcc9\" data-token-time=\"1775420635\"><noscript class=\"wpforms-error-noscript\">Veuillez activer JavaScript dans votre navigateur pour remplir ce formulaire.<\/noscript><div class=\"wpforms-field-container\"><div id=\"wpforms-15415-field_2-container\" class=\"wpforms-field wpforms-field-name\" data-field-id=\"2\"><label class=\"wpforms-field-label\" for=\"wpforms-15415-field_2\">Nom <span class=\"wpforms-required-label\">*<\/span><\/label><input type=\"text\" id=\"wpforms-15415-field_2\" class=\"wpforms-field-medium wpforms-field-required\" name=\"wpforms[fields][2]\" required><\/div><div id=\"wpforms-15415-field_6-container\" class=\"wpforms-field wpforms-field-select wpforms-field-select-style-classic\" data-field-id=\"6\"><label class=\"wpforms-field-label\" for=\"wpforms-15415-field_6\">Type de document <span class=\"wpforms-required-label\">*<\/span><\/label><select id=\"wpforms-15415-field_6\" class=\"wpforms-field-medium wpforms-field-required\" name=\"wpforms[fields][6]\" required=\"required\"><option value=\"Carte d&#039;identit\u00e9\"  class=\"choice-1 depth-1\"  >Carte d&#8217;identit\u00e9<\/option><option value=\"Passeport\"  class=\"choice-2 depth-1\"  >Passeport<\/option><\/select><\/div><div id=\"wpforms-15415-field_1-container\" class=\"wpforms-field wpforms-field-text\" data-field-id=\"1\"><label class=\"wpforms-field-label\" for=\"wpforms-15415-field_1\">Num\u00e9ro <span class=\"wpforms-required-label\">*<\/span><\/label><input type=\"text\" id=\"wpforms-15415-field_1\" class=\"wpforms-field-medium wpforms-field-required\" name=\"wpforms[fields][1]\" required><\/div><div id=\"wpforms-15415-field_10-container\" class=\"wpforms-field wpforms-field-date-time\" data-field-id=\"10\"><label class=\"wpforms-field-label\" for=\"wpforms-15415-field_10\">Date de naissance <span class=\"wpforms-required-label\">*<\/span><\/label><div class=\"wpforms-datepicker-wrap\"><input type=\"text\" id=\"wpforms-15415-field_10\" class=\"wpforms-field-date-time-date wpforms-datepicker wpforms-field-required wpforms-field-medium\" data-date-format=\"m\/d\/Y\" data-disable-past-dates=\"0\" data-input=\"true\" name=\"wpforms[fields][10][date]\" required><a title=\"Effacer la date\" data-clear role=\"button\" tabindex=\"0\" class=\"wpforms-datepicker-clear\" aria-label=\"Effacer la date\" style=\"display:none;\"><\/a><\/div><\/div><div id=\"wpforms-15415-field_4-container\" class=\"wpforms-field wpforms-field-phone\" data-field-id=\"4\"><label class=\"wpforms-field-label\" for=\"wpforms-15415-field_4\">Tel\u00e9phone <span class=\"wpforms-required-label\">*<\/span><\/label><input type=\"tel\" id=\"wpforms-15415-field_4\" class=\"wpforms-field-medium wpforms-field-required\" data-rule-int-phone-field=\"true\" name=\"wpforms[fields][4]\" aria-label=\"Tel\u00e9phone\" required><\/div><div id=\"wpforms-15415-field_5-container\" class=\"wpforms-field wpforms-field-email\" data-field-id=\"5\"><label class=\"wpforms-field-label\" for=\"wpforms-15415-field_5\">Email<\/label><input type=\"email\" id=\"wpforms-15415-field_5\" class=\"wpforms-field-medium\" name=\"wpforms[fields][5]\" spellcheck=\"false\" ><\/div><div id=\"wpforms-15415-field_11-container\" class=\"wpforms-field wpforms-field-date-time\" data-field-id=\"11\"><label class=\"wpforms-field-label\" for=\"wpforms-15415-field_11\">Date \u00e0 laquelle vous viendrez retirer la carte <span class=\"wpforms-required-label\">*<\/span><\/label><div class=\"wpforms-datepicker-wrap\"><input type=\"text\" id=\"wpforms-15415-field_11\" class=\"wpforms-field-date-time-date wpforms-datepicker wpforms-field-required wpforms-field-medium\" data-date-format=\"m\/d\/Y\" data-disable-past-dates=\"0\" data-input=\"true\" name=\"wpforms[fields][11][date]\" required><a title=\"Effacer la date\" data-clear role=\"button\" tabindex=\"0\" class=\"wpforms-datepicker-clear\" aria-label=\"Effacer la date\" style=\"display:none;\"><\/a><\/div><div class=\"wpforms-field-description\">Veuillez indiquer ici la date approximative de retrait de la carte afin que nous puissions la pr\u00e9parer pour vous.<\/div><\/div><div id=\"wpforms-15415-field_7-container\" class=\"wpforms-field wpforms-field-checkbox\" data-field-id=\"7\"><label class=\"wpforms-field-label\"> J&#039;accepte les textes suivants  <span class=\"wpforms-required-label\">*<\/span><\/label><ul id=\"wpforms-15415-field_7\" class=\"wpforms-field-required\"><li class=\"choice-1 depth-1\"><input type=\"checkbox\" id=\"wpforms-15415-field_7_1\" name=\"wpforms[fields][7][]\" value=\"&lt;a href=&quot;https:\/\/gccb.com\/lpd\/&quot; target=&quot;_blank&quot; rel=&quot;noopener&quot;&gt;Transfert de donn\u00e9es&lt;\/a&gt;\" required ><label class=\"wpforms-field-label-inline\" for=\"wpforms-15415-field_7_1\"><a href=\"https:\/\/gccb.com\/lpd\/\" target=\"_blank\" rel=\"noopener\">Transfert de donn\u00e9es<\/a><\/label><\/li><li class=\"choice-2 depth-1\"><input type=\"checkbox\" id=\"wpforms-15415-field_7_2\" name=\"wpforms[fields][7][]\" value=\"J&#039;ai plus de 18 ans\" required ><label class=\"wpforms-field-label-inline\" for=\"wpforms-15415-field_7_2\">J&#8217;ai plus de 18 ans<\/label><\/li><\/ul><\/div><\/div><!-- .wpforms-field-container --><div class=\"wpforms-recaptcha-container wpforms-is-recaptcha wpforms-is-recaptcha-type-v3\" ><input type=\"hidden\" name=\"wpforms[recaptcha]\" value=\"\"><\/div><div class=\"wpforms-submit-container\" ><input type=\"hidden\" name=\"wpforms[id]\" value=\"15415\"><input type=\"hidden\" name=\"page_title\" value=\"\"><input type=\"hidden\" name=\"page_url\" value=\"https:\/\/gccb.com\/fr\/wp-json\/wp\/v2\/pages\/15313\"><input type=\"hidden\" name=\"url_referer\" value=\"\"><button type=\"submit\" name=\"wpforms[submit]\" id=\"wpforms-submit-15415\" class=\"wpforms-submit\" data-alt-text=\"Envoyer\" data-submit-text=\"Envoyer\" aria-live=\"assertive\" value=\"wpforms-submit\">Envoyer<\/button><img decoding=\"async\" src=\"https:\/\/gccb.com\/wp-content\/plugins\/wpforms\/assets\/images\/submit-spin.svg\" class=\"wpforms-submit-spinner\" style=\"display: none;\" width=\"26\" height=\"26\" alt=\"Chargement en cours\"><\/div><\/form><\/div>  <!-- .wpforms-container --><\/p>\t\t\t\t\t\t\t\t<\/div>\n\t\t\t\t<\/div>\n\t\t\t\t\t<\/div>\n\t\t<\/div>\n\t\t\t\t<div class=\"elementor-column elementor-col-50 elementor-top-column elementor-element elementor-element-87d04b2\" data-id=\"87d04b2\" data-element_type=\"column\" data-e-type=\"column\">\n\t\t\t<div class=\"elementor-widget-wrap elementor-element-populated\">\n\t\t\t\t\t\t<div class=\"elementor-element elementor-element-931a9dc elementor-widget elementor-widget-heading\" data-id=\"931a9dc\" data-element_type=\"widget\" data-e-type=\"widget\" data-widget_type=\"heading.default\">\n\t\t\t\t<div class=\"elementor-widget-container\">\n\t\t\t\t\t<h4 class=\"elementor-heading-title elementor-size-default\">Que gagnez-vous avec la carte cwc?<\/h4>\t\t\t\t<\/div>\n\t\t\t\t<\/div>\n\t\t\t\t<div class=\"elementor-element elementor-element-7102a13 elementor-widget elementor-widget-text-editor\" data-id=\"7102a13\" data-element_type=\"widget\" data-e-type=\"widget\" data-widget_type=\"text-editor.default\">\n\t\t\t\t<div class=\"elementor-widget-container\">\n\t\t\t\t\t\t\t\t\t<p><strong>Une cascade de points!<\/strong><\/p>\n<p>Une fois membre du Club, vous recevrez une carte charg\u00e9e de points qui vous permettront de jouer gratuitement ainsi que des points qui vous permettront de jouer lorsque vous monterez de cat\u00e9gorie et lors de votre anniversaire.<\/p>\n<p>Les membres Rubis, Saphir et Diamant recevront par ailleurs jusqu\u2019au triple de points lorsqu\u2019ils participeront \u00e0 une promotion.<\/p>\n<p><strong>R\u00e9ductions h\u00f4tels et forfaits touristiques<\/strong><\/p>\n<p>Votre carte CWC vous garantit l\u2019obtention de r\u00e9ductions lors de vos consommations au bar ou au restaurant ou si vous logez au sein de nos h\u00f4tels associ\u00e9s.<\/p>\n<p><strong>Parking<\/strong><\/p>\n<p>Gratuit pour nos client Rubis, Saphir et Diamant.<\/p>\n<p><strong>Billets pour spectacles<\/strong><\/p>\n<p>Obtenez des billets gratuits pour les spectacles du GCCB.<\/p>\n<p><strong>\u00c9v\u00e9nements exclusifs<\/strong><\/p>\n<p>Seuls les membres du Club peuvent acc\u00e9der aux tournois de machines \u00e0 sous et aux f\u00eates exclusives.<\/p>\n<p><strong>&#8230;Et 20 euros !<\/strong><\/p>\n<p>Si vous vous inscrivez avant le 31 octobre 2021.<\/p>\n\t\t\t\t\t\t\t\t<\/div>\n\t\t\t\t<\/div>\n\t\t\t\t\t<\/div>\n\t\t<\/div>\n\t\t\t\t\t<\/div>\n\t\t<\/section>\n\t\t\t\t<section class=\"elementor-section elementor-top-section elementor-element elementor-element-dd99efa elementor-section-boxed elementor-section-height-default elementor-section-height-default\" data-id=\"dd99efa\" data-element_type=\"section\" data-e-type=\"section\">\n\t\t\t\t\t\t<div class=\"elementor-container elementor-column-gap-default\">\n\t\t\t\t\t<div class=\"elementor-column elementor-col-50 elementor-top-column elementor-element elementor-element-5cc529e\" data-id=\"5cc529e\" data-element_type=\"column\" data-e-type=\"column\">\n\t\t\t<div class=\"elementor-widget-wrap elementor-element-populated\">\n\t\t\t\t\t\t<div class=\"elementor-element elementor-element-feb8a35 elementor-widget elementor-widget-image\" data-id=\"feb8a35\" data-element_type=\"widget\" data-e-type=\"widget\" data-widget_type=\"image.default\">\n\t\t\t\t<div class=\"elementor-widget-container\">\n\t\t\t\t\t\t\t\t\t\t\t\t\t\t\t<img decoding=\"async\" width=\"500\" height=\"333\" src=\"https:\/\/gccb.com\/wp-content\/uploads\/2021\/09\/01.jpg\" class=\"attachment-large size-large wp-image-15369\" alt=\"CIRSA winner club\" \/>\t\t\t\t\t\t\t\t\t\t\t\t\t\t\t<\/div>\n\t\t\t\t<\/div>\n\t\t\t\t<div class=\"elementor-element elementor-element-d482dff elementor-widget elementor-widget-text-editor\" data-id=\"d482dff\" data-element_type=\"widget\" data-e-type=\"widget\" data-widget_type=\"text-editor.default\">\n\t\t\t\t<div class=\"elementor-widget-container\">\n\t\t\t\t\t\t\t\t\t<p>Avez-vous d\u00e9j\u00e0 rempli le formulaire ? Le jour de votre visite, pr\u00e9sentez-vous au comptoir du Winner Club dans la zone des machines \u00e0 sous ou dirigez-vous \u00e0 la r\u00e9ception et indiquez que vous venez retirer votre carte CWC. Nous vous la remettrons imm\u00e9diatement.<\/p>\n\t\t\t\t\t\t\t\t<\/div>\n\t\t\t\t<\/div>\n\t\t\t\t\t<\/div>\n\t\t<\/div>\n\t\t\t\t<div class=\"elementor-column elementor-col-50 elementor-top-column elementor-element elementor-element-54c1d5a\" data-id=\"54c1d5a\" data-element_type=\"column\" data-e-type=\"column\">\n\t\t\t<div class=\"elementor-widget-wrap elementor-element-populated\">\n\t\t\t\t\t\t<div class=\"elementor-element elementor-element-17ef46d elementor-widget elementor-widget-image\" data-id=\"17ef46d\" data-element_type=\"widget\" data-e-type=\"widget\" data-widget_type=\"image.default\">\n\t\t\t\t<div class=\"elementor-widget-container\">\n\t\t\t\t\t\t\t\t\t\t\t\t\t\t\t<img loading=\"lazy\" decoding=\"async\" width=\"500\" height=\"333\" src=\"https:\/\/gccb.com\/wp-content\/uploads\/2021\/09\/02.jpg\" class=\"attachment-large size-large wp-image-15373\" alt=\"club slots\" \/>\t\t\t\t\t\t\t\t\t\t\t\t\t\t\t<\/div>\n\t\t\t\t<\/div>\n\t\t\t\t<div class=\"elementor-element elementor-element-a9d9b3c elementor-widget elementor-widget-text-editor\" data-id=\"a9d9b3c\" data-element_type=\"widget\" data-e-type=\"widget\" data-widget_type=\"text-editor.default\">\n\t\t\t\t<div class=\"elementor-widget-container\">\n\t\t\t\t\t\t\t\t\t<p>Si vous ne souhaitez pas remplir de formulaire et pr\u00e9f\u00e9rez nous rendre visite directement, <a href=\"https:\/\/gccb.com\/wp-content\/uploads\/2021\/09\/BOLETO_CAPTACIO_20E.pdf\">t\u00e9l\u00e9chargez ce coupon<\/a> et apportez-le avec vous lorsque vous nous rendrez visite. Si vous n&#8217;\u00eates pas encore membre, il vous suffit de le pr\u00e9senter \u00e0 la r\u00e9ception et vous recevrez votre carte avec 20 \u20ac \u00e0 jouer.<\/p>\n\t\t\t\t\t\t\t\t<\/div>\n\t\t\t\t<\/div>\n\t\t\t\t\t<\/div>\n\t\t<\/div>\n\t\t\t\t\t<\/div>\n\t\t<\/section>\n\t\t\t\t<\/div>\n\t\t","protected":false},"excerpt":{"rendered":"<p>CIRSA Winner Club \u00a1BIENVENUE AU CLUB DES GAGNANTS DU CASINO!&hellip;<\/p>\n<p> <a class=\"more-link\" href=\"https:\/\/gccb.com\/fr\/pre-enregistrement-cwc\/\">Lire la suite<\/a><\/p>\n","protected":false},"author":19,"featured_media":0,"parent":0,"menu_order":62,"comment_status":"closed","ping_status":"closed","template":"","meta":{"_acf_changed":false,"footnotes":""},"class_list":["post-15313","page","type-page","status-publish"],"acf":[],"yoast_head":"<!-- This site is optimized with the Yoast SEO plugin v27.3 - https:\/\/yoast.com\/product\/yoast-seo-wordpress\/ -->\n<title>Pr\u00e9-enregistrement CWC - Gran Casino Costa Brava<\/title>\n<meta name=\"description\" content=\"BIENVENUE AU CLUB DES GAGNANTS DU CASINO! Chaque euro que vous jouez vous permettra d\u2019accumuler des points que vous pourrez \u00e9changer contre des prix!\" \/>\n<meta name=\"robots\" content=\"index, follow, max-snippet:-1, max-image-preview:large, max-video-preview:-1\" \/>\n<link rel=\"canonical\" href=\"https:\/\/gccb.com\/fr\/pre-enregistrement-cwc\/\" \/>\n<meta property=\"og:locale\" content=\"fr_FR\" \/>\n<meta property=\"og:type\" content=\"article\" \/>\n<meta property=\"og:title\" content=\"Pr\u00e9-enregistrement CWC - Gran Casino Costa Brava\" \/>\n<meta property=\"og:description\" content=\"BIENVENUE AU CLUB DES GAGNANTS DU CASINO! Chaque euro que vous jouez vous permettra d\u2019accumuler des points que vous pourrez \u00e9changer contre des prix!\" \/>\n<meta property=\"og:url\" content=\"https:\/\/gccb.com\/fr\/pre-enregistrement-cwc\/\" \/>\n<meta property=\"og:site_name\" content=\"Gran Casino Costa Brava\" \/>\n<meta property=\"article:modified_time\" content=\"2021-09-22T09:42:04+00:00\" \/>\n<meta property=\"og:image\" content=\"https:\/\/gccb.com\/wp-content\/uploads\/2021\/09\/RJFR.png\" \/>\n<meta name=\"twitter:card\" content=\"summary_large_image\" \/>\n<meta name=\"twitter:label1\" content=\"Dur\u00e9e de lecture estim\u00e9e\" \/>\n\t<meta name=\"twitter:data1\" content=\"2 minutes\" \/>\n<script type=\"application\/ld+json\" class=\"yoast-schema-graph\">{\"@context\":\"https:\\\/\\\/schema.org\",\"@graph\":[{\"@type\":\"WebPage\",\"@id\":\"https:\\\/\\\/gccb.com\\\/fr\\\/pre-enregistrement-cwc\\\/\",\"url\":\"https:\\\/\\\/gccb.com\\\/fr\\\/pre-enregistrement-cwc\\\/\",\"name\":\"Pr\u00e9-enregistrement CWC - Gran Casino Costa Brava\",\"isPartOf\":{\"@id\":\"https:\\\/\\\/gccb.com\\\/#website\"},\"primaryImageOfPage\":{\"@id\":\"https:\\\/\\\/gccb.com\\\/fr\\\/pre-enregistrement-cwc\\\/#primaryimage\"},\"image\":{\"@id\":\"https:\\\/\\\/gccb.com\\\/fr\\\/pre-enregistrement-cwc\\\/#primaryimage\"},\"thumbnailUrl\":\"https:\\\/\\\/gccb.com\\\/wp-content\\\/uploads\\\/2021\\\/09\\\/RJFR.png\",\"datePublished\":\"2021-09-21T12:50:53+00:00\",\"dateModified\":\"2021-09-22T09:42:04+00:00\",\"description\":\"BIENVENUE AU CLUB DES GAGNANTS DU CASINO! Chaque euro que vous jouez vous permettra d\u2019accumuler des points que vous pourrez \u00e9changer contre des prix!\",\"breadcrumb\":{\"@id\":\"https:\\\/\\\/gccb.com\\\/fr\\\/pre-enregistrement-cwc\\\/#breadcrumb\"},\"inLanguage\":\"fr-FR\",\"potentialAction\":[{\"@type\":\"ReadAction\",\"target\":[\"https:\\\/\\\/gccb.com\\\/fr\\\/pre-enregistrement-cwc\\\/\"]}]},{\"@type\":\"ImageObject\",\"inLanguage\":\"fr-FR\",\"@id\":\"https:\\\/\\\/gccb.com\\\/fr\\\/pre-enregistrement-cwc\\\/#primaryimage\",\"url\":\"https:\\\/\\\/gccb.com\\\/wp-content\\\/uploads\\\/2021\\\/09\\\/RJFR.png\",\"contentUrl\":\"https:\\\/\\\/gccb.com\\\/wp-content\\\/uploads\\\/2021\\\/09\\\/RJFR.png\"},{\"@type\":\"BreadcrumbList\",\"@id\":\"https:\\\/\\\/gccb.com\\\/fr\\\/pre-enregistrement-cwc\\\/#breadcrumb\",\"itemListElement\":[{\"@type\":\"ListItem\",\"position\":1,\"name\":\"Home\",\"item\":\"https:\\\/\\\/gccb.com\\\/fr\\\/\"},{\"@type\":\"ListItem\",\"position\":2,\"name\":\"Pr\u00e9-enregistrement CWC\"}]},{\"@type\":\"WebSite\",\"@id\":\"https:\\\/\\\/gccb.com\\\/#website\",\"url\":\"https:\\\/\\\/gccb.com\\\/\",\"name\":\"Gran Casino Costa Brava\",\"description\":\"Gran Casino Costa Brava\",\"potentialAction\":[{\"@type\":\"SearchAction\",\"target\":{\"@type\":\"EntryPoint\",\"urlTemplate\":\"https:\\\/\\\/gccb.com\\\/?s={search_term_string}\"},\"query-input\":{\"@type\":\"PropertyValueSpecification\",\"valueRequired\":true,\"valueName\":\"search_term_string\"}}],\"inLanguage\":\"fr-FR\"}]}<\/script>\n<!-- \/ Yoast SEO plugin. -->","yoast_head_json":{"title":"Pr\u00e9-enregistrement CWC - Gran Casino Costa Brava","description":"BIENVENUE AU CLUB DES GAGNANTS DU CASINO! Chaque euro que vous jouez vous permettra d\u2019accumuler des points que vous pourrez \u00e9changer contre des prix!","robots":{"index":"index","follow":"follow","max-snippet":"max-snippet:-1","max-image-preview":"max-image-preview:large","max-video-preview":"max-video-preview:-1"},"canonical":"https:\/\/gccb.com\/fr\/pre-enregistrement-cwc\/","og_locale":"fr_FR","og_type":"article","og_title":"Pr\u00e9-enregistrement CWC - Gran Casino Costa Brava","og_description":"BIENVENUE AU CLUB DES GAGNANTS DU CASINO! Chaque euro que vous jouez vous permettra d\u2019accumuler des points que vous pourrez \u00e9changer contre des prix!","og_url":"https:\/\/gccb.com\/fr\/pre-enregistrement-cwc\/","og_site_name":"Gran Casino Costa Brava","article_modified_time":"2021-09-22T09:42:04+00:00","og_image":[{"url":"https:\/\/gccb.com\/wp-content\/uploads\/2021\/09\/RJFR.png","type":"","width":"","height":""}],"twitter_card":"summary_large_image","twitter_misc":{"Dur\u00e9e de lecture estim\u00e9e":"2 minutes"},"schema":{"@context":"https:\/\/schema.org","@graph":[{"@type":"WebPage","@id":"https:\/\/gccb.com\/fr\/pre-enregistrement-cwc\/","url":"https:\/\/gccb.com\/fr\/pre-enregistrement-cwc\/","name":"Pr\u00e9-enregistrement CWC - Gran Casino Costa Brava","isPartOf":{"@id":"https:\/\/gccb.com\/#website"},"primaryImageOfPage":{"@id":"https:\/\/gccb.com\/fr\/pre-enregistrement-cwc\/#primaryimage"},"image":{"@id":"https:\/\/gccb.com\/fr\/pre-enregistrement-cwc\/#primaryimage"},"thumbnailUrl":"https:\/\/gccb.com\/wp-content\/uploads\/2021\/09\/RJFR.png","datePublished":"2021-09-21T12:50:53+00:00","dateModified":"2021-09-22T09:42:04+00:00","description":"BIENVENUE AU CLUB DES GAGNANTS DU CASINO! Chaque euro que vous jouez vous permettra d\u2019accumuler des points que vous pourrez \u00e9changer contre des prix!","breadcrumb":{"@id":"https:\/\/gccb.com\/fr\/pre-enregistrement-cwc\/#breadcrumb"},"inLanguage":"fr-FR","potentialAction":[{"@type":"ReadAction","target":["https:\/\/gccb.com\/fr\/pre-enregistrement-cwc\/"]}]},{"@type":"ImageObject","inLanguage":"fr-FR","@id":"https:\/\/gccb.com\/fr\/pre-enregistrement-cwc\/#primaryimage","url":"https:\/\/gccb.com\/wp-content\/uploads\/2021\/09\/RJFR.png","contentUrl":"https:\/\/gccb.com\/wp-content\/uploads\/2021\/09\/RJFR.png"},{"@type":"BreadcrumbList","@id":"https:\/\/gccb.com\/fr\/pre-enregistrement-cwc\/#breadcrumb","itemListElement":[{"@type":"ListItem","position":1,"name":"Home","item":"https:\/\/gccb.com\/fr\/"},{"@type":"ListItem","position":2,"name":"Pr\u00e9-enregistrement CWC"}]},{"@type":"WebSite","@id":"https:\/\/gccb.com\/#website","url":"https:\/\/gccb.com\/","name":"Gran Casino Costa Brava","description":"Gran Casino Costa Brava","potentialAction":[{"@type":"SearchAction","target":{"@type":"EntryPoint","urlTemplate":"https:\/\/gccb.com\/?s={search_term_string}"},"query-input":{"@type":"PropertyValueSpecification","valueRequired":true,"valueName":"search_term_string"}}],"inLanguage":"fr-FR"}]}},"publishpress_future_workflow_manual_trigger":{"enabledWorkflows":[]},"_links":{"self":[{"href":"https:\/\/gccb.com\/fr\/wp-json\/wp\/v2\/pages\/15313","targetHints":{"allow":["GET"]}}],"collection":[{"href":"https:\/\/gccb.com\/fr\/wp-json\/wp\/v2\/pages"}],"about":[{"href":"https:\/\/gccb.com\/fr\/wp-json\/wp\/v2\/types\/page"}],"author":[{"embeddable":true,"href":"https:\/\/gccb.com\/fr\/wp-json\/wp\/v2\/users\/19"}],"replies":[{"embeddable":true,"href":"https:\/\/gccb.com\/fr\/wp-json\/wp\/v2\/comments?post=15313"}],"version-history":[{"count":0,"href":"https:\/\/gccb.com\/fr\/wp-json\/wp\/v2\/pages\/15313\/revisions"}],"wp:attachment":[{"href":"https:\/\/gccb.com\/fr\/wp-json\/wp\/v2\/media?parent=15313"}],"curies":[{"name":"wp","href":"https:\/\/api.w.org\/{rel}","templated":true}]}}