{"id":18669,"date":"2022-08-04T19:00:26","date_gmt":"2022-08-04T17:00:26","guid":{"rendered":"https:\/\/gccb.com\/espaces\/"},"modified":"2022-08-04T19:04:01","modified_gmt":"2022-08-04T17:04:01","slug":"espaces","status":"publish","type":"page","link":"https:\/\/gccb.com\/fr\/espaces\/","title":{"rendered":"Espaces"},"content":{"rendered":"\t\t<div data-elementor-type=\"wp-page\" data-elementor-id=\"18669\" class=\"elementor elementor-18669 elementor-18622\">\n\t\t\t\t\t\t<section class=\"elementor-section elementor-top-section elementor-element elementor-element-1dfd763 elementor-section-boxed elementor-section-height-default elementor-section-height-default\" data-id=\"1dfd763\" data-element_type=\"section\" data-e-type=\"section\">\n\t\t\t\t\t\t<div class=\"elementor-container elementor-column-gap-default\">\n\t\t\t\t\t<div class=\"elementor-column elementor-col-33 elementor-top-column elementor-element elementor-element-a84dd6d\" data-id=\"a84dd6d\" data-element_type=\"column\" data-e-type=\"column\">\n\t\t\t<div class=\"elementor-widget-wrap elementor-element-populated\">\n\t\t\t\t\t\t<div class=\"elementor-element elementor-element-05ffaa8 elementor-widget elementor-widget-image\" data-id=\"05ffaa8\" data-element_type=\"widget\" data-e-type=\"widget\" data-widget_type=\"image.default\">\n\t\t\t\t<div class=\"elementor-widget-container\">\n\t\t\t\t\t\t\t\t\t\t\t\t\t\t\t<img fetchpriority=\"high\" decoding=\"async\" width=\"683\" height=\"1024\" src=\"https:\/\/gccb.com\/wp-content\/uploads\/2022\/08\/casino3-683x1024.jpg\" class=\"attachment-large size-large wp-image-18627\" alt=\"casino escales\" srcset=\"https:\/\/gccb.com\/wp-content\/uploads\/2022\/08\/casino3-683x1024.jpg 683w, https:\/\/gccb.com\/wp-content\/uploads\/2022\/08\/casino3-200x300.jpg 200w, https:\/\/gccb.com\/wp-content\/uploads\/2022\/08\/casino3-768x1152.jpg 768w, https:\/\/gccb.com\/wp-content\/uploads\/2022\/08\/casino3-1024x1536.jpg 1024w, https:\/\/gccb.com\/wp-content\/uploads\/2022\/08\/casino3-600x900.jpg 600w, https:\/\/gccb.com\/wp-content\/uploads\/2022\/08\/casino3.jpg 1320w\" sizes=\"(max-width: 683px) 100vw, 683px\" \/>\t\t\t\t\t\t\t\t\t\t\t\t\t\t\t<\/div>\n\t\t\t\t<\/div>\n\t\t\t\t<div class=\"elementor-element elementor-element-10cd786 elementor-align-left elementor-widget elementor-widget-button\" data-id=\"10cd786\" data-element_type=\"widget\" data-e-type=\"widget\" data-widget_type=\"button.default\">\n\t\t\t\t<div class=\"elementor-widget-container\">\n\t\t\t\t\t\t\t\t\t<div class=\"elementor-button-wrapper\">\n\t\t\t\t\t<a class=\"elementor-button elementor-button-link elementor-size-md\" href=\"https:\/\/gccb.com\/wp-content\/uploads\/2022\/08\/Presentacio\u2560un-GCCB_FRA_OK.pdf\">\n\t\t\t\t\t\t<span class=\"elementor-button-content-wrapper\">\n\t\t\t\t\t\t<span class=\"elementor-button-icon\">\n\t\t\t\t<i aria-hidden=\"true\" class=\"fas fa-download\"><\/i>\t\t\t<\/span>\n\t\t\t\t\t\t\t\t\t<span class=\"elementor-button-text\">T\u00e9l\u00e9charger le catalogue<\/span>\n\t\t\t\t\t<\/span>\n\t\t\t\t\t<\/a>\n\t\t\t\t<\/div>\n\t\t\t\t\t\t\t\t<\/div>\n\t\t\t\t<\/div>\n\t\t\t\t\t<\/div>\n\t\t<\/div>\n\t\t\t\t<div class=\"elementor-column elementor-col-66 elementor-top-column elementor-element elementor-element-873d726\" data-id=\"873d726\" data-element_type=\"column\" data-e-type=\"column\">\n\t\t\t<div class=\"elementor-widget-wrap elementor-element-populated\">\n\t\t\t\t\t\t<div class=\"elementor-element elementor-element-eba99e3 elementor-widget elementor-widget-heading\" data-id=\"eba99e3\" data-element_type=\"widget\" data-e-type=\"widget\" data-widget_type=\"heading.default\">\n\t\t\t\t<div class=\"elementor-widget-container\">\n\t\t\t\t\t<h2 class=\"elementor-heading-title elementor-size-default\">Espaces pour les \u00e9v\u00e9nements<\/h2>\t\t\t\t<\/div>\n\t\t\t\t<\/div>\n\t\t\t\t<div class=\"elementor-element elementor-element-43743cc elementor-widget elementor-widget-text-editor\" data-id=\"43743cc\" data-element_type=\"widget\" data-e-type=\"widget\" data-widget_type=\"text-editor.default\">\n\t\t\t\t<div class=\"elementor-widget-container\">\n\t\t\t\t\t\t\t\t\t<p>L&#8217;auditorium du Gran Casino Costa Brava est un b\u00e2timent enti\u00e8rement accessible de 16 000 m2, avec une architecture unique marqu\u00e9e par des lignes droites.<\/p><p>Le b\u00e2timent dispose de quatre salles de diff\u00e9rentes tailles (de 140m2 \u00e0 960m2) dans lesquelles toutes sortes d&#8217;\u00e9v\u00e9nements peuvent \u00eatre organis\u00e9s avec les capacit\u00e9s suivantes :<\/p><p><img decoding=\"async\" class=\"alignnone size-full wp-image-18671\" src=\"https:\/\/gccb.com\/wp-content\/uploads\/2022\/08\/capcite.jpg\" alt=\"capacite du auditorium lloret\" width=\"854\" height=\"362\" srcset=\"https:\/\/gccb.com\/wp-content\/uploads\/2022\/08\/capcite.jpg 854w, https:\/\/gccb.com\/wp-content\/uploads\/2022\/08\/capcite-300x127.jpg 300w, https:\/\/gccb.com\/wp-content\/uploads\/2022\/08\/capcite-768x326.jpg 768w, https:\/\/gccb.com\/wp-content\/uploads\/2022\/08\/capcite-600x254.jpg 600w\" sizes=\"(max-width: 854px) 100vw, 854px\" \/><\/p><p>En outre, l&#8217;auditorium dispose de son propre service de restauration, peut disposer de syst\u00e8mes audiovisuels et d&#8217;une sc\u00e8ne de pointe, et est \u00e9quip\u00e9 d&#8217;un parking pour les bus et jusqu&#8217;\u00e0 460 v\u00e9hicules.<\/p>\t\t\t\t\t\t\t\t<\/div>\n\t\t\t\t<\/div>\n\t\t\t\t\t<\/div>\n\t\t<\/div>\n\t\t\t\t\t<\/div>\n\t\t<\/section>\n\t\t\t\t<\/div>\n\t\t","protected":false},"excerpt":{"rendered":"<p>T\u00e9l\u00e9charger le catalogue Espaces pour les \u00e9v\u00e9nements L&#8217;auditorium du Gran&hellip;<\/p>\n<p> <a class=\"more-link\" href=\"https:\/\/gccb.com\/fr\/espaces\/\">Lire la suite<\/a><\/p>\n","protected":false},"author":19,"featured_media":0,"parent":0,"menu_order":29,"comment_status":"closed","ping_status":"closed","template":"","meta":{"_acf_changed":false,"footnotes":""},"class_list":["post-18669","page","type-page","status-publish"],"acf":[],"yoast_head":"<!-- This site is optimized with the Yoast SEO plugin v27.3 - https:\/\/yoast.com\/product\/yoast-seo-wordpress\/ -->\n<title>Espaces - Gran Casino Costa Brava<\/title>\n<meta name=\"robots\" content=\"index, follow, max-snippet:-1, max-image-preview:large, max-video-preview:-1\" \/>\n<link rel=\"canonical\" href=\"https:\/\/gccb.com\/fr\/espaces\/\" \/>\n<meta property=\"og:locale\" content=\"fr_FR\" \/>\n<meta property=\"og:type\" content=\"article\" \/>\n<meta property=\"og:title\" content=\"Espaces - Gran Casino Costa Brava\" \/>\n<meta property=\"og:description\" content=\"T\u00e9l\u00e9charger le catalogue Espaces pour les \u00e9v\u00e9nements L&#8217;auditorium du Gran&hellip;  Lire la suite\" \/>\n<meta property=\"og:url\" content=\"https:\/\/gccb.com\/fr\/espaces\/\" \/>\n<meta property=\"og:site_name\" content=\"Gran Casino Costa Brava\" \/>\n<meta property=\"article:modified_time\" content=\"2022-08-04T17:04:01+00:00\" \/>\n<meta property=\"og:image\" content=\"https:\/\/gccb.com\/wp-content\/uploads\/2022\/08\/casino3-683x1024.jpg\" \/>\n<meta name=\"twitter:card\" content=\"summary_large_image\" \/>\n<meta name=\"twitter:label1\" content=\"Dur\u00e9e de lecture estim\u00e9e\" \/>\n\t<meta name=\"twitter:data1\" content=\"1 minute\" \/>\n<script type=\"application\/ld+json\" class=\"yoast-schema-graph\">{\"@context\":\"https:\\\/\\\/schema.org\",\"@graph\":[{\"@type\":\"WebPage\",\"@id\":\"https:\\\/\\\/gccb.com\\\/fr\\\/espaces\\\/\",\"url\":\"https:\\\/\\\/gccb.com\\\/fr\\\/espaces\\\/\",\"name\":\"Espaces - Gran Casino Costa Brava\",\"isPartOf\":{\"@id\":\"https:\\\/\\\/gccb.com\\\/#website\"},\"primaryImageOfPage\":{\"@id\":\"https:\\\/\\\/gccb.com\\\/fr\\\/espaces\\\/#primaryimage\"},\"image\":{\"@id\":\"https:\\\/\\\/gccb.com\\\/fr\\\/espaces\\\/#primaryimage\"},\"thumbnailUrl\":\"https:\\\/\\\/gccb.com\\\/wp-content\\\/uploads\\\/2022\\\/08\\\/casino3-683x1024.jpg\",\"datePublished\":\"2022-08-04T17:00:26+00:00\",\"dateModified\":\"2022-08-04T17:04:01+00:00\",\"breadcrumb\":{\"@id\":\"https:\\\/\\\/gccb.com\\\/fr\\\/espaces\\\/#breadcrumb\"},\"inLanguage\":\"fr-FR\",\"potentialAction\":[{\"@type\":\"ReadAction\",\"target\":[\"https:\\\/\\\/gccb.com\\\/fr\\\/espaces\\\/\"]}]},{\"@type\":\"ImageObject\",\"inLanguage\":\"fr-FR\",\"@id\":\"https:\\\/\\\/gccb.com\\\/fr\\\/espaces\\\/#primaryimage\",\"url\":\"https:\\\/\\\/gccb.com\\\/wp-content\\\/uploads\\\/2022\\\/08\\\/casino3-683x1024.jpg\",\"contentUrl\":\"https:\\\/\\\/gccb.com\\\/wp-content\\\/uploads\\\/2022\\\/08\\\/casino3-683x1024.jpg\"},{\"@type\":\"BreadcrumbList\",\"@id\":\"https:\\\/\\\/gccb.com\\\/fr\\\/espaces\\\/#breadcrumb\",\"itemListElement\":[{\"@type\":\"ListItem\",\"position\":1,\"name\":\"Home\",\"item\":\"https:\\\/\\\/gccb.com\\\/fr\\\/\"},{\"@type\":\"ListItem\",\"position\":2,\"name\":\"Espaces\"}]},{\"@type\":\"WebSite\",\"@id\":\"https:\\\/\\\/gccb.com\\\/#website\",\"url\":\"https:\\\/\\\/gccb.com\\\/\",\"name\":\"Gran Casino Costa Brava\",\"description\":\"Gran Casino Costa Brava\",\"potentialAction\":[{\"@type\":\"SearchAction\",\"target\":{\"@type\":\"EntryPoint\",\"urlTemplate\":\"https:\\\/\\\/gccb.com\\\/?s={search_term_string}\"},\"query-input\":{\"@type\":\"PropertyValueSpecification\",\"valueRequired\":true,\"valueName\":\"search_term_string\"}}],\"inLanguage\":\"fr-FR\"}]}<\/script>\n<!-- \/ Yoast SEO plugin. -->","yoast_head_json":{"title":"Espaces - Gran Casino Costa Brava","robots":{"index":"index","follow":"follow","max-snippet":"max-snippet:-1","max-image-preview":"max-image-preview:large","max-video-preview":"max-video-preview:-1"},"canonical":"https:\/\/gccb.com\/fr\/espaces\/","og_locale":"fr_FR","og_type":"article","og_title":"Espaces - Gran Casino Costa Brava","og_description":"T\u00e9l\u00e9charger le catalogue Espaces pour les \u00e9v\u00e9nements L&#8217;auditorium du Gran&hellip;  Lire la suite","og_url":"https:\/\/gccb.com\/fr\/espaces\/","og_site_name":"Gran Casino Costa Brava","article_modified_time":"2022-08-04T17:04:01+00:00","og_image":[{"url":"https:\/\/gccb.com\/wp-content\/uploads\/2022\/08\/casino3-683x1024.jpg","type":"","width":"","height":""}],"twitter_card":"summary_large_image","twitter_misc":{"Dur\u00e9e de lecture estim\u00e9e":"1 minute"},"schema":{"@context":"https:\/\/schema.org","@graph":[{"@type":"WebPage","@id":"https:\/\/gccb.com\/fr\/espaces\/","url":"https:\/\/gccb.com\/fr\/espaces\/","name":"Espaces - Gran Casino Costa Brava","isPartOf":{"@id":"https:\/\/gccb.com\/#website"},"primaryImageOfPage":{"@id":"https:\/\/gccb.com\/fr\/espaces\/#primaryimage"},"image":{"@id":"https:\/\/gccb.com\/fr\/espaces\/#primaryimage"},"thumbnailUrl":"https:\/\/gccb.com\/wp-content\/uploads\/2022\/08\/casino3-683x1024.jpg","datePublished":"2022-08-04T17:00:26+00:00","dateModified":"2022-08-04T17:04:01+00:00","breadcrumb":{"@id":"https:\/\/gccb.com\/fr\/espaces\/#breadcrumb"},"inLanguage":"fr-FR","potentialAction":[{"@type":"ReadAction","target":["https:\/\/gccb.com\/fr\/espaces\/"]}]},{"@type":"ImageObject","inLanguage":"fr-FR","@id":"https:\/\/gccb.com\/fr\/espaces\/#primaryimage","url":"https:\/\/gccb.com\/wp-content\/uploads\/2022\/08\/casino3-683x1024.jpg","contentUrl":"https:\/\/gccb.com\/wp-content\/uploads\/2022\/08\/casino3-683x1024.jpg"},{"@type":"BreadcrumbList","@id":"https:\/\/gccb.com\/fr\/espaces\/#breadcrumb","itemListElement":[{"@type":"ListItem","position":1,"name":"Home","item":"https:\/\/gccb.com\/fr\/"},{"@type":"ListItem","position":2,"name":"Espaces"}]},{"@type":"WebSite","@id":"https:\/\/gccb.com\/#website","url":"https:\/\/gccb.com\/","name":"Gran Casino Costa Brava","description":"Gran Casino Costa Brava","potentialAction":[{"@type":"SearchAction","target":{"@type":"EntryPoint","urlTemplate":"https:\/\/gccb.com\/?s={search_term_string}"},"query-input":{"@type":"PropertyValueSpecification","valueRequired":true,"valueName":"search_term_string"}}],"inLanguage":"fr-FR"}]}},"publishpress_future_workflow_manual_trigger":{"enabledWorkflows":[]},"_links":{"self":[{"href":"https:\/\/gccb.com\/fr\/wp-json\/wp\/v2\/pages\/18669","targetHints":{"allow":["GET"]}}],"collection":[{"href":"https:\/\/gccb.com\/fr\/wp-json\/wp\/v2\/pages"}],"about":[{"href":"https:\/\/gccb.com\/fr\/wp-json\/wp\/v2\/types\/page"}],"author":[{"embeddable":true,"href":"https:\/\/gccb.com\/fr\/wp-json\/wp\/v2\/users\/19"}],"replies":[{"embeddable":true,"href":"https:\/\/gccb.com\/fr\/wp-json\/wp\/v2\/comments?post=18669"}],"version-history":[{"count":4,"href":"https:\/\/gccb.com\/fr\/wp-json\/wp\/v2\/pages\/18669\/revisions"}],"predecessor-version":[{"id":18677,"href":"https:\/\/gccb.com\/fr\/wp-json\/wp\/v2\/pages\/18669\/revisions\/18677"}],"wp:attachment":[{"href":"https:\/\/gccb.com\/fr\/wp-json\/wp\/v2\/media?parent=18669"}],"curies":[{"name":"wp","href":"https:\/\/api.w.org\/{rel}","templated":true}]}}