{"id":35216,"date":"2025-04-01T23:15:14","date_gmt":"2025-04-01T21:15:14","guid":{"rendered":"https:\/\/gccb.com\/?page_id=35216"},"modified":"2025-05-08T17:20:06","modified_gmt":"2025-05-08T15:20:06","slug":"nuevo-club-winner","status":"publish","type":"page","link":"https:\/\/gccb.com\/fr\/nuevo-club-winner\/","title":{"rendered":"Nouveau Club Winner"},"content":{"rendered":"<h2>Nouveau Club Winner<\/h2>\n<p><img fetchpriority=\"high\" decoding=\"async\" class=\"alignnone wp-image-35192 size-full\" src=\"https:\/\/gccb.com\/wp-content\/uploads\/2025\/04\/LanzamientoWinnerClub_1280x720.jpg\" alt=\"\" width=\"1280\" height=\"720\" srcset=\"https:\/\/gccb.com\/wp-content\/uploads\/2025\/04\/LanzamientoWinnerClub_1280x720.jpg 1280w, https:\/\/gccb.com\/wp-content\/uploads\/2025\/04\/LanzamientoWinnerClub_1280x720-300x169.jpg 300w, https:\/\/gccb.com\/wp-content\/uploads\/2025\/04\/LanzamientoWinnerClub_1280x720-1024x576.jpg 1024w, https:\/\/gccb.com\/wp-content\/uploads\/2025\/04\/LanzamientoWinnerClub_1280x720-768x432.jpg 768w, https:\/\/gccb.com\/wp-content\/uploads\/2025\/04\/LanzamientoWinnerClub_1280x720-600x338.jpg 600w\" sizes=\"(max-width: 1280px) 100vw, 1280px\" \/><\/p>\n<h3>Bienvenue au Club Winner !<\/h3>\n<p>Nouveau Club Winner. Nouveaux airs pour le Club, nouvelle image, nouveau nom et nouveaux avantages, voulez-vous les conna\u00eetre ?<\/p>\n<p><a href=\"https:\/\/gccb.com\/wp-content\/uploads\/2025\/04\/AAFF-Diptico-Club-Winner.pdf\"><img decoding=\"async\" class=\"alignnone wp-image-35278 size-full\" src=\"https:\/\/gccb.com\/wp-content\/uploads\/2025\/04\/Club-Winner-negro.png\" alt=\"\" width=\"485\" height=\"368\" srcset=\"https:\/\/gccb.com\/wp-content\/uploads\/2025\/04\/Club-Winner-negro.png 485w, https:\/\/gccb.com\/wp-content\/uploads\/2025\/04\/Club-Winner-negro-300x228.png 300w\" sizes=\"(max-width: 485px) 100vw, 485px\" \/><\/a><\/p>\n<p>Si vous faites partie de l&#8217;ancien Club, votre carte ne dispara\u00eet pas. Voici les \u00e9quivalences :<\/p>\n<p><img decoding=\"async\" class=\"alignnone wp-image-35264 size-full\" src=\"https:\/\/gccb.com\/wp-content\/uploads\/2025\/04\/equivalencia-tarjetas-e1743505125910.png\" alt=\"\" width=\"560\" height=\"762\" srcset=\"https:\/\/gccb.com\/wp-content\/uploads\/2025\/04\/equivalencia-tarjetas-e1743505125910.png 560w, https:\/\/gccb.com\/wp-content\/uploads\/2025\/04\/equivalencia-tarjetas-e1743505125910-220x300.png 220w\" sizes=\"(max-width: 560px) 100vw, 560px\" \/><\/p>\n<p>Club Winner est la carte de fid\u00e9lit\u00e9 du Gran Casino Costa Brava. D\u00e9sormais, pour chaque euro jou\u00e9 sur nos machines, vous accumulez des points que vous pouvez \u00e9changer contre de l&#8217;argent pour jouer, des produits d&#8217;accueil, des billets pour nos spectacles&#8230; et bien d&#8217;autres avantages ! et bien d&#8217;autres avantages encore !<br \/>\n<img loading=\"lazy\" decoding=\"async\" class=\"alignnone size-full wp-image-35842\" src=\"https:\/\/gccb.com\/wp-content\/uploads\/2025\/05\/3.png\" alt=\"\" width=\"1654\" height=\"1417\" srcset=\"https:\/\/gccb.com\/wp-content\/uploads\/2025\/05\/3.png 1654w, https:\/\/gccb.com\/wp-content\/uploads\/2025\/05\/3-300x257.png 300w, https:\/\/gccb.com\/wp-content\/uploads\/2025\/05\/3-1024x877.png 1024w, https:\/\/gccb.com\/wp-content\/uploads\/2025\/05\/3-768x658.png 768w, https:\/\/gccb.com\/wp-content\/uploads\/2025\/05\/3-1536x1316.png 1536w, https:\/\/gccb.com\/wp-content\/uploads\/2025\/05\/3-600x514.png 600w\" sizes=\"(max-width: 1654px) 100vw, 1654px\" \/><\/p>\n<p><strong>Des points, des points et encore des points !<\/strong><\/p>\n<p>Lorsque vous rejoignez le club, vous recevez une carte charg\u00e9e de points \u00e0 jouer gratuitement. Et il n&#8217;y a pas que les points promotionnels que nous vous offrons gratuitement : vous recevrez \u00e9galement des points \u00e0 jouer lors de votre mise \u00e0 niveau et de votre anniversaire, ou lorsque vous jouez \u00e0 des machines \u00e0 sous promotionnelles.<\/p>\n<p>Les membres Gold, Platinum et Black obtiennent \u00e9galement jusqu&#8217;\u00e0 deux ou trois fois plus de points lorsqu&#8217;ils participent \u00e0 certaines promotions.<\/p>\n<p><strong>R\u00e9ductions sur les forfaits d&#8217;accueil et de tourisme<\/strong><\/p>\n<p>Votre carte Club Winner vous garantit des r\u00e9ductions chaque fois que vous consommez des produits du bar ou du restaurant, ou que vous s\u00e9journez dans nos h\u00f4tels partenaires.<\/p>\n<p><strong>Place de parking<\/strong><\/p>\n<p>Gratuit pour nos clients Gold, Platinum et Black.<\/p>\n<p><img loading=\"lazy\" decoding=\"async\" class=\"alignnone size-full wp-image-35226\" src=\"https:\/\/gccb.com\/wp-content\/uploads\/2025\/04\/black.png\" alt=\"\" width=\"1780\" height=\"998\" srcset=\"https:\/\/gccb.com\/wp-content\/uploads\/2025\/04\/black.png 1780w, https:\/\/gccb.com\/wp-content\/uploads\/2025\/04\/black-300x168.png 300w, https:\/\/gccb.com\/wp-content\/uploads\/2025\/04\/black-1024x574.png 1024w, https:\/\/gccb.com\/wp-content\/uploads\/2025\/04\/black-768x431.png 768w, https:\/\/gccb.com\/wp-content\/uploads\/2025\/04\/black-1536x861.png 1536w, https:\/\/gccb.com\/wp-content\/uploads\/2025\/04\/black-600x336.png 600w\" sizes=\"(max-width: 1780px) 100vw, 1780px\" \/><\/p>\n<p><strong>Billets pour les spectacles<\/strong><\/p>\n<p>Obtenez des billets gratuits pour les spectacles produits par le GCCB.<\/p>\n<p><strong>\u00c9v\u00e9nements exclusifs<\/strong><\/p>\n<p>Seuls les membres du club peuvent acc\u00e9der \u00e0 des tournois de machines et \u00e0 des f\u00eates exclusives.<\/p>\n<p>\u00cates-vous pr\u00eat \u00e0 rejoindre le Club Winner ? Pr\u00e9sentez-vous au comptoir du Club Winner dans la zone des machines ou \u00e0 la r\u00e9ception et remplissez le formulaire d&#8217;adh\u00e9sion.<\/p>\n<h3><strong>Questions fr\u00e9quemment pos\u00e9es<\/strong><\/h3>\n<p><em>Le nombre de points accumul\u00e9s est-il pris en compte ?<\/em><\/p>\n<p>C&#8217;est le nombre de points gagn\u00e9s lors du d\u00e9ploiement du jeu qui est pris en compte, et non le nombre de points accumul\u00e9s \u00e0 un moment donn\u00e9. En d&#8217;autres termes, nous ne v\u00e9rifions pas le nombre de points accumul\u00e9s sur votre compte \u00e0 un moment donn\u00e9, mais le nombre de points que vous avez gagn\u00e9s en jouant au cours du dernier mois. Il n&#8217;est pas n\u00e9cessaire d&#8217;essayer d&#8217;accumuler 500, 2 000, 10 000 ou 50 000 points sur votre compte. Vous pouvez les d\u00e9penser. Nous les prendrons en compte m\u00eame s&#8217;ils ne sont plus sur votre compte.<\/p>\n<p>&nbsp;<\/p>\n<p><em>Les points promotionnels sont-ils cumul\u00e9s pour changer de cat\u00e9gorie ?<\/em><\/p>\n<p>Non. Les points cadeaux (points promotionnels) que vous obtenez (lors d&#8217;un surclassement, d&#8217;un anniversaire, etc.) ne sont pas pris en compte pour le surclassement. Seuls les points \u00ab pi\u00e8ces de monnaie \u00bb que vous gagnez avec votre jeu sont pris en compte (coin in).<\/p>\n<p>&nbsp;<\/p>\n<p><em>Qu&#8217;est-ce que le coin in?<\/em><\/p>\n<p>Il s&#8217;agit du montant total des cr\u00e9dits que vous jouez sur une machine. Par exemple, si vous d\u00e9posez 10 euros dans une machine, celle-ci vous donnera de l&#8217;argent en retour sous forme de prix que vous pourrez retirer ou continuer \u00e0 jouer. Si vous d\u00e9cidez de continuer \u00e0 jouer, vous obtiendrez des points pour les 10 euros que vous avez d\u00e9pos\u00e9s sur la machine et pour tous ceux que vous avez rejou\u00e9s.<\/p>\n<p>&nbsp;<\/p>\n<p><em>En combien de temps dois-je gagner des points pour changer de cat\u00e9gorie ?<\/em><\/p>\n<p><img loading=\"lazy\" decoding=\"async\" class=\"alignnone size-full wp-image-35234\" src=\"https:\/\/gccb.com\/wp-content\/uploads\/2025\/04\/platinum.png\" alt=\"\" width=\"1806\" height=\"982\" srcset=\"https:\/\/gccb.com\/wp-content\/uploads\/2025\/04\/platinum.png 1806w, https:\/\/gccb.com\/wp-content\/uploads\/2025\/04\/platinum-300x163.png 300w, https:\/\/gccb.com\/wp-content\/uploads\/2025\/04\/platinum-1024x557.png 1024w, https:\/\/gccb.com\/wp-content\/uploads\/2025\/04\/platinum-768x418.png 768w, https:\/\/gccb.com\/wp-content\/uploads\/2025\/04\/platinum-1536x835.png 1536w, https:\/\/gccb.com\/wp-content\/uploads\/2025\/04\/platinum-600x326.png 600w\" sizes=\"(max-width: 1806px) 100vw, 1806px\" \/><\/p>\n<div><strong>\u2794 Mise \u00e0 niveau. <\/strong><br \/>\nLe rel\u00e8vement de niveau s&#8217;effectue automatiquement, \u00e0 condition que le client r\u00e9ponde aux crit\u00e8res \u00e9tablis. Ce processus intervient lorsque le seuil du niveau en question est atteint. Le calcul est bas\u00e9 sur le jeu cumul\u00e9 du client au cours des 90 derniers jours ; si ce jeu cumul\u00e9 est \u00e9gal ou sup\u00e9rieur au seuil d\u00e9fini pour ce niveau, le client est automatiquement surclass\u00e9.<\/div>\n<div><\/div>\n<div><strong>\u2794 D\u00e9classement.<\/strong><\/div>\n<div>Le calcul de la r\u00e9trogradation est effectu\u00e9 \u00e0 deux dates semestrielles pr\u00e9\u00e9tablies : le 30 juin et le 31 d\u00e9cembre (selon la configuration du club), de sorte que la date effective de r\u00e9trogradation sera le 1er juillet et le 1er janvier. Pour ce faire, le jeu cumul\u00e9 du client au cours des six derniers mois est recalcul\u00e9 et compar\u00e9 au seuil d\u00e9fini dans les niveaux de club adapt\u00e9s aux six mois.<\/div>\n<div><\/div>\n<div>Comme indiqu\u00e9, pour les surclassements, les points de base requis doivent \u00eatre accumul\u00e9s en <strong>90 jours mobiles<\/strong>.<\/div>\n<div><\/div>\n<p><em>Comment sont calcul\u00e9s les 90 jours mobiles ?<\/em><\/p>\n<p>Le point de d\u00e9part est toujours \u00ab aujourd&#8217;hui \u00bb, c&#8217;est-\u00e0-dire le jour o\u00f9 le client se trouve dans le Casino pour utiliser la carte et accumuler des points. Pour cette raison, les points gagn\u00e9s le jour de la consultation et les 89 jours pr\u00e9c\u00e9dents (au total, 90 jours) sont additionn\u00e9s pour effectuer le calcul.<\/p>\n<p>En d&#8217;autres termes, si un client vient le 29 juillet et veut savoir combien de points il lui reste pour passer \u00e0 la cat\u00e9gorie sup\u00e9rieure, le syst\u00e8me lui indiquera les points accumul\u00e9s au cours des 89 jours pr\u00e9c\u00e9dant cette date.<\/p>\n<p>S&#8217;il revient le 15 ao\u00fbt et le consulte \u00e0 nouveau, le syst\u00e8me lui indiquera la somme des points obtenus au cours des 89 jours pr\u00e9c\u00e9dant le 15 ao\u00fbt.<\/p>\n<p>Les points par cat\u00e9gorie et par trimestre sont les suivants :<\/p>\n<ol>\n<li>Mont\u00e9e \u00e0 Esmeralda : 1.731 points<\/li>\n<li>Mont\u00e9e en Rubis : 5.784 points<\/li>\n<li>Mont\u00e9e en Saphir : 23 076 points<\/li>\n<li>Mont\u00e9e en Diamant : 92.307 points<\/li>\n<\/ol>\n<p>&nbsp;<\/p>\n<p><em>Expiration des points<\/em><\/p>\n<div>Tous les points, les points de niveau et les points promotionnels ont une date d&#8217;expiration fix\u00e9e \u00e0 90 jours. Pour calculer les points \u00e0 expirer, le syst\u00e8me op\u00e8re automatiquement de la mani\u00e8re suivante : des points g\u00e9n\u00e9r\u00e9s, on soustrait les points consomm\u00e9s pendant la p\u00e9riode de 90 jours, et le diff\u00e9rentiel de points expire au d\u00e9but du mois suivant. Ces points qui expireront dans un futur proche si le client ne les joue pas sont appel\u00e9s \u00ab hot points \u00bb.<\/div>\n<div><\/div>\n<div>En plus de r\u00e9compenser ses clients, le Club Winner est sensible \u00e0 la soci\u00e9t\u00e9 et alloue une contribution financi\u00e8re pour soutenir des initiatives sociales dans les pays o\u00f9 il op\u00e8re.<\/div>\n<div><\/div>\n<div>Pour plus d&#8217;informations, voir <span style=\"color: #967e4d;\"><strong><a style=\"color: #967e4d;\" href=\"https:\/\/clubwinner.com\/\" target=\"_blank\" rel=\"noopener\">www.clubwinner.com\/<\/a><\/strong><\/span><\/div>\n<h2>Visitez d&#8217;autres casinos avec votre carte Club Winner !<\/h2>\n<p style=\"text-align: center;\">Si vous \u00eates membre du Winner Club et que vous visitez l&#8217;un de nos casinos en Espagne, vous pouvez profiter de tous ces avantages :<\/p>\n<p style=\"text-align: center;\">Entr\u00e9e gratuite | Boisson de bienvenue | Parking gratuit*.<\/p>\n<p><img loading=\"lazy\" decoding=\"async\" src=\"https:\/\/gccb.com\/wp-content\/uploads\/2022\/03\/LPA-1.png\" alt=\"LPA\" width=\"175\" height=\"110\" \/><br \/>\n<a role=\"button\" href=\"https:\/\/casinolaspalmas.com\/\" target=\"_blank\" rel=\"noopener\"><br \/>\nVisitez le site web<br \/>\n<\/a><br \/>\n<img loading=\"lazy\" decoding=\"async\" src=\"https:\/\/gccb.com\/wp-content\/uploads\/2022\/03\/ccv.png\" alt=\"CCV\" width=\"175\" height=\"110\" \/><br \/>\n<a role=\"button\" href=\"https:\/\/casinocirsavalencia.com\" target=\"_blank\" rel=\"noopener\"><br \/>\nVisitez le site web<br \/>\n<\/a><br \/>\n<img loading=\"lazy\" decoding=\"async\" src=\"https:\/\/gccb.com\/wp-content\/uploads\/2022\/03\/marbella.png\" alt=\"marbella\" width=\"175\" height=\"110\" \/><br \/>\n<a role=\"button\" href=\"https:\/\/casinomarbella.com\" target=\"_blank\" rel=\"noopener\"><br \/>\nVisitez le site web<br \/>\n<\/a><\/p>\n<p style=\"font-size: 10px;\">(*) Parking sous r\u00e9serve de disponibilit\u00e9, en ao\u00fbt et aux dates sp\u00e9ciales, il n&#8217;est pas possible de garantir une place de parking.<\/p>\n","protected":false},"excerpt":{"rendered":"<p>Nouveau Club Winner Bienvenue au Club Winner ! Nouveau Club&hellip;<\/p>\n<p> <a class=\"more-link\" href=\"https:\/\/gccb.com\/fr\/nuevo-club-winner\/\">Lire la suite<\/a><\/p>\n","protected":false},"author":19,"featured_media":35407,"parent":0,"menu_order":1,"comment_status":"closed","ping_status":"closed","template":"","meta":{"_acf_changed":false,"footnotes":""},"class_list":["post-35216","page","type-page","status-publish","has-post-thumbnail"],"acf":[],"yoast_head":"<!-- This site is optimized with the Yoast SEO plugin v27.3 - https:\/\/yoast.com\/product\/yoast-seo-wordpress\/ -->\n<title>Nouveau Club Winner - Gran Casino Costa Brava<\/title>\n<meta name=\"description\" content=\"BIENVENUE AU CLUB DES GAGNANTS DU CASINO! Chaque euro que vous jouez vous permettra d\u2019accumuler des points que vous pourrez \u00e9changer contre des prix!\" \/>\n<meta name=\"robots\" content=\"index, follow, max-snippet:-1, max-image-preview:large, max-video-preview:-1\" \/>\n<link rel=\"canonical\" href=\"https:\/\/gccb.com\/fr\/nuevo-club-winner\/\" \/>\n<meta property=\"og:locale\" content=\"fr_FR\" \/>\n<meta property=\"og:type\" content=\"article\" \/>\n<meta property=\"og:title\" content=\"Nouveau Club Winner - Gran Casino Costa Brava\" \/>\n<meta property=\"og:description\" content=\"BIENVENUE AU CLUB DES GAGNANTS DU CASINO! Chaque euro que vous jouez vous permettra d\u2019accumuler des points que vous pourrez \u00e9changer contre des prix!\" \/>\n<meta property=\"og:url\" content=\"https:\/\/gccb.com\/fr\/nuevo-club-winner\/\" \/>\n<meta property=\"og:site_name\" content=\"Gran Casino Costa Brava\" \/>\n<meta property=\"article:modified_time\" content=\"2025-05-08T15:20:06+00:00\" \/>\n<meta property=\"og:image\" content=\"https:\/\/gccb.com\/wp-content\/uploads\/2025\/04\/Captura-de-pantalla-2025-04-02-001855-2-e1743572714885.png\" \/>\n\t<meta property=\"og:image:width\" content=\"600\" \/>\n\t<meta property=\"og:image:height\" content=\"860\" \/>\n\t<meta property=\"og:image:type\" content=\"image\/png\" \/>\n<meta name=\"twitter:card\" content=\"summary_large_image\" \/>\n<meta name=\"twitter:label1\" content=\"Dur\u00e9e de lecture estim\u00e9e\" \/>\n\t<meta name=\"twitter:data1\" content=\"8 minutes\" \/>\n<script type=\"application\/ld+json\" class=\"yoast-schema-graph\">{\"@context\":\"https:\\\/\\\/schema.org\",\"@graph\":[{\"@type\":\"WebPage\",\"@id\":\"https:\\\/\\\/gccb.com\\\/fr\\\/nuevo-club-winner\\\/\",\"url\":\"https:\\\/\\\/gccb.com\\\/fr\\\/nuevo-club-winner\\\/\",\"name\":\"Nouveau Club Winner - Gran Casino Costa Brava\",\"isPartOf\":{\"@id\":\"https:\\\/\\\/gccb.com\\\/#website\"},\"primaryImageOfPage\":{\"@id\":\"https:\\\/\\\/gccb.com\\\/fr\\\/nuevo-club-winner\\\/#primaryimage\"},\"image\":{\"@id\":\"https:\\\/\\\/gccb.com\\\/fr\\\/nuevo-club-winner\\\/#primaryimage\"},\"thumbnailUrl\":\"https:\\\/\\\/gccb.com\\\/wp-content\\\/uploads\\\/2025\\\/04\\\/Captura-de-pantalla-2025-04-02-001855-2-e1743572714885.png\",\"datePublished\":\"2025-04-01T21:15:14+00:00\",\"dateModified\":\"2025-05-08T15:20:06+00:00\",\"description\":\"BIENVENUE AU CLUB DES GAGNANTS DU CASINO! Chaque euro que vous jouez vous permettra d\u2019accumuler des points que vous pourrez \u00e9changer contre des prix!\",\"breadcrumb\":{\"@id\":\"https:\\\/\\\/gccb.com\\\/fr\\\/nuevo-club-winner\\\/#breadcrumb\"},\"inLanguage\":\"fr-FR\",\"potentialAction\":[{\"@type\":\"ReadAction\",\"target\":[\"https:\\\/\\\/gccb.com\\\/fr\\\/nuevo-club-winner\\\/\"]}]},{\"@type\":\"ImageObject\",\"inLanguage\":\"fr-FR\",\"@id\":\"https:\\\/\\\/gccb.com\\\/fr\\\/nuevo-club-winner\\\/#primaryimage\",\"url\":\"https:\\\/\\\/gccb.com\\\/wp-content\\\/uploads\\\/2025\\\/04\\\/Captura-de-pantalla-2025-04-02-001855-2-e1743572714885.png\",\"contentUrl\":\"https:\\\/\\\/gccb.com\\\/wp-content\\\/uploads\\\/2025\\\/04\\\/Captura-de-pantalla-2025-04-02-001855-2-e1743572714885.png\",\"width\":600,\"height\":860},{\"@type\":\"BreadcrumbList\",\"@id\":\"https:\\\/\\\/gccb.com\\\/fr\\\/nuevo-club-winner\\\/#breadcrumb\",\"itemListElement\":[{\"@type\":\"ListItem\",\"position\":1,\"name\":\"Home\",\"item\":\"https:\\\/\\\/gccb.com\\\/fr\\\/\"},{\"@type\":\"ListItem\",\"position\":2,\"name\":\"Nouveau Club Winner\"}]},{\"@type\":\"WebSite\",\"@id\":\"https:\\\/\\\/gccb.com\\\/#website\",\"url\":\"https:\\\/\\\/gccb.com\\\/\",\"name\":\"Gran Casino Costa Brava\",\"description\":\"Gran Casino Costa Brava\",\"potentialAction\":[{\"@type\":\"SearchAction\",\"target\":{\"@type\":\"EntryPoint\",\"urlTemplate\":\"https:\\\/\\\/gccb.com\\\/?s={search_term_string}\"},\"query-input\":{\"@type\":\"PropertyValueSpecification\",\"valueRequired\":true,\"valueName\":\"search_term_string\"}}],\"inLanguage\":\"fr-FR\"}]}<\/script>\n<!-- \/ Yoast SEO plugin. -->","yoast_head_json":{"title":"Nouveau Club Winner - Gran Casino Costa Brava","description":"BIENVENUE AU CLUB DES GAGNANTS DU CASINO! Chaque euro que vous jouez vous permettra d\u2019accumuler des points que vous pourrez \u00e9changer contre des prix!","robots":{"index":"index","follow":"follow","max-snippet":"max-snippet:-1","max-image-preview":"max-image-preview:large","max-video-preview":"max-video-preview:-1"},"canonical":"https:\/\/gccb.com\/fr\/nuevo-club-winner\/","og_locale":"fr_FR","og_type":"article","og_title":"Nouveau Club Winner - Gran Casino Costa Brava","og_description":"BIENVENUE AU CLUB DES GAGNANTS DU CASINO! Chaque euro que vous jouez vous permettra d\u2019accumuler des points que vous pourrez \u00e9changer contre des prix!","og_url":"https:\/\/gccb.com\/fr\/nuevo-club-winner\/","og_site_name":"Gran Casino Costa Brava","article_modified_time":"2025-05-08T15:20:06+00:00","og_image":[{"width":600,"height":860,"url":"https:\/\/gccb.com\/wp-content\/uploads\/2025\/04\/Captura-de-pantalla-2025-04-02-001855-2-e1743572714885.png","type":"image\/png"}],"twitter_card":"summary_large_image","twitter_misc":{"Dur\u00e9e de lecture estim\u00e9e":"8 minutes"},"schema":{"@context":"https:\/\/schema.org","@graph":[{"@type":"WebPage","@id":"https:\/\/gccb.com\/fr\/nuevo-club-winner\/","url":"https:\/\/gccb.com\/fr\/nuevo-club-winner\/","name":"Nouveau Club Winner - Gran Casino Costa Brava","isPartOf":{"@id":"https:\/\/gccb.com\/#website"},"primaryImageOfPage":{"@id":"https:\/\/gccb.com\/fr\/nuevo-club-winner\/#primaryimage"},"image":{"@id":"https:\/\/gccb.com\/fr\/nuevo-club-winner\/#primaryimage"},"thumbnailUrl":"https:\/\/gccb.com\/wp-content\/uploads\/2025\/04\/Captura-de-pantalla-2025-04-02-001855-2-e1743572714885.png","datePublished":"2025-04-01T21:15:14+00:00","dateModified":"2025-05-08T15:20:06+00:00","description":"BIENVENUE AU CLUB DES GAGNANTS DU CASINO! Chaque euro que vous jouez vous permettra d\u2019accumuler des points que vous pourrez \u00e9changer contre des prix!","breadcrumb":{"@id":"https:\/\/gccb.com\/fr\/nuevo-club-winner\/#breadcrumb"},"inLanguage":"fr-FR","potentialAction":[{"@type":"ReadAction","target":["https:\/\/gccb.com\/fr\/nuevo-club-winner\/"]}]},{"@type":"ImageObject","inLanguage":"fr-FR","@id":"https:\/\/gccb.com\/fr\/nuevo-club-winner\/#primaryimage","url":"https:\/\/gccb.com\/wp-content\/uploads\/2025\/04\/Captura-de-pantalla-2025-04-02-001855-2-e1743572714885.png","contentUrl":"https:\/\/gccb.com\/wp-content\/uploads\/2025\/04\/Captura-de-pantalla-2025-04-02-001855-2-e1743572714885.png","width":600,"height":860},{"@type":"BreadcrumbList","@id":"https:\/\/gccb.com\/fr\/nuevo-club-winner\/#breadcrumb","itemListElement":[{"@type":"ListItem","position":1,"name":"Home","item":"https:\/\/gccb.com\/fr\/"},{"@type":"ListItem","position":2,"name":"Nouveau Club Winner"}]},{"@type":"WebSite","@id":"https:\/\/gccb.com\/#website","url":"https:\/\/gccb.com\/","name":"Gran Casino Costa Brava","description":"Gran Casino Costa Brava","potentialAction":[{"@type":"SearchAction","target":{"@type":"EntryPoint","urlTemplate":"https:\/\/gccb.com\/?s={search_term_string}"},"query-input":{"@type":"PropertyValueSpecification","valueRequired":true,"valueName":"search_term_string"}}],"inLanguage":"fr-FR"}]}},"publishpress_future_workflow_manual_trigger":{"enabledWorkflows":[]},"_links":{"self":[{"href":"https:\/\/gccb.com\/fr\/wp-json\/wp\/v2\/pages\/35216","targetHints":{"allow":["GET"]}}],"collection":[{"href":"https:\/\/gccb.com\/fr\/wp-json\/wp\/v2\/pages"}],"about":[{"href":"https:\/\/gccb.com\/fr\/wp-json\/wp\/v2\/types\/page"}],"author":[{"embeddable":true,"href":"https:\/\/gccb.com\/fr\/wp-json\/wp\/v2\/users\/19"}],"replies":[{"embeddable":true,"href":"https:\/\/gccb.com\/fr\/wp-json\/wp\/v2\/comments?post=35216"}],"version-history":[{"count":4,"href":"https:\/\/gccb.com\/fr\/wp-json\/wp\/v2\/pages\/35216\/revisions"}],"predecessor-version":[{"id":35849,"href":"https:\/\/gccb.com\/fr\/wp-json\/wp\/v2\/pages\/35216\/revisions\/35849"}],"wp:featuredmedia":[{"embeddable":true,"href":"https:\/\/gccb.com\/fr\/wp-json\/wp\/v2\/media\/35407"}],"wp:attachment":[{"href":"https:\/\/gccb.com\/fr\/wp-json\/wp\/v2\/media?parent=35216"}],"curies":[{"name":"wp","href":"https:\/\/api.w.org\/{rel}","templated":true}]}}