{"id":33425,"date":"2024-10-02T20:23:17","date_gmt":"2024-10-02T18:23:17","guid":{"rendered":"https:\/\/gccb.com\/producto\/soiree-du-nouvel-an-2024\/"},"modified":"2024-10-02T20:23:17","modified_gmt":"2024-10-02T18:23:17","slug":"soiree-du-nouvel-an-2024","status":"publish","type":"product","link":"https:\/\/gccb.com\/fr\/producto\/soiree-du-nouvel-an-2024\/","title":{"rendered":"SOIR\u00c9E DU NOUVEL AN 2024"},"content":{"rendered":"<p><strong>MENU DU R\u00c9VEILLON DU NOUVEL AN<\/strong><\/p>\n<p><strong>Bienvenue<\/strong><br \/>\n(\u00e0 partir de 21h00)<\/p>\n<p><strong>Menu du d\u00eener de gala<\/strong><br \/>\n(le service commence \u00e0 21h30)<\/p>\n<p><strong>Ap\u00e9ritif<\/strong><br \/>\nCr\u00e8me de fruits de mer.<br \/>\nSachet de crevettes.<br \/>\nBonbon de foie.<\/p>\n<p><strong>Entr\u00e9es<\/strong><br \/>\nSalade de poulpe avec fraises, avocat et vinaigrette au miel et \u00e0 la moutarde.<\/p>\n<p><strong>Entr\u00e9e<\/strong><br \/>\nM\u00e9daillon de lotte \u00e0 l&#8217;ar\u00f4me de cava avec des palourdes.<\/p>\n<p><strong>Deuxi\u00e8me plat<\/strong><br \/>\nEntrec\u00f4te de b\u0153uf avec r\u00e9duction de porto et parmentier de patates douces.<\/p>\n<p><strong>Desserts<\/strong><br \/>\nMillefeuille de cr\u00e8me avec fruits et sauce au chocolat chaud.<br \/>\nCaf\u00e9s et infusions<br \/>\nSucreries de No\u00ebl et \u00ab raisins de la chance \u00bb.<\/p>\n<p><strong>La cave \u00e0 vin<\/strong><br \/>\nMin\u00e9raux et vins Marmellans D.O. Montsant.<\/p>\n<p>Comprend : ap\u00e9ritifs de bienvenue, menu du d\u00eener de gala, spectacle et r\u00e9ception.<br \/>\nCasino ouvert jusqu&#8217;\u00e0 04h00<\/p>\n","protected":false},"excerpt":{"rendered":"<p>L&#8217;ann\u00e9e touche \u00e0 sa fin, nous voulons lui dire au revoir avec style et nous aimerions la c\u00e9l\u00e9brer avec vous qui nous avez accompagn\u00e9s tout au long de l&#8217;ann\u00e9e.<\/p>\n<p>Nous commencerons par un verre de bienvenue, suivi d&#8217;un d\u00eener spectaculaire, avec de la musique pour animer le moment et un verre, et nous sommes s\u00fbrs que vous ne voudrez pas manquer cela !<\/p>\n<p><em><strong>(*) Les enfants de moins de 18 ans ne sont pas admis.<\/strong><\/em><\/p>\n<p><em><strong>(*) Tous les invit\u00e9s doivent \u00eatre enregistr\u00e9s sur pr\u00e9sentation d&#8217;une pi\u00e8ce d&#8217;identit\u00e9 valide \u00e0 l&#8217;entr\u00e9e.<\/strong><\/em><\/p>\n<p><em><strong>(*) Le Gran Casino Costa Brava recommande de porter des v\u00eatements adapt\u00e9s \u00e0 la r\u00e9gion.<\/strong><\/em><\/p>\n<p> <a class=\"more-link\" href=\"https:\/\/gccb.com\/fr\/producto\/soiree-du-nouvel-an-2024\/\">Lire la suite<\/a><\/p>","protected":false},"featured_media":32481,"template":"","meta":{"_acf_changed":false},"product_brand":[],"product_cat":[534,104],"product_tag":[],"class_list":{"0":"post-33425","1":"product","2":"type-product","3":"status-publish","4":"has-post-thumbnail","5":"product_cat-restauracion-fr","6":"product_cat-shows-fr","8":"first","9":"instock","10":"shipping-taxable","11":"purchasable","12":"product-type-simple"},"acf":[],"yoast_head":"<!-- This site is optimized with the Yoast SEO plugin v27.3 - https:\/\/yoast.com\/product\/yoast-seo-wordpress\/ -->\n<title>SOIR\u00c9E DU NOUVEL AN 2024 - Gran Casino Costa Brava<\/title>\n<meta name=\"robots\" content=\"index, follow, max-snippet:-1, max-image-preview:large, max-video-preview:-1\" \/>\n<link rel=\"canonical\" href=\"https:\/\/gccb.com\/fr\/producto\/soiree-du-nouvel-an-2024\/\" \/>\n<meta property=\"og:locale\" content=\"fr_FR\" \/>\n<meta property=\"og:type\" content=\"article\" \/>\n<meta property=\"og:title\" content=\"SOIR\u00c9E DU NOUVEL AN 2024 - Gran Casino Costa Brava\" \/>\n<meta property=\"og:description\" content=\"L&#039;ann\u00e9e touche \u00e0 sa fin, nous voulons lui dire au revoir avec style et nous aimerions la c\u00e9l\u00e9brer avec vous qui nous avez accompagn\u00e9s tout au long de l&#039;ann\u00e9e.  Nous commencerons par un verre de bienvenue, suivi d&#039;un d\u00eener spectaculaire, avec de la musique pour animer le moment et un verre, et nous sommes s\u00fbrs que vous ne voudrez pas manquer cela !  (*) Les enfants de moins de 18 ans ne sont pas admis.  (*) Tous les invit\u00e9s doivent \u00eatre enregistr\u00e9s sur pr\u00e9sentation d&#039;une pi\u00e8ce d&#039;identit\u00e9 valide \u00e0 l&#039;entr\u00e9e.  (*) Le Gran Casino Costa Brava recommande de porter des v\u00eatements adapt\u00e9s \u00e0 la r\u00e9gion.\" \/>\n<meta property=\"og:url\" content=\"https:\/\/gccb.com\/fr\/producto\/soiree-du-nouvel-an-2024\/\" \/>\n<meta property=\"og:site_name\" content=\"Gran Casino Costa Brava\" \/>\n<meta property=\"og:image\" content=\"https:\/\/gccb.com\/wp-content\/uploads\/2024\/10\/Fiesta-Fin-de-Ano_post-e1735564760790.jpg\" \/>\n\t<meta property=\"og:image:width\" content=\"1200\" \/>\n\t<meta property=\"og:image:height\" content=\"1200\" \/>\n\t<meta property=\"og:image:type\" content=\"image\/jpeg\" \/>\n<meta name=\"twitter:card\" content=\"summary_large_image\" \/>\n<meta name=\"twitter:label1\" content=\"Dur\u00e9e de lecture estim\u00e9e\" \/>\n\t<meta name=\"twitter:data1\" content=\"1 minute\" \/>\n<script type=\"application\/ld+json\" class=\"yoast-schema-graph\">{\"@context\":\"https:\\\/\\\/schema.org\",\"@graph\":[{\"@type\":\"WebPage\",\"@id\":\"https:\\\/\\\/gccb.com\\\/fr\\\/producto\\\/soiree-du-nouvel-an-2024\\\/\",\"url\":\"https:\\\/\\\/gccb.com\\\/fr\\\/producto\\\/soiree-du-nouvel-an-2024\\\/\",\"name\":\"SOIR\u00c9E DU NOUVEL AN 2024 - Gran Casino Costa Brava\",\"isPartOf\":{\"@id\":\"https:\\\/\\\/gccb.com\\\/#website\"},\"primaryImageOfPage\":{\"@id\":\"https:\\\/\\\/gccb.com\\\/fr\\\/producto\\\/soiree-du-nouvel-an-2024\\\/#primaryimage\"},\"image\":{\"@id\":\"https:\\\/\\\/gccb.com\\\/fr\\\/producto\\\/soiree-du-nouvel-an-2024\\\/#primaryimage\"},\"thumbnailUrl\":\"https:\\\/\\\/gccb.com\\\/wp-content\\\/uploads\\\/2024\\\/10\\\/Fiesta-Fin-de-Ano_post-e1735564760790.jpg\",\"datePublished\":\"2024-10-02T18:23:17+00:00\",\"breadcrumb\":{\"@id\":\"https:\\\/\\\/gccb.com\\\/fr\\\/producto\\\/soiree-du-nouvel-an-2024\\\/#breadcrumb\"},\"inLanguage\":\"fr-FR\",\"potentialAction\":[{\"@type\":\"ReadAction\",\"target\":[\"https:\\\/\\\/gccb.com\\\/fr\\\/producto\\\/soiree-du-nouvel-an-2024\\\/\"]}]},{\"@type\":\"ImageObject\",\"inLanguage\":\"fr-FR\",\"@id\":\"https:\\\/\\\/gccb.com\\\/fr\\\/producto\\\/soiree-du-nouvel-an-2024\\\/#primaryimage\",\"url\":\"https:\\\/\\\/gccb.com\\\/wp-content\\\/uploads\\\/2024\\\/10\\\/Fiesta-Fin-de-Ano_post-e1735564760790.jpg\",\"contentUrl\":\"https:\\\/\\\/gccb.com\\\/wp-content\\\/uploads\\\/2024\\\/10\\\/Fiesta-Fin-de-Ano_post-e1735564760790.jpg\",\"width\":1200,\"height\":1200},{\"@type\":\"BreadcrumbList\",\"@id\":\"https:\\\/\\\/gccb.com\\\/fr\\\/producto\\\/soiree-du-nouvel-an-2024\\\/#breadcrumb\",\"itemListElement\":[{\"@type\":\"ListItem\",\"position\":1,\"name\":\"Home\",\"item\":\"https:\\\/\\\/gccb.com\\\/fr\\\/\"},{\"@type\":\"ListItem\",\"position\":2,\"name\":\"Boutique\",\"item\":\"https:\\\/\\\/gccb.com\\\/fr\\\/boutique\\\/\"},{\"@type\":\"ListItem\",\"position\":3,\"name\":\"SOIR\u00c9E DU NOUVEL AN 2024\"}]},{\"@type\":\"WebSite\",\"@id\":\"https:\\\/\\\/gccb.com\\\/#website\",\"url\":\"https:\\\/\\\/gccb.com\\\/\",\"name\":\"Gran Casino Costa Brava\",\"description\":\"Gran Casino Costa Brava\",\"potentialAction\":[{\"@type\":\"SearchAction\",\"target\":{\"@type\":\"EntryPoint\",\"urlTemplate\":\"https:\\\/\\\/gccb.com\\\/?s={search_term_string}\"},\"query-input\":{\"@type\":\"PropertyValueSpecification\",\"valueRequired\":true,\"valueName\":\"search_term_string\"}}],\"inLanguage\":\"fr-FR\"}]}<\/script>\n<!-- \/ Yoast SEO plugin. -->","yoast_head_json":{"title":"SOIR\u00c9E DU NOUVEL AN 2024 - Gran Casino Costa Brava","robots":{"index":"index","follow":"follow","max-snippet":"max-snippet:-1","max-image-preview":"max-image-preview:large","max-video-preview":"max-video-preview:-1"},"canonical":"https:\/\/gccb.com\/fr\/producto\/soiree-du-nouvel-an-2024\/","og_locale":"fr_FR","og_type":"article","og_title":"SOIR\u00c9E DU NOUVEL AN 2024 - Gran Casino Costa Brava","og_description":"L'ann\u00e9e touche \u00e0 sa fin, nous voulons lui dire au revoir avec style et nous aimerions la c\u00e9l\u00e9brer avec vous qui nous avez accompagn\u00e9s tout au long de l'ann\u00e9e.  Nous commencerons par un verre de bienvenue, suivi d'un d\u00eener spectaculaire, avec de la musique pour animer le moment et un verre, et nous sommes s\u00fbrs que vous ne voudrez pas manquer cela !  (*) Les enfants de moins de 18 ans ne sont pas admis.  (*) Tous les invit\u00e9s doivent \u00eatre enregistr\u00e9s sur pr\u00e9sentation d'une pi\u00e8ce d'identit\u00e9 valide \u00e0 l'entr\u00e9e.  (*) Le Gran Casino Costa Brava recommande de porter des v\u00eatements adapt\u00e9s \u00e0 la r\u00e9gion.","og_url":"https:\/\/gccb.com\/fr\/producto\/soiree-du-nouvel-an-2024\/","og_site_name":"Gran Casino Costa Brava","og_image":[{"width":1200,"height":1200,"url":"https:\/\/gccb.com\/wp-content\/uploads\/2024\/10\/Fiesta-Fin-de-Ano_post-e1735564760790.jpg","type":"image\/jpeg"}],"twitter_card":"summary_large_image","twitter_misc":{"Dur\u00e9e de lecture estim\u00e9e":"1 minute"},"schema":{"@context":"https:\/\/schema.org","@graph":[{"@type":"WebPage","@id":"https:\/\/gccb.com\/fr\/producto\/soiree-du-nouvel-an-2024\/","url":"https:\/\/gccb.com\/fr\/producto\/soiree-du-nouvel-an-2024\/","name":"SOIR\u00c9E DU NOUVEL AN 2024 - Gran Casino Costa Brava","isPartOf":{"@id":"https:\/\/gccb.com\/#website"},"primaryImageOfPage":{"@id":"https:\/\/gccb.com\/fr\/producto\/soiree-du-nouvel-an-2024\/#primaryimage"},"image":{"@id":"https:\/\/gccb.com\/fr\/producto\/soiree-du-nouvel-an-2024\/#primaryimage"},"thumbnailUrl":"https:\/\/gccb.com\/wp-content\/uploads\/2024\/10\/Fiesta-Fin-de-Ano_post-e1735564760790.jpg","datePublished":"2024-10-02T18:23:17+00:00","breadcrumb":{"@id":"https:\/\/gccb.com\/fr\/producto\/soiree-du-nouvel-an-2024\/#breadcrumb"},"inLanguage":"fr-FR","potentialAction":[{"@type":"ReadAction","target":["https:\/\/gccb.com\/fr\/producto\/soiree-du-nouvel-an-2024\/"]}]},{"@type":"ImageObject","inLanguage":"fr-FR","@id":"https:\/\/gccb.com\/fr\/producto\/soiree-du-nouvel-an-2024\/#primaryimage","url":"https:\/\/gccb.com\/wp-content\/uploads\/2024\/10\/Fiesta-Fin-de-Ano_post-e1735564760790.jpg","contentUrl":"https:\/\/gccb.com\/wp-content\/uploads\/2024\/10\/Fiesta-Fin-de-Ano_post-e1735564760790.jpg","width":1200,"height":1200},{"@type":"BreadcrumbList","@id":"https:\/\/gccb.com\/fr\/producto\/soiree-du-nouvel-an-2024\/#breadcrumb","itemListElement":[{"@type":"ListItem","position":1,"name":"Home","item":"https:\/\/gccb.com\/fr\/"},{"@type":"ListItem","position":2,"name":"Boutique","item":"https:\/\/gccb.com\/fr\/boutique\/"},{"@type":"ListItem","position":3,"name":"SOIR\u00c9E DU NOUVEL AN 2024"}]},{"@type":"WebSite","@id":"https:\/\/gccb.com\/#website","url":"https:\/\/gccb.com\/","name":"Gran Casino Costa Brava","description":"Gran Casino Costa Brava","potentialAction":[{"@type":"SearchAction","target":{"@type":"EntryPoint","urlTemplate":"https:\/\/gccb.com\/?s={search_term_string}"},"query-input":{"@type":"PropertyValueSpecification","valueRequired":true,"valueName":"search_term_string"}}],"inLanguage":"fr-FR"}]}},"publishpress_future_action":{"enabled":false,"date":"2026-04-30 01:13:33","action":"change-status","newStatus":"trash","terms":[],"taxonomy":"product_brand","extraData":[]},"publishpress_future_workflow_manual_trigger":{"enabledWorkflows":[]},"_links":{"self":[{"href":"https:\/\/gccb.com\/fr\/wp-json\/wp\/v2\/product\/33425","targetHints":{"allow":["GET"]}}],"collection":[{"href":"https:\/\/gccb.com\/fr\/wp-json\/wp\/v2\/product"}],"about":[{"href":"https:\/\/gccb.com\/fr\/wp-json\/wp\/v2\/types\/product"}],"version-history":[{"count":0,"href":"https:\/\/gccb.com\/fr\/wp-json\/wp\/v2\/product\/33425\/revisions"}],"wp:featuredmedia":[{"embeddable":true,"href":"https:\/\/gccb.com\/fr\/wp-json\/wp\/v2\/media\/32481"}],"wp:attachment":[{"href":"https:\/\/gccb.com\/fr\/wp-json\/wp\/v2\/media?parent=33425"}],"wp:term":[{"taxonomy":"product_brand","embeddable":true,"href":"https:\/\/gccb.com\/fr\/wp-json\/wp\/v2\/product_brand?post=33425"},{"taxonomy":"product_cat","embeddable":true,"href":"https:\/\/gccb.com\/fr\/wp-json\/wp\/v2\/product_cat?post=33425"},{"taxonomy":"product_tag","embeddable":true,"href":"https:\/\/gccb.com\/fr\/wp-json\/wp\/v2\/product_tag?post=33425"}],"curies":[{"name":"wp","href":"https:\/\/api.w.org\/{rel}","templated":true}]}}