{"id":33447,"date":"2024-11-29T12:53:47","date_gmt":"2024-11-29T11:53:47","guid":{"rendered":"https:\/\/gccb.com\/producto\/menu-du-chef-decembr2024\/"},"modified":"2024-12-10T17:20:21","modified_gmt":"2024-12-10T16:20:21","slug":"menu-du-chef-decembr2024","status":"publish","type":"product","link":"https:\/\/gccb.com\/fr\/producto\/menu-du-chef-decembr2024\/","title":{"rendered":"MENU DU CHEF &#8211; D\u00c9CEMBR2024"},"content":{"rendered":"<p><img fetchpriority=\"high\" decoding=\"async\" class=\"alignnone size-full wp-image-33466\" src=\"https:\/\/gccb.com\/wp-content\/uploads\/2024\/11\/Menu-Diciembre.png\" alt=\"\" width=\"1080\" height=\"1080\" data-mce-src=\"https:\/\/gccb.com\/wp-content\/uploads\/2024\/11\/Menu-Diciembre.png\" srcset=\"https:\/\/gccb.com\/wp-content\/uploads\/2024\/11\/Menu-Diciembre.png 1080w, https:\/\/gccb.com\/wp-content\/uploads\/2024\/11\/Menu-Diciembre-300x300.png 300w, https:\/\/gccb.com\/wp-content\/uploads\/2024\/11\/Menu-Diciembre-1024x1024.png 1024w, https:\/\/gccb.com\/wp-content\/uploads\/2024\/11\/Menu-Diciembre-150x150.png 150w, https:\/\/gccb.com\/wp-content\/uploads\/2024\/11\/Menu-Diciembre-768x768.png 768w, https:\/\/gccb.com\/wp-content\/uploads\/2024\/11\/Menu-Diciembre-600x600.png 600w, https:\/\/gccb.com\/wp-content\/uploads\/2024\/11\/Menu-Diciembre-100x100.png 100w\" sizes=\"(max-width: 1080px) 100vw, 1080px\" \/><\/p>\n","protected":false},"excerpt":{"rendered":"<p>Ce menu sera disponible les vendredis et samedis du mois de d\u00e9cembre. Vous pourrez \u00e9galement le d\u00e9guster du 24 au 30 d\u00e9cembre 2024.<\/p>\n<p> <a class=\"more-link\" href=\"https:\/\/gccb.com\/fr\/producto\/menu-du-chef-decembr2024\/\">Lire la suite<\/a><\/p>","protected":false},"featured_media":33206,"template":"","meta":{"_acf_changed":false},"product_brand":[],"product_cat":[534],"product_tag":[535,760,541],"class_list":{"0":"post-33447","1":"product","2":"type-product","3":"status-publish","4":"has-post-thumbnail","5":"product_cat-restauracion-fr","6":"product_tag-menu-fr","7":"product_tag-menu-diciembre-fr","8":"product_tag-menu-du-chef","10":"first","11":"instock","12":"shipping-taxable","13":"purchasable","14":"product-type-simple"},"acf":[],"yoast_head":"<!-- This site is optimized with the Yoast SEO plugin v27.3 - https:\/\/yoast.com\/product\/yoast-seo-wordpress\/ -->\n<title>MENU DU CHEF - D\u00c9CEMBR2024 - Gran Casino Costa Brava<\/title>\n<meta name=\"robots\" content=\"index, follow, max-snippet:-1, max-image-preview:large, max-video-preview:-1\" \/>\n<link rel=\"canonical\" href=\"https:\/\/gccb.com\/fr\/producto\/menu-du-chef-decembr2024\/\" \/>\n<meta property=\"og:locale\" content=\"fr_FR\" \/>\n<meta property=\"og:type\" content=\"article\" \/>\n<meta property=\"og:title\" content=\"MENU DU CHEF - D\u00c9CEMBR2024 - Gran Casino Costa Brava\" \/>\n<meta property=\"og:description\" content=\"Ce menu sera disponible les vendredis et samedis du mois de d\u00e9cembre. Vous pourrez \u00e9galement le d\u00e9guster du 24 au 30 d\u00e9cembre 2024.\" \/>\n<meta property=\"og:url\" content=\"https:\/\/gccb.com\/fr\/producto\/menu-du-chef-decembr2024\/\" \/>\n<meta property=\"og:site_name\" content=\"Gran Casino Costa Brava\" \/>\n<meta property=\"article:modified_time\" content=\"2024-12-10T16:20:21+00:00\" \/>\n<meta property=\"og:image\" content=\"https:\/\/gccb.com\/wp-content\/uploads\/2024\/11\/1-e1733360339555.png\" \/>\n\t<meta property=\"og:image:width\" content=\"1080\" \/>\n\t<meta property=\"og:image:height\" content=\"1080\" \/>\n\t<meta property=\"og:image:type\" content=\"image\/png\" \/>\n<meta name=\"twitter:card\" content=\"summary_large_image\" \/>\n<meta name=\"twitter:label1\" content=\"Dur\u00e9e de lecture estim\u00e9e\" \/>\n\t<meta name=\"twitter:data1\" content=\"1 minute\" \/>\n<script type=\"application\/ld+json\" class=\"yoast-schema-graph\">{\"@context\":\"https:\\\/\\\/schema.org\",\"@graph\":[{\"@type\":\"WebPage\",\"@id\":\"https:\\\/\\\/gccb.com\\\/fr\\\/producto\\\/menu-du-chef-decembr2024\\\/\",\"url\":\"https:\\\/\\\/gccb.com\\\/fr\\\/producto\\\/menu-du-chef-decembr2024\\\/\",\"name\":\"MENU DU CHEF - D\u00c9CEMBR2024 - Gran Casino Costa Brava\",\"isPartOf\":{\"@id\":\"https:\\\/\\\/gccb.com\\\/#website\"},\"primaryImageOfPage\":{\"@id\":\"https:\\\/\\\/gccb.com\\\/fr\\\/producto\\\/menu-du-chef-decembr2024\\\/#primaryimage\"},\"image\":{\"@id\":\"https:\\\/\\\/gccb.com\\\/fr\\\/producto\\\/menu-du-chef-decembr2024\\\/#primaryimage\"},\"thumbnailUrl\":\"https:\\\/\\\/gccb.com\\\/wp-content\\\/uploads\\\/2024\\\/11\\\/1-e1733360339555.png\",\"datePublished\":\"2024-11-29T11:53:47+00:00\",\"dateModified\":\"2024-12-10T16:20:21+00:00\",\"breadcrumb\":{\"@id\":\"https:\\\/\\\/gccb.com\\\/fr\\\/producto\\\/menu-du-chef-decembr2024\\\/#breadcrumb\"},\"inLanguage\":\"fr-FR\",\"potentialAction\":[{\"@type\":\"ReadAction\",\"target\":[\"https:\\\/\\\/gccb.com\\\/fr\\\/producto\\\/menu-du-chef-decembr2024\\\/\"]}]},{\"@type\":\"ImageObject\",\"inLanguage\":\"fr-FR\",\"@id\":\"https:\\\/\\\/gccb.com\\\/fr\\\/producto\\\/menu-du-chef-decembr2024\\\/#primaryimage\",\"url\":\"https:\\\/\\\/gccb.com\\\/wp-content\\\/uploads\\\/2024\\\/11\\\/1-e1733360339555.png\",\"contentUrl\":\"https:\\\/\\\/gccb.com\\\/wp-content\\\/uploads\\\/2024\\\/11\\\/1-e1733360339555.png\",\"width\":1080,\"height\":1080},{\"@type\":\"BreadcrumbList\",\"@id\":\"https:\\\/\\\/gccb.com\\\/fr\\\/producto\\\/menu-du-chef-decembr2024\\\/#breadcrumb\",\"itemListElement\":[{\"@type\":\"ListItem\",\"position\":1,\"name\":\"Home\",\"item\":\"https:\\\/\\\/gccb.com\\\/fr\\\/\"},{\"@type\":\"ListItem\",\"position\":2,\"name\":\"Boutique\",\"item\":\"https:\\\/\\\/gccb.com\\\/fr\\\/boutique\\\/\"},{\"@type\":\"ListItem\",\"position\":3,\"name\":\"MENU DU CHEF &#8211; D\u00c9CEMBR2024\"}]},{\"@type\":\"WebSite\",\"@id\":\"https:\\\/\\\/gccb.com\\\/#website\",\"url\":\"https:\\\/\\\/gccb.com\\\/\",\"name\":\"Gran Casino Costa Brava\",\"description\":\"Gran Casino Costa Brava\",\"potentialAction\":[{\"@type\":\"SearchAction\",\"target\":{\"@type\":\"EntryPoint\",\"urlTemplate\":\"https:\\\/\\\/gccb.com\\\/?s={search_term_string}\"},\"query-input\":{\"@type\":\"PropertyValueSpecification\",\"valueRequired\":true,\"valueName\":\"search_term_string\"}}],\"inLanguage\":\"fr-FR\"}]}<\/script>\n<!-- \/ Yoast SEO plugin. -->","yoast_head_json":{"title":"MENU DU CHEF - D\u00c9CEMBR2024 - Gran Casino Costa Brava","robots":{"index":"index","follow":"follow","max-snippet":"max-snippet:-1","max-image-preview":"max-image-preview:large","max-video-preview":"max-video-preview:-1"},"canonical":"https:\/\/gccb.com\/fr\/producto\/menu-du-chef-decembr2024\/","og_locale":"fr_FR","og_type":"article","og_title":"MENU DU CHEF - D\u00c9CEMBR2024 - Gran Casino Costa Brava","og_description":"Ce menu sera disponible les vendredis et samedis du mois de d\u00e9cembre. Vous pourrez \u00e9galement le d\u00e9guster du 24 au 30 d\u00e9cembre 2024.","og_url":"https:\/\/gccb.com\/fr\/producto\/menu-du-chef-decembr2024\/","og_site_name":"Gran Casino Costa Brava","article_modified_time":"2024-12-10T16:20:21+00:00","og_image":[{"width":1080,"height":1080,"url":"https:\/\/gccb.com\/wp-content\/uploads\/2024\/11\/1-e1733360339555.png","type":"image\/png"}],"twitter_card":"summary_large_image","twitter_misc":{"Dur\u00e9e de lecture estim\u00e9e":"1 minute"},"schema":{"@context":"https:\/\/schema.org","@graph":[{"@type":"WebPage","@id":"https:\/\/gccb.com\/fr\/producto\/menu-du-chef-decembr2024\/","url":"https:\/\/gccb.com\/fr\/producto\/menu-du-chef-decembr2024\/","name":"MENU DU CHEF - D\u00c9CEMBR2024 - Gran Casino Costa Brava","isPartOf":{"@id":"https:\/\/gccb.com\/#website"},"primaryImageOfPage":{"@id":"https:\/\/gccb.com\/fr\/producto\/menu-du-chef-decembr2024\/#primaryimage"},"image":{"@id":"https:\/\/gccb.com\/fr\/producto\/menu-du-chef-decembr2024\/#primaryimage"},"thumbnailUrl":"https:\/\/gccb.com\/wp-content\/uploads\/2024\/11\/1-e1733360339555.png","datePublished":"2024-11-29T11:53:47+00:00","dateModified":"2024-12-10T16:20:21+00:00","breadcrumb":{"@id":"https:\/\/gccb.com\/fr\/producto\/menu-du-chef-decembr2024\/#breadcrumb"},"inLanguage":"fr-FR","potentialAction":[{"@type":"ReadAction","target":["https:\/\/gccb.com\/fr\/producto\/menu-du-chef-decembr2024\/"]}]},{"@type":"ImageObject","inLanguage":"fr-FR","@id":"https:\/\/gccb.com\/fr\/producto\/menu-du-chef-decembr2024\/#primaryimage","url":"https:\/\/gccb.com\/wp-content\/uploads\/2024\/11\/1-e1733360339555.png","contentUrl":"https:\/\/gccb.com\/wp-content\/uploads\/2024\/11\/1-e1733360339555.png","width":1080,"height":1080},{"@type":"BreadcrumbList","@id":"https:\/\/gccb.com\/fr\/producto\/menu-du-chef-decembr2024\/#breadcrumb","itemListElement":[{"@type":"ListItem","position":1,"name":"Home","item":"https:\/\/gccb.com\/fr\/"},{"@type":"ListItem","position":2,"name":"Boutique","item":"https:\/\/gccb.com\/fr\/boutique\/"},{"@type":"ListItem","position":3,"name":"MENU DU CHEF &#8211; D\u00c9CEMBR2024"}]},{"@type":"WebSite","@id":"https:\/\/gccb.com\/#website","url":"https:\/\/gccb.com\/","name":"Gran Casino Costa Brava","description":"Gran Casino Costa Brava","potentialAction":[{"@type":"SearchAction","target":{"@type":"EntryPoint","urlTemplate":"https:\/\/gccb.com\/?s={search_term_string}"},"query-input":{"@type":"PropertyValueSpecification","valueRequired":true,"valueName":"search_term_string"}}],"inLanguage":"fr-FR"}]}},"publishpress_future_action":{"enabled":false,"date":"2026-04-30 05:23:32","action":"change-status","newStatus":"trash","terms":[],"taxonomy":"product_brand","extraData":[]},"publishpress_future_workflow_manual_trigger":{"enabledWorkflows":[]},"_links":{"self":[{"href":"https:\/\/gccb.com\/fr\/wp-json\/wp\/v2\/product\/33447","targetHints":{"allow":["GET"]}}],"collection":[{"href":"https:\/\/gccb.com\/fr\/wp-json\/wp\/v2\/product"}],"about":[{"href":"https:\/\/gccb.com\/fr\/wp-json\/wp\/v2\/types\/product"}],"version-history":[{"count":3,"href":"https:\/\/gccb.com\/fr\/wp-json\/wp\/v2\/product\/33447\/revisions"}],"predecessor-version":[{"id":33475,"href":"https:\/\/gccb.com\/fr\/wp-json\/wp\/v2\/product\/33447\/revisions\/33475"}],"wp:featuredmedia":[{"embeddable":true,"href":"https:\/\/gccb.com\/fr\/wp-json\/wp\/v2\/media\/33206"}],"wp:attachment":[{"href":"https:\/\/gccb.com\/fr\/wp-json\/wp\/v2\/media?parent=33447"}],"wp:term":[{"taxonomy":"product_brand","embeddable":true,"href":"https:\/\/gccb.com\/fr\/wp-json\/wp\/v2\/product_brand?post=33447"},{"taxonomy":"product_cat","embeddable":true,"href":"https:\/\/gccb.com\/fr\/wp-json\/wp\/v2\/product_cat?post=33447"},{"taxonomy":"product_tag","embeddable":true,"href":"https:\/\/gccb.com\/fr\/wp-json\/wp\/v2\/product_tag?post=33447"}],"curies":[{"name":"wp","href":"https:\/\/api.w.org\/{rel}","templated":true}]}}